{"id":149990,"date":"2025-04-03T14:11:14","date_gmt":"2025-04-03T12:11:14","guid":{"rendered":"https:\/\/secureus.se\/apollo-orb-mb-00001-apo-orbis-series-kontinuitetsbrytare-timesaver-base-vit\/"},"modified":"2026-04-23T13:17:30","modified_gmt":"2026-04-23T11:17:30","slug":"apollo-orb-mb-00001-apo-orbis-series-kontinuitetsbrytare-timesaver-base-vit","status":"publish","type":"product","link":"https:\/\/secureus.se\/de\/apollo-orb-mb-00001-apo-orbis-series-kontinuitetsbrytare-timesaver-base-vit\/","title":{"rendered":"Apollo ORB-MB-00001-APO Orbis Series Durchgangsschalter TimeSaver Base, wei\u00df"},"content":{"rendered":"<h1>Apollo ORB-MB-00001-APO Durchgangsschalter der Orbis-Serie TimeSaver-Basis<\/h1>\n<p class=\"\" data-start=\"472\" data-end=\"897\">Die TimeSaver-Basis des Apollo Orbis Durchgangsschalters ist f\u00fcr die Optimierung der Installation von Brandmeldern konzipiert, indem sie eine offene Arbeitsfl\u00e4che mit Montagel\u00f6chern bietet, die eine schnelle und einfache Montage erm\u00f6glichen.<\/p>\n<p class=\"\" data-start=\"472\" data-end=\"897\">Die Basis ist mit einer LED-Ausrichtungsmarkierung versehen, die es dem Installateur erm\u00f6glicht, die Detektoren richtig zu positionieren, um sicherzustellen, dass die LEDs in die richtige Richtung ausgerichtet sind.<\/p>\n<p class=\"\" data-start=\"899\" data-end=\"1390\">Die TimeSaver Base ist eine perfekte L\u00f6sung f\u00fcr die Verwendung mit der Apollo Series 65 und fr\u00fcheren Modellen herk\u00f6mmlicher Detektoren.<\/p>\n<p class=\"\" data-start=\"899\" data-end=\"1390\">Es ist sowohl funktional als auch zuverl\u00e4ssig und verf\u00fcgt \u00fcber eine CE-Kennzeichnung sowie die Einhaltung der geltenden Sicherheitsnormen.<\/p>\n<p class=\"\" data-start=\"899\" data-end=\"1390\">Der Sockel besteht aus PC-Material und hat eine Tiefe von 20 mm, was eine dauerhafte und stabile Installation gew\u00e4hrleistet.<\/p>\n<p class=\"\" data-start=\"899\" data-end=\"1390\">Mit seinen zwei Befestigungspunkten und der robusten Bauweise kann er in verschiedenen Sicherheitssystemen eingesetzt werden, um eine effektive Erkennung zu gew\u00e4hrleisten.<\/p>\n<p class=\"\" data-start=\"1392\" data-end=\"1422\"><strong data-start=\"1392\" data-end=\"1420\">Hauptmerkmale:<\/strong><\/p>\n<ul data-start=\"1423\" data-end=\"1660\">\n<li class=\"\" data-start=\"1423\" data-end=\"1442\">\n<p class=\"\" data-start=\"1425\" data-end=\"1442\">Zwei Befestigungspunkte<\/p>\n<\/li>\n<li class=\"\" data-start=\"1443\" data-end=\"1467\">\n<p class=\"\" data-start=\"1445\" data-end=\"1467\">LED-Ausrichtungsmarkierung<\/p>\n<\/li>\n<li class=\"\" data-start=\"1468\" data-end=\"1520\">\n<p class=\"\" data-start=\"1470\" data-end=\"1520\">Unterst\u00fctzte Ger\u00e4te: W\u00e4rmemelder, Rauchmelder<\/p>\n<\/li>\n<li class=\"\" data-start=\"1521\" data-end=\"1595\">\n<p class=\"\" data-start=\"1523\" data-end=\"1595\">Kompatibel mit Apollo Series 65 und fr\u00fcheren konventionellen Detektoren<\/p>\n<\/li>\n<li class=\"\" data-start=\"1596\" data-end=\"1660\">\n<p class=\"\" data-start=\"1598\" data-end=\"1660\">CE-gekennzeichnet und zertifiziert f\u00fcr den Einsatz in Sicherheitssystemen<\/p>\n<\/li>\n<\/ul>\n<p class=\"\" data-start=\"1662\" data-end=\"1693\"><strong data-start=\"1662\" data-end=\"1691\">Technische Spezifikationen:<\/strong><\/p>\n<ul data-start=\"1694\" data-end=\"1875\">\n<li class=\"\" data-start=\"1694\" data-end=\"1709\">\n<p class=\"\" data-start=\"1696\" data-end=\"1709\">Tiefe: 20 mm<\/p>\n<\/li>\n<li class=\"\" data-start=\"1710\" data-end=\"1726\">\n<p class=\"\" data-start=\"1712\" data-end=\"1726\">Farbe: Silber<\/p>\n<\/li>\n<li class=\"\" data-start=\"1727\" data-end=\"1758\">\n<p class=\"\" data-start=\"1729\" data-end=\"1758\">Material: PC (Polycarbonat)<\/p>\n<\/li>\n<li class=\"\" data-start=\"1759\" data-end=\"1801\">\n<p class=\"\" data-start=\"1761\" data-end=\"1801\">Zertifizierungen: CE-Kennzeichnung, konform<\/p>\n<\/li>\n<li class=\"\" data-start=\"1802\" data-end=\"1875\">\n<p class=\"\" data-start=\"1804\" data-end=\"1875\">Kompatibilit\u00e4t: Apollo Serie 65 und fr\u00fchere konventionelle Detektoren<\/p>\n<\/li>\n<\/ul>","protected":false},"excerpt":{"rendered":"<p>Der Apollo Orbis Durchgangsschalter TimeSaver Base bietet eine effektive L\u00f6sung f\u00fcr die schnelle Installation von Brandmeldern.<\/p>\n<p>Mit zwei Befestigungspunkten und einer LED-Ausrichtungsmarkierung ist die Installation einfach und schnell. Es ist mit der Apollo-Serie 65 und fr\u00fcheren konventionellen Detektoren kompatibel.<\/p>","protected":false},"featured_media":149989,"template":"","meta":{"_acf_changed":false},"product_brand":[],"product_cat":[4749],"product_tag":[],"class_list":{"0":"post-149990","1":"product","2":"type-product","3":"status-publish","4":"has-post-thumbnail","6":"product_cat-orbis-serien","7":"pa_brands-apollo-fire-detectors","8":"tm-no-options","10":"first","11":"instock","12":"taxable","13":"shipping-taxable","14":"purchasable","15":"product-type-simple"},"acf":[],"_links":{"self":[{"href":"https:\/\/secureus.se\/de\/wp-json\/wp\/v2\/product\/149990","targetHints":{"allow":["GET"]}}],"collection":[{"href":"https:\/\/secureus.se\/de\/wp-json\/wp\/v2\/product"}],"about":[{"href":"https:\/\/secureus.se\/de\/wp-json\/wp\/v2\/types\/product"}],"wp:featuredmedia":[{"embeddable":true,"href":"https:\/\/secureus.se\/de\/wp-json\/wp\/v2\/media\/149989"}],"wp:attachment":[{"href":"https:\/\/secureus.se\/de\/wp-json\/wp\/v2\/media?parent=149990"}],"wp:term":[{"taxonomy":"product_brand","embeddable":true,"href":"https:\/\/secureus.se\/de\/wp-json\/wp\/v2\/product_brand?post=149990"},{"taxonomy":"product_cat","embeddable":true,"href":"https:\/\/secureus.se\/de\/wp-json\/wp\/v2\/product_cat?post=149990"},{"taxonomy":"product_tag","embeddable":true,"href":"https:\/\/secureus.se\/de\/wp-json\/wp\/v2\/product_tag?post=149990"}],"curies":[{"name":"wp","href":"https:\/\/api.w.org\/{rel}","templated":true}]}}