{"id":149992,"date":"2025-04-03T14:11:14","date_gmt":"2025-04-03T12:11:14","guid":{"rendered":"https:\/\/secureus.se\/apollo-orb-mb-50018-apo-orbis-series-egensaker-timesaver-bas-vit\/"},"modified":"2026-04-23T13:18:24","modified_gmt":"2026-04-23T11:18:24","slug":"apollo-orb-mb-50018-apo-orbis-series-egensaker-timesaver-bas-vit","status":"publish","type":"product","link":"https:\/\/secureus.se\/de\/apollo-orb-mb-50018-apo-orbis-series-egensaker-timesaver-bas-vit\/","title":{"rendered":"Apollo ORB-MB-50018-APO Eigensichere TimeSaver-Basis der Orbis-Serie, wei\u00df"},"content":{"rendered":"<h1>Apollo ORB-MB-50018-APO Orbis Series eigensichere TimeSaver-Basis<\/h1>\n<p class=\"\" data-start=\"558\" data-end=\"1130\">Apollo Orbis IS TimeSaver Base ist eine innovative L\u00f6sung f\u00fcr Brandmelder, die sowohl die Installation als auch die Verwendung vereinfacht.<\/p>\n<p class=\"\" data-start=\"558\" data-end=\"1130\">Es ist speziell auf Eigensicherheit ausgelegt und kann daher in gef\u00e4hrlichen Umgebungen eingesetzt werden.<\/p>\n<p class=\"\" data-start=\"558\" data-end=\"1130\">Die Basis verf\u00fcgt \u00fcber zwei Befestigungspunkte und ist mit LED-Ausrichtungsmarkierungen f\u00fcr eine einfache Installation und korrekte Ausrichtung der Detektoren mit LED-Anzeigen ausgestattet.<\/p>\n<p class=\"\" data-start=\"558\" data-end=\"1130\">Dar\u00fcber hinaus sind die Klemmschrauben gegen Herausfallen w\u00e4hrend der Montage gesichert, was dem Installateur Zeit spart und die Arbeit erleichtert.<\/p>\n<p class=\"\" data-start=\"1132\" data-end=\"1520\">Das Produkt ist CE-gekennzeichnet und erf\u00fcllt die Anforderungen der Schiffsausr\u00fcstungsrichtlinie 2014\/90\/EU, wodurch es f\u00fcr den Einsatz auf Schiffen geeignet ist.<\/p>\n<p class=\"\" data-start=\"1132\" data-end=\"1520\">Mit mehreren Befestigungspunkten und einer Kabelzugf\u00fchrung erm\u00f6glicht die Orbis IS TimeSaver Base eine schnelle und bequeme Installation.<\/p>\n<p class=\"\" data-start=\"1132\" data-end=\"1520\">Die Basis unterst\u00fctzt Detektoren wie W\u00e4rmemelder und Rauchmelder und kann in Systemen verwendet werden, die einen sicheren und stabilen Betrieb in Gefahrenbereichen erfordern.<\/p>\n<p class=\"\" data-start=\"1522\" data-end=\"1552\"><strong data-start=\"1522\" data-end=\"1550\">Hauptmerkmale:<\/strong><\/p>\n<ul data-start=\"1553\" data-end=\"1871\">\n<li class=\"\" data-start=\"1553\" data-end=\"1572\">\n<p class=\"\" data-start=\"1555\" data-end=\"1572\">Zwei Befestigungspunkte<\/p>\n<\/li>\n<li class=\"\" data-start=\"1573\" data-end=\"1597\">\n<p class=\"\" data-start=\"1575\" data-end=\"1597\">LED-Ausrichtungsmarkierung<\/p>\n<\/li>\n<li class=\"\" data-start=\"1598\" data-end=\"1650\">\n<p class=\"\" data-start=\"1600\" data-end=\"1650\">Unterst\u00fctzte Ger\u00e4te: W\u00e4rmemelder, Rauchmelder<\/p>\n<\/li>\n<li class=\"\" data-start=\"1651\" data-end=\"1697\">\n<p class=\"\" data-start=\"1653\" data-end=\"1697\">Gruppierte Klemmen f\u00fcr einfache Verdrahtung<\/p>\n<\/li>\n<li class=\"\" data-start=\"1698\" data-end=\"1774\">\n<p class=\"\" data-start=\"1700\" data-end=\"1774\">CE-gekennzeichnet und zertifiziert gem\u00e4\u00df der Schiffsausr\u00fcstungsrichtlinie 2014\/90\/EU<\/p>\n<\/li>\n<li class=\"\" data-start=\"1775\" data-end=\"1811\">\n<p class=\"\" data-start=\"1777\" data-end=\"1811\">Halterung zur sicheren Kabelabschirmung<\/p>\n<\/li>\n<li class=\"\" data-start=\"1812\" data-end=\"1871\">\n<p class=\"\" data-start=\"1814\" data-end=\"1871\">Eigensicheres Design f\u00fcr den Einsatz in explosionsgef\u00e4hrdeten Umgebungen<\/p>\n<\/li>\n<\/ul>\n<p class=\"\" data-start=\"1873\" data-end=\"1904\"><strong data-start=\"1873\" data-end=\"1902\">Technische Spezifikationen:<\/strong><\/p>\n<ul data-start=\"1905\" data-end=\"2038\">\n<li class=\"\" data-start=\"1905\" data-end=\"1921\">\n<p class=\"\" data-start=\"1907\" data-end=\"1921\">Farbe: Silber<\/p>\n<\/li>\n<li class=\"\" data-start=\"1922\" data-end=\"1950\">\n<p class=\"\" data-start=\"1924\" data-end=\"1950\">Zertifizierungen: CE-Kennzeichnung<\/p>\n<\/li>\n<li class=\"\" data-start=\"1951\" data-end=\"1994\">\n<p class=\"\" data-start=\"1953\" data-end=\"1994\">Eigensicher nach ATEX und IECEx<\/p>\n<\/li>\n<li class=\"\" data-start=\"1995\" data-end=\"2038\">\n<p class=\"\" data-start=\"1997\" data-end=\"2038\">Kompatibel mit W\u00e4rme- und Rauchmeldern<\/p>\n<\/li>\n<\/ul>","protected":false},"excerpt":{"rendered":"<p>Die Apollo Orbis IS TimeSaver Base ist eine eigensichere Basis, die f\u00fcr eine schnelle und einfache Installation konzipiert ist.<\/p>\n<p>Ausgestattet mit zwei Befestigungspunkten und einer LED-Ausrichtungsmarkierung bietet es dem Installateur eine effiziente Arbeitsfl\u00e4che f\u00fcr die Montage von Meldern wie W\u00e4rme- und Rauchmeldern.<\/p>\n<p>Der CE-gekennzeichnete Sockel entspricht den Sicherheitsnormen und erleichtert durch seine gruppenverbundenen Anschl\u00fcsse die Installation.<\/p>","protected":false},"featured_media":149991,"template":"","meta":{"_acf_changed":false},"product_brand":[],"product_cat":[4749],"product_tag":[],"class_list":{"0":"post-149992","1":"product","2":"type-product","3":"status-publish","4":"has-post-thumbnail","6":"product_cat-orbis-serien","7":"pa_brands-apollo-fire-detectors","8":"tm-no-options","10":"first","11":"instock","12":"taxable","13":"shipping-taxable","14":"purchasable","15":"product-type-simple"},"acf":[],"_links":{"self":[{"href":"https:\/\/secureus.se\/de\/wp-json\/wp\/v2\/product\/149992","targetHints":{"allow":["GET"]}}],"collection":[{"href":"https:\/\/secureus.se\/de\/wp-json\/wp\/v2\/product"}],"about":[{"href":"https:\/\/secureus.se\/de\/wp-json\/wp\/v2\/types\/product"}],"wp:featuredmedia":[{"embeddable":true,"href":"https:\/\/secureus.se\/de\/wp-json\/wp\/v2\/media\/149991"}],"wp:attachment":[{"href":"https:\/\/secureus.se\/de\/wp-json\/wp\/v2\/media?parent=149992"}],"wp:term":[{"taxonomy":"product_brand","embeddable":true,"href":"https:\/\/secureus.se\/de\/wp-json\/wp\/v2\/product_brand?post=149992"},{"taxonomy":"product_cat","embeddable":true,"href":"https:\/\/secureus.se\/de\/wp-json\/wp\/v2\/product_cat?post=149992"},{"taxonomy":"product_tag","embeddable":true,"href":"https:\/\/secureus.se\/de\/wp-json\/wp\/v2\/product_tag?post=149992"}],"curies":[{"name":"wp","href":"https:\/\/api.w.org\/{rel}","templated":true}]}}