{"id":149994,"date":"2025-04-03T14:11:13","date_gmt":"2025-04-03T12:11:13","guid":{"rendered":"https:\/\/secureus.se\/apollo-45681-519apo-orbis-series-vattentat-uppvarmd-basskydd\/"},"modified":"2026-04-09T11:30:04","modified_gmt":"2026-04-09T09:30:04","slug":"apollo-45681-519apo-orbis-series-vattentat-uppvarmd-basskydd","status":"publish","type":"product","link":"https:\/\/secureus.se\/de\/apollo-45681-519apo-orbis-series-vattentat-uppvarmd-basskydd\/","title":{"rendered":"Apollo 45681-519APO Orbis-Serie, wasserdichte beheizte Basisabdeckung"},"content":{"rendered":"<h1>Apollo 45681-519APO Orbis-Serie, wasserdichte beheizte Basisabdeckung<\/h1>\n<p>Die wasserdichte beheizte Basisabdeckung der Apollo Orbis-Serie (Modell 45681-519APO) ist ein unverzichtbares Zubeh\u00f6r f\u00fcr Ihre beheizte Orbis-Basis.<\/p>\n<p>Die Abdeckung soll vor Witterungseinfl\u00fcssen sch\u00fctzen und die Integrit\u00e4t des Ger\u00e4ts unter allen Bedingungen bewahren.<\/p>\n<p>Dank ihrer wasserfesten Konstruktion sch\u00fctzt diese Abdeckung Ihre beheizte Basis vor Feuchtigkeit und Sch\u00e4den, die bei rauen Wetterbedingungen auftreten k\u00f6nnen.<\/p>\n<p class=\"\" data-start=\"845\" data-end=\"1109\">Diese Basisabdeckung ist eine zuverl\u00e4ssige und wichtige Komponente, um die langfristige Haltbarkeit und Funktionalit\u00e4t Ihrer Orbis Base \u2013 Heated sicherzustellen. Das Produkt ist CE-gekennzeichnet und erf\u00fcllt die relevanten Sicherheitsanforderungen, um den Benutzern bei der Installation und Verwendung ein sicheres Gef\u00fchl zu geben.<\/p>\n<p class=\"\" data-start=\"1111\" data-end=\"1141\"><strong data-start=\"1111\" data-end=\"1139\">Hauptmerkmale:<\/strong><\/p>\n<ul data-start=\"1142\" data-end=\"1289\">\n<li class=\"\" data-start=\"1142\" data-end=\"1197\">\n<p class=\"\" data-start=\"1144\" data-end=\"1197\">Wasserdichte Abdeckung f\u00fcr Orbis Base \u2013 beheizt<\/p>\n<\/li>\n<li class=\"\" data-start=\"1198\" data-end=\"1213\">\n<p class=\"\" data-start=\"1200\" data-end=\"1213\">CE-Kennzeichnung<\/p>\n<\/li>\n<li class=\"\" data-start=\"1214\" data-end=\"1289\">\n<p class=\"\" data-start=\"1216\" data-end=\"1289\">Gew\u00e4hrleistet dauerhaften Schutz und Funktionalit\u00e4t bei allen Wetterbedingungen<\/p>\n<\/li>\n<\/ul>\n<p class=\"\" data-start=\"1291\" data-end=\"1322\"><strong data-start=\"1291\" data-end=\"1320\">Technische Spezifikationen:<\/strong><\/p>\n<ul data-start=\"1323\" data-end=\"1460\">\n<li class=\"\" data-start=\"1323\" data-end=\"1360\">\n<p class=\"\" data-start=\"1325\" data-end=\"1360\">Kompatibilit\u00e4t: Orbis Base Heated<\/p>\n<\/li>\n<li class=\"\" data-start=\"1361\" data-end=\"1392\">\n<p class=\"\" data-start=\"1363\" data-end=\"1392\">Zertifizierungen: CE-Kennzeichnung<\/p>\n<\/li>\n<li class=\"\" data-start=\"1393\" data-end=\"1460\">\n<p class=\"\" data-start=\"1395\" data-end=\"1460\">Sonstiges: Wasserfeste Konstruktion f\u00fcr besten Schutz und Haltbarkeit<\/p>\n<\/li>\n<\/ul>","protected":false},"excerpt":{"rendered":"<p>Die wasserdichte Abdeckung f\u00fcr die beheizte Basis der Apollo Orbis-Serie wurde entwickelt, um Ihrer beheizten Orbis-Basis maximalen Schutz und Haltbarkeit zu bieten.<\/p>\n<p>Diese wasserdichte L\u00f6sung stellt sicher, dass Ihre Basis bei allen Wetterbedingungen gesch\u00fctzt bleibt und ihre Funktionalit\u00e4t beh\u00e4lt.<\/p>","protected":false},"featured_media":149993,"template":"","meta":{"_acf_changed":false},"product_brand":[],"product_cat":[4749],"product_tag":[],"class_list":{"0":"post-149994","1":"product","2":"type-product","3":"status-publish","4":"has-post-thumbnail","6":"product_cat-orbis-serien","7":"pa_brands-apollo-fire-detectors","8":"tm-no-options","10":"first","11":"instock","12":"taxable","13":"shipping-taxable","14":"purchasable","15":"product-type-simple"},"acf":[],"_links":{"self":[{"href":"https:\/\/secureus.se\/de\/wp-json\/wp\/v2\/product\/149994","targetHints":{"allow":["GET"]}}],"collection":[{"href":"https:\/\/secureus.se\/de\/wp-json\/wp\/v2\/product"}],"about":[{"href":"https:\/\/secureus.se\/de\/wp-json\/wp\/v2\/types\/product"}],"wp:featuredmedia":[{"embeddable":true,"href":"https:\/\/secureus.se\/de\/wp-json\/wp\/v2\/media\/149993"}],"wp:attachment":[{"href":"https:\/\/secureus.se\/de\/wp-json\/wp\/v2\/media?parent=149994"}],"wp:term":[{"taxonomy":"product_brand","embeddable":true,"href":"https:\/\/secureus.se\/de\/wp-json\/wp\/v2\/product_brand?post=149994"},{"taxonomy":"product_cat","embeddable":true,"href":"https:\/\/secureus.se\/de\/wp-json\/wp\/v2\/product_cat?post=149994"},{"taxonomy":"product_tag","embeddable":true,"href":"https:\/\/secureus.se\/de\/wp-json\/wp\/v2\/product_tag?post=149994"}],"curies":[{"name":"wp","href":"https:\/\/api.w.org\/{rel}","templated":true}]}}