{"id":149996,"date":"2025-04-03T14:11:10","date_gmt":"2025-04-03T12:11:10","guid":{"rendered":"https:\/\/secureus.se\/apollo-pp2632-orbis-series-optisk-rokdetektor-vit\/"},"modified":"2026-04-09T11:30:16","modified_gmt":"2026-04-09T09:30:16","slug":"apollo-pp2632-orbis-series-optisk-rokdetektor-vit","status":"publish","type":"product","link":"https:\/\/secureus.se\/de\/apollo-pp2632-orbis-series-optisk-rokdetektor-vit\/","title":{"rendered":"Apollo PP2632 Orbis Serie Optischer Rauchmelder, Wei\u00df"},"content":{"rendered":"<h1>Optischer Rauchmelder der Apollo PP2632 Orbis-Serie<\/h1>\n<p class=\"\" data-start=\"521\" data-end=\"960\">Der optische Rauchmelder Apollo Orbis wurde entwickelt, um Brandmeldesysteme mit seiner fortschrittlichen Technologie und Zuverl\u00e4ssigkeit zu verbessern.<\/p>\n<p class=\"\" data-start=\"521\" data-end=\"960\">Durch die Verwendung des Lichtstreuungsprinzips bietet es eine verbesserte Empfindlichkeit gegen\u00fcber schwarzem und wei\u00dfem Rauch.<\/p>\n<p class=\"\" data-start=\"521\" data-end=\"960\">Ein einzigartiger Vorteil von Orbis ist seine F\u00e4higkeit, schwarzen Rauch effektiv zu bew\u00e4ltigen, was ihn von herk\u00f6mmlichen Rauchmeldern unterscheidet, die bei wei\u00dfem Rauch eine bessere Leistung aufweisen.<\/p>\n<p class=\"\" data-start=\"962\" data-end=\"1352\">Ein weiteres wichtiges Merkmal sind die Algorithmen zur Unterdr\u00fcckung vor\u00fcbergehender Alarme, die die Anzahl der Fehlalarme reduzieren und sicherstellen, dass der Melder nicht auf Umgebungs\u00e4nderungen oder nicht mit Brand in Zusammenhang stehende Ph\u00e4nomene reagiert.<\/p>\n<p class=\"\" data-start=\"962\" data-end=\"1352\">Die automatische Driftkompensation und die DirtAlert\u00ae-Technologie erleichtern die Identifizierung verschmutzter Detektoren durch eine gelb blinkende LED und erm\u00f6glichen so eine schnelle und effiziente Wartung.<\/p>\n<p class=\"\" data-start=\"1354\" data-end=\"1602\">Mit einer Betriebstemperatur von -40 \u00b0C bis +70 \u00b0C und der Schutzart IP23D ist dieser Detektor sowohl im Innen- als auch im Au\u00dfenbereich zuverl\u00e4ssig.<\/p>\n<p class=\"\" data-start=\"1354\" data-end=\"1602\">Dar\u00fcber hinaus weist es einen geringen Stromverbrauch auf und ist mit der Apollo-Serie 65 und fr\u00fcheren herk\u00f6mmlichen Detektoren kompatibel.<\/p>\n<p class=\"\" data-start=\"1604\" data-end=\"1634\"><strong data-start=\"1604\" data-end=\"1632\">Hauptmerkmale:<\/strong><\/p>\n<ul data-start=\"1635\" data-end=\"2031\">\n<li class=\"\" data-start=\"1635\" data-end=\"1697\">\n<p class=\"\" data-start=\"1637\" data-end=\"1697\">Algorithmen zur Ablehnung transienter Signale und Reduzierung von Fehlalarmen<\/p>\n<\/li>\n<li class=\"\" data-start=\"1698\" data-end=\"1792\">\n<p class=\"\" data-start=\"1700\" data-end=\"1792\">Automatische Driftkompensation mit DirtAlert\u00ae zur einfachen Identifizierung verschmutzter Detektoren<\/p>\n<\/li>\n<li class=\"\" data-start=\"1793\" data-end=\"1832\">\n<p class=\"\" data-start=\"1795\" data-end=\"1832\">Verbesserte Empfindlichkeit gegen\u00fcber schwarzem Rauch<\/p>\n<\/li>\n<li class=\"\" data-start=\"1833\" data-end=\"1898\">\n<p class=\"\" data-start=\"1835\" data-end=\"1898\">Verbesserte Leistung bei Schwelbr\u00e4nden und schnell brennenden Br\u00e4nden<\/p>\n<\/li>\n<li class=\"\" data-start=\"1899\" data-end=\"1973\">\n<p class=\"\" data-start=\"1901\" data-end=\"1973\">Kompatibel mit Apollo Series 65 und fr\u00fcheren konventionellen Detektoren<\/p>\n<\/li>\n<li class=\"\" data-start=\"1974\" data-end=\"2031\">\n<p class=\"\" data-start=\"1976\" data-end=\"2031\">CE-gekennzeichnet und entspricht den EMV- und Bauprodukterichtlinien<\/p>\n<\/li>\n<\/ul>\n<p class=\"\" data-start=\"2033\" data-end=\"2064\"><strong data-start=\"2033\" data-end=\"2062\">Technische Spezifikationen:<\/strong><\/p>\n<ul data-start=\"2065\" data-end=\"2293\">\n<li class=\"\" data-start=\"2065\" data-end=\"2081\">\n<p class=\"\" data-start=\"2067\" data-end=\"2081\">Farbe: Silber<\/p>\n<\/li>\n<li class=\"\" data-start=\"2082\" data-end=\"2108\">\n<p class=\"\" data-start=\"2084\" data-end=\"2108\">Material: Polycarbonat<\/p>\n<\/li>\n<li class=\"\" data-start=\"2109\" data-end=\"2124\">\n<p class=\"\" data-start=\"2111\" data-end=\"2124\">H\u00f6he: 31mm<\/p>\n<\/li>\n<li class=\"\" data-start=\"2125\" data-end=\"2144\">\n<p class=\"\" data-start=\"2127\" data-end=\"2144\">Durchmesser: 97 mm<\/p>\n<\/li>\n<li class=\"\" data-start=\"2145\" data-end=\"2170\">\n<p class=\"\" data-start=\"2147\" data-end=\"2170\">Gewicht: 75 g (ohne Sockel)<\/p>\n<\/li>\n<li class=\"\" data-start=\"2171\" data-end=\"2203\">\n<p class=\"\" data-start=\"2173\" data-end=\"2203\">Stromversorgung: 8,5\u201333 V DC<\/p>\n<\/li>\n<li class=\"\" data-start=\"2204\" data-end=\"2242\">\n<p class=\"\" data-start=\"2206\" data-end=\"2242\">Betriebstemperatur: -40\u00b0C bis +70\u00b0C<\/p>\n<\/li>\n<li class=\"\" data-start=\"2243\" data-end=\"2271\">\n<p class=\"\" data-start=\"2245\" data-end=\"2271\">IP-Schutzart: IP23D<\/p>\n<\/li>\n<li class=\"\" data-start=\"2272\" data-end=\"2293\">\n<p class=\"\" data-start=\"2274\" data-end=\"2293\">Garantiezeit: 10 Jahre<\/p>\n<\/li>\n<\/ul>","protected":false},"excerpt":{"rendered":"<p>Der optische Rauchmelder Apollo Orbis bietet eine verbesserte Empfindlichkeit gegen\u00fcber schwarzem Rauch und reduziert das Risiko von Fehlalarmen durch fortschrittliche Algorithmen zur Unterdr\u00fcckung vor\u00fcbergehender St\u00f6rungen.<\/p>\n<p>Ausgestattet mit der DirtAlert\u00ae-Technologie zur automatischen Driftkompensation warnt es mit einer gelb blinkenden LED vor verschmutzten Detektoren.<\/p>\n<p>Ideal zur Fr\u00fchwarnung vor Schwelbr\u00e4nden.<\/p>","protected":false},"featured_media":149995,"template":"","meta":{"_acf_changed":false},"product_brand":[],"product_cat":[4749],"product_tag":[],"class_list":{"0":"post-149996","1":"product","2":"type-product","3":"status-publish","4":"has-post-thumbnail","6":"product_cat-orbis-serien","7":"pa_brands-apollo-fire-detectors","8":"tm-no-options","10":"first","11":"instock","12":"taxable","13":"shipping-taxable","14":"purchasable","15":"product-type-simple"},"acf":[],"_links":{"self":[{"href":"https:\/\/secureus.se\/de\/wp-json\/wp\/v2\/product\/149996","targetHints":{"allow":["GET"]}}],"collection":[{"href":"https:\/\/secureus.se\/de\/wp-json\/wp\/v2\/product"}],"about":[{"href":"https:\/\/secureus.se\/de\/wp-json\/wp\/v2\/types\/product"}],"wp:featuredmedia":[{"embeddable":true,"href":"https:\/\/secureus.se\/de\/wp-json\/wp\/v2\/media\/149995"}],"wp:attachment":[{"href":"https:\/\/secureus.se\/de\/wp-json\/wp\/v2\/media?parent=149996"}],"wp:term":[{"taxonomy":"product_brand","embeddable":true,"href":"https:\/\/secureus.se\/de\/wp-json\/wp\/v2\/product_brand?post=149996"},{"taxonomy":"product_cat","embeddable":true,"href":"https:\/\/secureus.se\/de\/wp-json\/wp\/v2\/product_cat?post=149996"},{"taxonomy":"product_tag","embeddable":true,"href":"https:\/\/secureus.se\/de\/wp-json\/wp\/v2\/product_tag?post=149996"}],"curies":[{"name":"wp","href":"https:\/\/api.w.org\/{rel}","templated":true}]}}