{"id":150000,"date":"2025-04-03T14:11:09","date_gmt":"2025-04-03T12:11:09","guid":{"rendered":"https:\/\/secureus.se\/apollo-pp5037-orbis-series-egensaker-optisk-rokdetektor-vit\/"},"modified":"2026-04-16T15:36:21","modified_gmt":"2026-04-16T13:36:21","slug":"apollo-pp5037-orbis-series-egensaker-optisk-rokdetektor-vit","status":"publish","type":"product","link":"https:\/\/secureus.se\/de\/apollo-pp5037-orbis-series-egensaker-optisk-rokdetektor-vit\/","title":{"rendered":"Apollo PP5037 Orbis Serie Eigensicherer optischer Rauchmelder, Wei\u00df"},"content":{"rendered":"<h1>Apollo PP5037 Orbis-Serie Eigensicherer optischer Rauchmelder<\/h1>\n<p class=\"\" data-start=\"469\" data-end=\"988\">Der optische Rauchmelder Apollo Orbis IS ist eine leistungsstarke L\u00f6sung zur zuverl\u00e4ssigen Erkennung von Br\u00e4nden, insbesondere von langsam brennenden oder schwelenden Br\u00e4nden.<\/p>\n<p class=\"\" data-start=\"469\" data-end=\"988\">Durch die Verwendung des Lichtstreuungsprinzips misst es das von Rauchgasen gestreute Licht und ist daher sehr effektiv bei der Erkennung von schwarzem und wei\u00dfem Rauch.<\/p>\n<p class=\"\" data-start=\"469\" data-end=\"988\">Das Modell Orbis IS bietet eine verbesserte Empfindlichkeit gegen\u00fcber schwarzem Rauch und ist damit herk\u00f6mmlichen optischen Meldern \u00fcberlegen, die empfindlicher auf wei\u00dfen Rauch reagieren.<\/p>\n<p class=\"\" data-start=\"990\" data-end=\"1347\">Ein weiteres wichtiges Merkmal sind die Algorithmen, die durch das Herausfiltern vor\u00fcbergehender St\u00f6rungen zur Reduzierung von Fehlalarmen beitragen und sicherstellen, dass der Melder nicht auf nicht mit Feuer in Zusammenhang stehende Ph\u00e4nomene wie Rauch von Zigaretten oder anderen Quellen reagiert.<\/p>\n<p class=\"\" data-start=\"990\" data-end=\"1347\">Die DirtAlert\u00ae-Technologie informiert, wenn der Detektor gereinigt werden muss, und SensAlert\u00ae warnt, wenn der Detektor nicht ordnungsgem\u00e4\u00df funktioniert.<\/p>\n<p class=\"\" data-start=\"1349\" data-end=\"1675\">Mit einem Betriebstemperaturbereich von -40 \u00b0C bis +70 \u00b0C und der Schutzart IP23D ist dieser Detektor sowohl in rauen als auch in unterschiedlichen Umgebungen zuverl\u00e4ssig.<\/p>\n<p class=\"\" data-start=\"1349\" data-end=\"1675\">Es ist CE-gekennzeichnet, eigensicher und erf\u00fcllt mehrere internationale Zertifizierungen, sodass es sich perfekt f\u00fcr den Einsatz in gef\u00e4hrlichen Umgebungen wie Land- und Seeanlagen eignet.<\/p>\n<p class=\"\" data-start=\"1677\" data-end=\"1707\"><strong data-start=\"1677\" data-end=\"1705\">Hauptmerkmale:<\/strong><\/p>\n<ul data-start=\"1708\" data-end=\"2083\">\n<li class=\"\" data-start=\"1708\" data-end=\"1747\">\n<p class=\"\" data-start=\"1710\" data-end=\"1747\">Verbesserte Empfindlichkeit gegen\u00fcber schwarzem Rauch<\/p>\n<\/li>\n<li class=\"\" data-start=\"1748\" data-end=\"1820\">\n<p class=\"\" data-start=\"1750\" data-end=\"1820\">Reduziert Fehlalarme durch fortschrittliche Transientenmanagement-Algorithmen<\/p>\n<\/li>\n<li class=\"\" data-start=\"1821\" data-end=\"1893\">\n<p class=\"\" data-start=\"1823\" data-end=\"1893\">Enth\u00e4lt DirtAlert\u00ae zur einfachen Identifizierung verschmutzter Detektoren<\/p>\n<\/li>\n<li class=\"\" data-start=\"1894\" data-end=\"1958\">\n<p class=\"\" data-start=\"1896\" data-end=\"1958\">SensAlert\u00ae zeigt an, wenn der Sensor nicht richtig funktioniert<\/p>\n<\/li>\n<li class=\"\" data-start=\"1959\" data-end=\"2026\">\n<p class=\"\" data-start=\"1961\" data-end=\"2026\">CE-gekennzeichnet und eigensicher f\u00fcr den Einsatz in gef\u00e4hrlichen Umgebungen<\/p>\n<\/li>\n<li class=\"\" data-start=\"2027\" data-end=\"2083\">\n<p class=\"\" data-start=\"2029\" data-end=\"2083\">Kompatibel mit Innen- und Au\u00dfeninstallationen<\/p>\n<\/li>\n<\/ul>\n<p class=\"\" data-start=\"2085\" data-end=\"2116\"><strong data-start=\"2085\" data-end=\"2114\">Technische Spezifikationen:<\/strong><\/p>\n<ul data-start=\"2117\" data-end=\"2380\">\n<li class=\"\" data-start=\"2117\" data-end=\"2133\">\n<p class=\"\" data-start=\"2119\" data-end=\"2133\">Farbe: Silber<\/p>\n<\/li>\n<li class=\"\" data-start=\"2134\" data-end=\"2149\">\n<p class=\"\" data-start=\"2136\" data-end=\"2149\">H\u00f6he: 42mm<\/p>\n<\/li>\n<li class=\"\" data-start=\"2150\" data-end=\"2170\">\n<p class=\"\" data-start=\"2152\" data-end=\"2170\">Durchmesser: 100 mm<\/p>\n<\/li>\n<li class=\"\" data-start=\"2171\" data-end=\"2196\">\n<p class=\"\" data-start=\"2173\" data-end=\"2196\">Gewicht: 75 g (ohne Sockel)<\/p>\n<\/li>\n<li class=\"\" data-start=\"2197\" data-end=\"2225\">\n<p class=\"\" data-start=\"2199\" data-end=\"2225\">Leistungsbeschreibung: 28 V DC<\/p>\n<\/li>\n<li class=\"\" data-start=\"2226\" data-end=\"2258\">\n<p class=\"\" data-start=\"2228\" data-end=\"2258\">Temperatur: -40\u00b0C bis +70\u00b0C<\/p>\n<\/li>\n<li class=\"\" data-start=\"2259\" data-end=\"2287\">\n<p class=\"\" data-start=\"2261\" data-end=\"2287\">IP-Schutzart: IP23D<\/p>\n<\/li>\n<li class=\"\" data-start=\"2288\" data-end=\"2309\">\n<p class=\"\" data-start=\"2290\" data-end=\"2309\">Garantiezeit: 10 Jahre<\/p>\n<\/li>\n<li class=\"\" data-start=\"2310\" data-end=\"2380\">\n<p class=\"\" data-start=\"2312\" data-end=\"2380\">Zertifizierungen: CE-Kennzeichnung, ATEX, IECEx, MED, VdS, LPCB und mehr<\/p>\n<\/li>\n<\/ul>","protected":false},"excerpt":{"rendered":"<p>Der eigensichere optische Rauchmelder Apollo Orbis bietet eine verbesserte Empfindlichkeit gegen\u00fcber schwarzem Rauch und reduziert Fehlalarme durch fortschrittliche Algorithmen zur Transientenbehandlung.<\/p>\n<p>Ideal zur Fr\u00fchwarnung vor Br\u00e4nden im Innen- und Au\u00dfenbereich.<\/p>","protected":false},"featured_media":149999,"template":"","meta":{"_acf_changed":false},"product_brand":[],"product_cat":[4749],"product_tag":[],"class_list":{"0":"post-150000","1":"product","2":"type-product","3":"status-publish","4":"has-post-thumbnail","6":"product_cat-orbis-serien","7":"pa_brands-apollo-fire-detectors","8":"tm-no-options","10":"first","11":"instock","12":"taxable","13":"shipping-taxable","14":"purchasable","15":"product-type-simple"},"acf":[],"_links":{"self":[{"href":"https:\/\/secureus.se\/de\/wp-json\/wp\/v2\/product\/150000","targetHints":{"allow":["GET"]}}],"collection":[{"href":"https:\/\/secureus.se\/de\/wp-json\/wp\/v2\/product"}],"about":[{"href":"https:\/\/secureus.se\/de\/wp-json\/wp\/v2\/types\/product"}],"wp:featuredmedia":[{"embeddable":true,"href":"https:\/\/secureus.se\/de\/wp-json\/wp\/v2\/media\/149999"}],"wp:attachment":[{"href":"https:\/\/secureus.se\/de\/wp-json\/wp\/v2\/media?parent=150000"}],"wp:term":[{"taxonomy":"product_brand","embeddable":true,"href":"https:\/\/secureus.se\/de\/wp-json\/wp\/v2\/product_brand?post=150000"},{"taxonomy":"product_cat","embeddable":true,"href":"https:\/\/secureus.se\/de\/wp-json\/wp\/v2\/product_cat?post=150000"},{"taxonomy":"product_tag","embeddable":true,"href":"https:\/\/secureus.se\/de\/wp-json\/wp\/v2\/product_tag?post=150000"}],"curies":[{"name":"wp","href":"https:\/\/api.w.org\/{rel}","templated":true}]}}