{"id":150002,"date":"2025-04-03T14:07:52","date_gmt":"2025-04-03T12:07:52","guid":{"rendered":"https:\/\/secureus.se\/apollo-55100-940apo-xp95-series-egenkontrollerad-manuell-anropspunkt\/"},"modified":"2026-04-16T15:37:31","modified_gmt":"2026-04-16T13:37:31","slug":"apollo-55100-940apo-xp95-series-egenkontrollerad-manuell-anropspunkt","status":"publish","type":"product","link":"https:\/\/secureus.se\/de\/apollo-55100-940apo-xp95-series-egenkontrollerad-manuell-anropspunkt\/","title":{"rendered":"Apollo 55100-940APO Selbstgesteuerter manueller Melder der Serie XP95"},"content":{"rendered":"<h1>Apollo 55100-940APO Selbstgesteuerter manueller Melder der Serie XP95<\/h1>\n<p>Der manuelle Meldepunkt (MCP) Apollo XP95 IS ist ein robustes und zuverl\u00e4ssiges Ger\u00e4t, das f\u00fcr den Einsatz in explosiven Atmosph\u00e4ren und gef\u00e4hrlichen Umgebungen entwickelt wurde.<\/p>\n<p>Es arbeitet in einem Spannungsbereich von 14\u201322 V DC und ist mit einem DIL-Schalter zur einfachen Adresseinstellung ausgestattet.<\/p>\n<p>Nach der Aktivierung meldet das MCP seine Adresse schnell an die Brandmeldezentrale und erm\u00f6glicht so die Meldung des Alarmstatus und der Position in weniger als 0,2 Sekunden.<\/p>\n<p>Der manuelle Melder verf\u00fcgt \u00fcber eine rote Alarm-LED, die bei Aktivierung aufleuchtet. Das Zur\u00fccksetzen erfolgt einfach \u00fcber eine Testtaste und das Dr\u00fccken der Frontabdeckung.<\/p>\n<p>Zur Vereinfachung der Installation verf\u00fcgt das MCP \u00fcber eine Klemmenblockl\u00f6sung zur schnellen Verdrahtung, die die Installationszeit erheblich verk\u00fcrzt.<\/p>\n<p>Es ist au\u00dferdem wasserdicht und wetterfest (IP67) und eignet sich daher sowohl f\u00fcr die Installation im Innen- als auch im Au\u00dfenbereich.<\/p>\n<p>Der Apollo 55100-940APO ist nach mehreren internationalen Standards zertifiziert, darunter ATEX und IECEx, und verf\u00fcgt \u00fcber eine 10-j\u00e4hrige Garantie.<\/p>\n<p class=\"\" data-start=\"1606\" data-end=\"1636\"><strong data-start=\"1606\" data-end=\"1634\">Hauptmerkmale:<\/strong><\/p>\n<ul data-start=\"1637\" data-end=\"1999\">\n<li class=\"\" data-start=\"1637\" data-end=\"1676\">\n<p class=\"\" data-start=\"1639\" data-end=\"1676\">Wasserdicht und wetterfest (IP67)<\/p>\n<\/li>\n<li class=\"\" data-start=\"1677\" data-end=\"1744\">\n<p class=\"\" data-start=\"1679\" data-end=\"1744\">Konzipiert f\u00fcr den Einsatz in explosionsgef\u00e4hrdeten Bereichen (ATEX, IECEx)<\/p>\n<\/li>\n<li class=\"\" data-start=\"1745\" data-end=\"1808\">\n<p class=\"\" data-start=\"1747\" data-end=\"1808\">\u201ePlug and Play\u201c-Anschlussverbindungen f\u00fcr eine schnelle Installation<\/p>\n<\/li>\n<li class=\"\" data-start=\"1809\" data-end=\"1852\">\n<p class=\"\" data-start=\"1811\" data-end=\"1852\">Rote Alarm-LED zur einfachen Statusanzeige<\/p>\n<\/li>\n<li class=\"\" data-start=\"1853\" data-end=\"1908\">\n<p class=\"\" data-start=\"1855\" data-end=\"1908\">Adressmeldung bei Aktivierung f\u00fcr schnelle Reaktion<\/p>\n<\/li>\n<li class=\"\" data-start=\"1909\" data-end=\"1940\">\n<p class=\"\" data-start=\"1911\" data-end=\"1940\">R\u00fccksetzbar \u00fcber Pr\u00fcftaste<\/p>\n<\/li>\n<li class=\"\" data-start=\"1941\" data-end=\"1999\">\n<p class=\"\" data-start=\"1943\" data-end=\"1999\">Kompatibel mit Innen- und Au\u00dfeninstallationen<\/p>\n<\/li>\n<\/ul>\n<p class=\"\" data-start=\"2001\" data-end=\"2032\"><strong data-start=\"2001\" data-end=\"2030\">Technische Spezifikationen:<\/strong><\/p>\n<ul data-start=\"2033\" data-end=\"2340\">\n<li class=\"\" data-start=\"2033\" data-end=\"2046\">\n<p class=\"\" data-start=\"2035\" data-end=\"2046\">Farbe: Rot<\/p>\n<\/li>\n<li class=\"\" data-start=\"2047\" data-end=\"2082\">\n<p class=\"\" data-start=\"2049\" data-end=\"2082\">Abmessungen: 99 mm x 94,5 mm x 73,5 mm<\/p>\n<\/li>\n<li class=\"\" data-start=\"2083\" data-end=\"2098\">\n<p class=\"\" data-start=\"2085\" data-end=\"2098\">Gewicht: 240g<\/p>\n<\/li>\n<li class=\"\" data-start=\"2099\" data-end=\"2125\">\n<p class=\"\" data-start=\"2101\" data-end=\"2125\">Material: Polycarbonat<\/p>\n<\/li>\n<li class=\"\" data-start=\"2126\" data-end=\"2160\">\n<p class=\"\" data-start=\"2128\" data-end=\"2160\">Spannungsbereich: 14-22 V DC<\/p>\n<\/li>\n<li class=\"\" data-start=\"2161\" data-end=\"2227\">\n<p class=\"\" data-start=\"2163\" data-end=\"2227\">Betriebstemperatur: -20\u00b0C bis +70\u00b0C (T5), -20\u00b0C bis +60\u00b0C (T4)<\/p>\n<\/li>\n<li class=\"\" data-start=\"2228\" data-end=\"2255\">\n<p class=\"\" data-start=\"2230\" data-end=\"2255\">IP-Schutzart: IP67<\/p>\n<\/li>\n<li class=\"\" data-start=\"2256\" data-end=\"2318\">\n<p class=\"\" data-start=\"2258\" data-end=\"2318\">Zertifizierungen: CE-Kennzeichnung, ATEX, IECEx, MED, UL und mehr<\/p>\n<\/li>\n<li class=\"\" data-start=\"2319\" data-end=\"2340\">\n<p class=\"\" data-start=\"2321\" data-end=\"2340\">Garantiezeit: 10 Jahre<\/p>\n<\/li>\n<\/ul>","protected":false},"excerpt":{"rendered":"<p>Der eigensichere manuelle Meldepunkt (MCP) der Serie Apollo XP95 ist f\u00fcr den Einsatz in explosionsgef\u00e4hrdeten Bereichen konzipiert.<\/p>\n<p>Es ist wasserdicht (IP67) und wetterfest und verf\u00fcgt \u00fcber \u201ePlug and Play\u201c-Klemmenanschl\u00fcsse f\u00fcr eine schnelle Installation.<\/p>\n<p>Bei Aktivierung meldet es seine Adresse und gibt eine schnelle Antwort an das Bedienfeld.<\/p>","protected":false},"featured_media":150001,"template":"","meta":{"_acf_changed":false},"product_brand":[],"product_cat":[4751,4748],"product_tag":[],"class_list":{"0":"post-150002","1":"product","2":"type-product","3":"status-publish","4":"has-post-thumbnail","6":"product_cat-xp95-serien","7":"product_cat-discovery-serien","8":"pa_brands-apollo-fire-detectors","9":"tm-no-options","11":"first","12":"instock","13":"taxable","14":"shipping-taxable","15":"purchasable","16":"product-type-simple"},"acf":[],"_links":{"self":[{"href":"https:\/\/secureus.se\/de\/wp-json\/wp\/v2\/product\/150002","targetHints":{"allow":["GET"]}}],"collection":[{"href":"https:\/\/secureus.se\/de\/wp-json\/wp\/v2\/product"}],"about":[{"href":"https:\/\/secureus.se\/de\/wp-json\/wp\/v2\/types\/product"}],"wp:featuredmedia":[{"embeddable":true,"href":"https:\/\/secureus.se\/de\/wp-json\/wp\/v2\/media\/150001"}],"wp:attachment":[{"href":"https:\/\/secureus.se\/de\/wp-json\/wp\/v2\/media?parent=150002"}],"wp:term":[{"taxonomy":"product_brand","embeddable":true,"href":"https:\/\/secureus.se\/de\/wp-json\/wp\/v2\/product_brand?post=150002"},{"taxonomy":"product_cat","embeddable":true,"href":"https:\/\/secureus.se\/de\/wp-json\/wp\/v2\/product_cat?post=150002"},{"taxonomy":"product_tag","embeddable":true,"href":"https:\/\/secureus.se\/de\/wp-json\/wp\/v2\/product_tag?post=150002"}],"curies":[{"name":"wp","href":"https:\/\/api.w.org\/{rel}","templated":true}]}}