{"id":150012,"date":"2025-04-03T14:07:44","date_gmt":"2025-04-03T12:07:44","guid":{"rendered":"https:\/\/secureus.se\/apollo-45681-331apo-xp95-series-loop-powered-sounder-beacon-base-91db-a-rod-blixt-och-vit-kropp\/"},"modified":"2026-04-16T15:40:54","modified_gmt":"2026-04-16T13:40:54","slug":"apollo-45681-331apo-xp95-series-loop-powered-sounder-beacon-base-91db-a-rod-blixt-och-vit-kropp","status":"publish","type":"product","link":"https:\/\/secureus.se\/de\/apollo-45681-331apo-xp95-series-loop-powered-sounder-beacon-base-91db-a-rod-blixt-och-vit-kropp\/","title":{"rendered":"Apollo 45681-331APO XP95 Serie Schleifengespeister Signalgeber-Leuchtsockel 91 dB A, roter Blitz und wei\u00dfes Geh\u00e4use"},"content":{"rendered":"<h1>Apollo 45681-331APO XP95 Serie Schleifengespeister Signalgeber-Leuchtsockel 91 dB A, roter Blitz und wei\u00dfes Geh\u00e4use<\/h1>\n<p>Die Apollo XP95 Sounder Beacon Base ist ein schleifengespeister akustischer und optischer Indikator, der mit einer Standard-Montagebasis f\u00fcr Detektoren kombiniert werden kann.<\/p>\n<p>Es dient zur Signalisierung eines Feueralarms in geschlossenen R\u00e4umen und bietet einen Schallpegel von 91 dB(A) sowie eine optische Anzeige, die einmal pro Sekunde blinkt.<\/p>\n<p>Licht- und Tonsignale k\u00f6nnen synchronisiert werden, um Warnungen und Evakuierungen anzuzeigen. So wird sichergestellt, dass die Signale klar und einheitlich sind.<\/p>\n<p>Dieses Ger\u00e4t kann sowohl einzeln als auch in Gruppen angesprochen werden, wodurch die Verwaltung gro\u00dfer Installationen und die Erstellung effektiver Warnsysteme vereinfacht wird.<\/p>\n<p>Dar\u00fcber hinaus bietet es einen einzigartigen Selbsttest f\u00fcr akustische und visuelle Anzeigen, der sowohl die Installation als auch die Wartung erleichtert.<\/p>\n<p>Die Sounder Beacon Base ist f\u00fcr die Verwendung mit XP95- und Discovery-Systemen konzipiert und funktioniert optimal, wenn sie mit entsprechender Software an Bedienfelder angeschlossen wird.<\/p>\n<p>Mit einem Betriebstemperaturbereich von -20 \u00b0C bis +60 \u00b0C und der Schutzart IP21C ist es robust genug f\u00fcr den Inneneinsatz in den meisten Umgebungen und verf\u00fcgt \u00fcber eine 10-j\u00e4hrige Garantie f\u00fcr lang anhaltende Leistung.<\/p>\n<p class=\"\" data-start=\"1624\" data-end=\"1654\"><strong data-start=\"1624\" data-end=\"1652\">Hauptmerkmale:<\/strong><\/p>\n<ul data-start=\"1655\" data-end=\"1907\">\n<li class=\"\" data-start=\"1655\" data-end=\"1677\">\n<p class=\"\" data-start=\"1657\" data-end=\"1677\">Schallpegel: 91 dB(A)<\/p>\n<\/li>\n<li class=\"\" data-start=\"1678\" data-end=\"1726\">\n<p class=\"\" data-start=\"1680\" data-end=\"1726\">Optische Anzeige blinkt einmal pro Sekunde<\/p>\n<\/li>\n<li class=\"\" data-start=\"1727\" data-end=\"1785\">\n<p class=\"\" data-start=\"1729\" data-end=\"1785\">Synchronisierung von Alarmt\u00f6nen und visuellem Blinken<\/p>\n<\/li>\n<li class=\"\" data-start=\"1786\" data-end=\"1822\">\n<p class=\"\" data-start=\"1788\" data-end=\"1822\">Einzel- und Gruppenadressierung<\/p>\n<\/li>\n<li class=\"\" data-start=\"1823\" data-end=\"1873\">\n<p class=\"\" data-start=\"1825\" data-end=\"1873\">Einzigartiger Selbsttest mit akustischer und optischer Anzeige<\/p>\n<\/li>\n<li class=\"\" data-start=\"1874\" data-end=\"1907\">\n<p class=\"\" data-start=\"1876\" data-end=\"1907\">CE-gekennzeichnet und EN 54-3-konform<\/p>\n<\/li>\n<\/ul>\n<p class=\"\" data-start=\"1909\" data-end=\"1940\"><strong data-start=\"1909\" data-end=\"1938\">Technische Spezifikationen:<\/strong><\/p>\n<ul data-start=\"1941\" data-end=\"2151\">\n<li class=\"\" data-start=\"1941\" data-end=\"1974\">\n<p class=\"\" data-start=\"1943\" data-end=\"1974\">Farbe: Roter Blitz und wei\u00dfer K\u00f6rper<\/p>\n<\/li>\n<li class=\"\" data-start=\"1975\" data-end=\"1990\">\n<p class=\"\" data-start=\"1977\" data-end=\"1990\">Tiefe: 38 mm<\/p>\n<\/li>\n<li class=\"\" data-start=\"1991\" data-end=\"2006\">\n<p class=\"\" data-start=\"1993\" data-end=\"2006\">Gewicht: 160g<\/p>\n<\/li>\n<li class=\"\" data-start=\"2007\" data-end=\"2035\">\n<p class=\"\" data-start=\"2009\" data-end=\"2035\">Leistungsbeschreibung: 28 V DC<\/p>\n<\/li>\n<li class=\"\" data-start=\"2036\" data-end=\"2058\">\n<p class=\"\" data-start=\"2038\" data-end=\"2058\">Schallpegel: 91 dB(A)<\/p>\n<\/li>\n<li class=\"\" data-start=\"2059\" data-end=\"2100\">\n<p class=\"\" data-start=\"2061\" data-end=\"2100\">Temperaturbereich: -20\u00b0C bis +60\u00b0C<\/p>\n<\/li>\n<li class=\"\" data-start=\"2101\" data-end=\"2129\">\n<p class=\"\" data-start=\"2103\" data-end=\"2129\">IP-Schutzart: IP21C<\/p>\n<\/li>\n<\/ul>","protected":false},"excerpt":{"rendered":"<p>Die Apollo XP95 Loop-Powered Sounder Beacon Base bietet einen Schallpegel von 91 dB(A) und eine visuelle Anzeige, die jede Sekunde blinkt.<\/p>\n<p>Es eignet sich ideal zur Signalisierung von Feueralarmen in geschlossenen R\u00e4umen und kann mit anderen Alarmt\u00f6nen und Lichtern synchronisiert werden.<\/p>","protected":false},"featured_media":150011,"template":"","meta":{"_acf_changed":false},"product_brand":[],"product_cat":[4751],"product_tag":[],"class_list":{"0":"post-150012","1":"product","2":"type-product","3":"status-publish","4":"has-post-thumbnail","6":"product_cat-xp95-serien","7":"pa_brands-apollo-fire-detectors","8":"tm-no-options","10":"first","11":"instock","12":"taxable","13":"shipping-taxable","14":"purchasable","15":"product-type-simple"},"acf":[],"_links":{"self":[{"href":"https:\/\/secureus.se\/de\/wp-json\/wp\/v2\/product\/150012","targetHints":{"allow":["GET"]}}],"collection":[{"href":"https:\/\/secureus.se\/de\/wp-json\/wp\/v2\/product"}],"about":[{"href":"https:\/\/secureus.se\/de\/wp-json\/wp\/v2\/types\/product"}],"wp:featuredmedia":[{"embeddable":true,"href":"https:\/\/secureus.se\/de\/wp-json\/wp\/v2\/media\/150011"}],"wp:attachment":[{"href":"https:\/\/secureus.se\/de\/wp-json\/wp\/v2\/media?parent=150012"}],"wp:term":[{"taxonomy":"product_brand","embeddable":true,"href":"https:\/\/secureus.se\/de\/wp-json\/wp\/v2\/product_brand?post=150012"},{"taxonomy":"product_cat","embeddable":true,"href":"https:\/\/secureus.se\/de\/wp-json\/wp\/v2\/product_cat?post=150012"},{"taxonomy":"product_tag","embeddable":true,"href":"https:\/\/secureus.se\/de\/wp-json\/wp\/v2\/product_tag?post=150012"}],"curies":[{"name":"wp","href":"https:\/\/api.w.org\/{rel}","templated":true}]}}