{"id":150016,"date":"2025-04-03T14:07:43","date_gmt":"2025-04-03T12:07:43","guid":{"rendered":"https:\/\/secureus.se\/apollo-53832-070apo-minidisc-fjarrindikator-for-brandskyddssystem\/"},"modified":"2026-04-09T11:30:04","modified_gmt":"2026-04-09T09:30:04","slug":"apollo-53832-070apo-minidisc-fjarrindikator-for-brandskyddssystem","status":"publish","type":"product","link":"https:\/\/secureus.se\/de\/apollo-53832-070apo-minidisc-fjarrindikator-for-brandskyddssystem\/","title":{"rendered":"Apollo 53832-070APO MiniDisc-Fernanzeige f\u00fcr Brandschutzsysteme"},"content":{"rendered":"<h1>Apollo 53832-070APO MiniDisc-Fernanzeige f\u00fcr Brandschutzsysteme<\/h1>\n<p class=\"\" data-start=\"490\" data-end=\"900\">Die Apollo MiniDisc-Fernanzeige (53832-070APO) bietet ein kompaktes und diskretes Design, das sie ideal f\u00fcr den Einsatz in Brandschutzsystemen macht, bei denen der Platz begrenzt ist und die \u00c4sthetik wichtig ist.<\/p>\n<p class=\"\" data-start=\"490\" data-end=\"900\">Es ist mit einer Manipulationsschutzschraube ausgestattet, die vor unbefugtem Entfernen sch\u00fctzt und sicherstellt, dass das Ger\u00e4t an seinem Platz bleibt und in Notsituationen ordnungsgem\u00e4\u00df funktioniert.<\/p>\n<p class=\"\" data-start=\"902\" data-end=\"1236\">Mit seiner LED-Beleuchtung bietet es eine klare visuelle Anzeige des Systemstatus und erleichtert so die \u00dcberwachung von Alarmen oder anderen relevanten Informationen.<\/p>\n<p class=\"\" data-start=\"902\" data-end=\"1236\">Es ist mit Apollo-Detektoren wie Series 65, AlarmSense, Orbis, XPlorer, XP95, Discovery und IS-Detektoren kompatibel und somit vielseitig und mit verschiedenen Systeminstallationen kompatibel.<\/p>\n<p class=\"\" data-start=\"1238\" data-end=\"1496\">Mit einer Betriebsspannung von 5\u201336 V und einem kompakten Design, das eine einfache Wandmontage erm\u00f6glicht, ist es die perfekte L\u00f6sung zur Verbesserung Ihres Brandschutzsystems, ohne die visuelle \u00c4sthetik zu beeintr\u00e4chtigen.<\/p>\n<p class=\"\" data-start=\"1238\" data-end=\"1496\">Das Produkt ist CE-gekennzeichnet und wird mit einer 10-j\u00e4hrigen Garantie geliefert.<\/p>\n<p class=\"\" data-start=\"1498\" data-end=\"1528\"><strong data-start=\"1498\" data-end=\"1526\">Hauptmerkmale:<\/strong><\/p>\n<ul data-start=\"1529\" data-end=\"1805\">\n<li class=\"\" data-start=\"1529\" data-end=\"1557\">\n<p class=\"\" data-start=\"1531\" data-end=\"1557\">Kleines und diskretes Design<\/p>\n<\/li>\n<li class=\"\" data-start=\"1558\" data-end=\"1624\">\n<p class=\"\" data-start=\"1560\" data-end=\"1624\">Manipulationssichere Schraube zum Schutz vor unbefugter Entfernung<\/p>\n<\/li>\n<li class=\"\" data-start=\"1625\" data-end=\"1665\">\n<p class=\"\" data-start=\"1627\" data-end=\"1665\">LED-Beleuchtung zur optischen Anzeige<\/p>\n<\/li>\n<li class=\"\" data-start=\"1666\" data-end=\"1698\">\n<p class=\"\" data-start=\"1668\" data-end=\"1698\">Wandmontierbar und leicht<\/p>\n<\/li>\n<li class=\"\" data-start=\"1699\" data-end=\"1776\">\n<p class=\"\" data-start=\"1701\" data-end=\"1776\">Kompatibel mit mehreren Apollo-Detektoren, einschlie\u00dflich XP95, Discovery und mehr<\/p>\n<\/li>\n<li class=\"\" data-start=\"1777\" data-end=\"1805\">\n<p class=\"\" data-start=\"1779\" data-end=\"1805\">CE-gekennzeichnet und umweltfreundlich<\/p>\n<\/li>\n<\/ul>\n<p class=\"\" data-start=\"1807\" data-end=\"1838\"><strong data-start=\"1807\" data-end=\"1836\">Technische Spezifikationen:<\/strong><\/p>\n<ul data-start=\"1839\" data-end=\"2007\">\n<li class=\"\" data-start=\"1839\" data-end=\"1854\">\n<p class=\"\" data-start=\"1841\" data-end=\"1854\">H\u00f6he: 20mm<\/p>\n<\/li>\n<li class=\"\" data-start=\"1855\" data-end=\"1869\">\n<p class=\"\" data-start=\"1857\" data-end=\"1869\">Gewicht: 50g<\/p>\n<\/li>\n<li class=\"\" data-start=\"1870\" data-end=\"1897\">\n<p class=\"\" data-start=\"1872\" data-end=\"1897\">Stromversorgung: 5-36V<\/p>\n<\/li>\n<li class=\"\" data-start=\"1898\" data-end=\"1965\">\n<p class=\"\" data-start=\"1900\" data-end=\"1965\">Merkmale: Manipulationssichere Schraube, LED-Beleuchtung, Kompaktes Design<\/p>\n<\/li>\n<li class=\"\" data-start=\"1966\" data-end=\"1987\">\n<p class=\"\" data-start=\"1968\" data-end=\"1987\">Garantiezeit: 10 Jahre<\/p>\n<\/li>\n<li class=\"\" data-start=\"1988\" data-end=\"2007\">\n<p class=\"\" data-start=\"1990\" data-end=\"2007\">Umweltfreundlich: Ja<\/p>\n<\/li>\n<\/ul>","protected":false},"excerpt":{"rendered":"<p>Die Apollo MiniDisc-Fernanzeige ist eine kleine und diskrete L\u00f6sung f\u00fcr Brandschutzsysteme.<\/p>\n<p>Ausgestattet mit einer Manipulationsschutzschraube zum Schutz vor unbefugter Entfernung eignet sich dieser Indikator perfekt f\u00fcr den Einsatz mit Apollo-Meldern und gew\u00e4hrleistet sowohl \u00e4sthetische als auch funktionale Sicherheit.<\/p>","protected":false},"featured_media":150015,"template":"","meta":{"_acf_changed":false},"product_brand":[],"product_cat":[4751],"product_tag":[],"class_list":{"0":"post-150016","1":"product","2":"type-product","3":"status-publish","4":"has-post-thumbnail","6":"product_cat-xp95-serien","7":"pa_brands-apollo-fire-detectors","8":"tm-no-options","10":"first","11":"instock","12":"taxable","13":"shipping-taxable","14":"purchasable","15":"product-type-simple"},"acf":[],"_links":{"self":[{"href":"https:\/\/secureus.se\/de\/wp-json\/wp\/v2\/product\/150016","targetHints":{"allow":["GET"]}}],"collection":[{"href":"https:\/\/secureus.se\/de\/wp-json\/wp\/v2\/product"}],"about":[{"href":"https:\/\/secureus.se\/de\/wp-json\/wp\/v2\/types\/product"}],"wp:featuredmedia":[{"embeddable":true,"href":"https:\/\/secureus.se\/de\/wp-json\/wp\/v2\/media\/150015"}],"wp:attachment":[{"href":"https:\/\/secureus.se\/de\/wp-json\/wp\/v2\/media?parent=150016"}],"wp:term":[{"taxonomy":"product_brand","embeddable":true,"href":"https:\/\/secureus.se\/de\/wp-json\/wp\/v2\/product_brand?post=150016"},{"taxonomy":"product_cat","embeddable":true,"href":"https:\/\/secureus.se\/de\/wp-json\/wp\/v2\/product_cat?post=150016"},{"taxonomy":"product_tag","embeddable":true,"href":"https:\/\/secureus.se\/de\/wp-json\/wp\/v2\/product_tag?post=150016"}],"curies":[{"name":"wp","href":"https:\/\/api.w.org\/{rel}","templated":true}]}}