{"id":150018,"date":"2025-04-03T14:07:39","date_gmt":"2025-04-03T12:07:39","guid":{"rendered":"https:\/\/secureus.se\/apollo-55000-660apo-xp95-series-optisk-rokdetektor-svart\/"},"modified":"2026-04-09T11:30:27","modified_gmt":"2026-04-09T09:30:27","slug":"apollo-55000-660apo-xp95-series-optisk-rokdetektor-svart","status":"publish","type":"product","link":"https:\/\/secureus.se\/de\/apollo-55000-660apo-xp95-series-optisk-rokdetektor-svart\/","title":{"rendered":"Apollo 55000-660APO XP95 Serie, optischer Rauchmelder, schwarz"},"content":{"rendered":"<h1>Apollo 55000-660APO XP95 Serie, optischer Rauchmelder, schwarz<\/h1>\n<p>Der optische Rauchmelder Apollo XP95 (55000-660APO) nutzt das Lichtstreuungsprinzip, um Rauch in Bereichen, in denen langsam brennende oder schwelende Br\u00e4nde wahrscheinlich sind, zuverl\u00e4ssig zu erkennen.<\/p>\n<p>Die kalibrierte Empfindlichkeit erm\u00f6glicht eine schnelle Reaktion auf Rauch und filtert gleichzeitig St\u00f6rungen durch Wind oder Luftdruck\u00e4nderungen heraus. Dadurch eignet es sich ideal f\u00fcr den Einsatz in Fluchtwegen.<\/p>\n<p class=\"\" data-start=\"925\" data-end=\"1286\">Der Detektor ist an ein Zweidraht-Loop-System angeschlossen und verwendet digitale Kommunikation (XP95, Discovery und CoreProtocol\u00ae), um Stabilit\u00e4t und hohe St\u00f6rfestigkeit zu gew\u00e4hrleisten, was in gr\u00f6\u00dferen Systemen, in denen die Lebenssicherheit wichtig ist, von entscheidender Bedeutung ist.<\/p>\n<p class=\"\" data-start=\"925\" data-end=\"1286\">Eine LED-Leuchte am Ger\u00e4t zeigt den Systemstatus optisch an und leuchtet im Standby-Modus wei\u00df und im Alarmfall rot.<\/p>\n<p class=\"\" data-start=\"1288\" data-end=\"1558\">Mit einem Betriebstemperaturbereich von -20 \u00b0C bis +60 \u00b0C und einem Design, das es sowohl f\u00fcr den Innen- als auch f\u00fcr den Au\u00dfenbereich geeignet macht, ist es ideal f\u00fcr gewerbliche und industrielle Umgebungen.<\/p>\n<p class=\"\" data-start=\"1288\" data-end=\"1558\">Es ist au\u00dferdem CE-gekennzeichnet und erf\u00fcllt internationale Sicherheitsstandards f\u00fcr Brandmelder.<\/p>\n<p class=\"\" data-start=\"1560\" data-end=\"1590\"><strong data-start=\"1560\" data-end=\"1588\">Hauptmerkmale:<\/strong><\/p>\n<ul data-start=\"1591\" data-end=\"1852\">\n<li class=\"\" data-start=\"1591\" data-end=\"1664\">\n<p class=\"\" data-start=\"1593\" data-end=\"1664\">Zuverl\u00e4ssige Branderkennung im Temperaturbereich von -20\u00b0C bis +60\u00b0C<\/p>\n<\/li>\n<li class=\"\" data-start=\"1665\" data-end=\"1697\">\n<p class=\"\" data-start=\"1667\" data-end=\"1697\">Ideal f\u00fcr Fluchtwege<\/p>\n<\/li>\n<li class=\"\" data-start=\"1698\" data-end=\"1742\">\n<p class=\"\" data-start=\"1700\" data-end=\"1742\">Unabh\u00e4ngig von Wind und Luftdruck<\/p>\n<\/li>\n<li class=\"\" data-start=\"1743\" data-end=\"1792\">\n<p class=\"\" data-start=\"1745\" data-end=\"1792\">LED-Anzeige (wei\u00df im Standby, rot im Alarm)<\/p>\n<\/li>\n<li class=\"\" data-start=\"1793\" data-end=\"1852\">\n<p class=\"\" data-start=\"1795\" data-end=\"1852\">Kompatibel mit XP95-, Discovery- und CoreProtocol\u00ae-Systemen<\/p>\n<\/li>\n<\/ul>\n<p class=\"\" data-start=\"1854\" data-end=\"1885\"><strong data-start=\"1854\" data-end=\"1883\">Technische Spezifikationen:<\/strong><\/p>\n<ul data-start=\"1886\" data-end=\"2139\">\n<li class=\"\" data-start=\"1886\" data-end=\"1901\">\n<p class=\"\" data-start=\"1888\" data-end=\"1901\">Farbe: Schwarz<\/p>\n<\/li>\n<li class=\"\" data-start=\"1902\" data-end=\"1922\">\n<p class=\"\" data-start=\"1904\" data-end=\"1922\">Durchmesser: 100 mm<\/p>\n<\/li>\n<li class=\"\" data-start=\"1923\" data-end=\"1938\">\n<p class=\"\" data-start=\"1925\" data-end=\"1938\">H\u00f6he: 42mm<\/p>\n<\/li>\n<li class=\"\" data-start=\"1939\" data-end=\"1954\">\n<p class=\"\" data-start=\"1941\" data-end=\"1954\">Gewicht: 105 g<\/p>\n<\/li>\n<li class=\"\" data-start=\"1955\" data-end=\"1983\">\n<p class=\"\" data-start=\"1957\" data-end=\"1983\">Stromversorgung: 28 V DC<\/p>\n<\/li>\n<li class=\"\" data-start=\"1984\" data-end=\"2046\">\n<p class=\"\" data-start=\"1986\" data-end=\"2046\">Kalibriert, um einen Analogwert von 25\u00b17 in sauberer Luft zu ergeben<\/p>\n<\/li>\n<li class=\"\" data-start=\"2047\" data-end=\"2088\">\n<p class=\"\" data-start=\"2049\" data-end=\"2088\">Temperaturbereich: -20\u00b0C bis +60\u00b0C<\/p>\n<\/li>\n<li class=\"\" data-start=\"2089\" data-end=\"2117\">\n<p class=\"\" data-start=\"2091\" data-end=\"2117\">IP-Schutzart: IP23D<\/p>\n<\/li>\n<li class=\"\" data-start=\"2118\" data-end=\"2139\">\n<p class=\"\" data-start=\"2120\" data-end=\"2139\">Garantiezeit: 10 Jahre<\/p>\n<\/li>\n<\/ul>","protected":false},"excerpt":{"rendered":"<p>Der optische Rauchmelder Apollo XP95 bietet eine zuverl\u00e4ssige Branderkennung \u00fcber einen weiten Temperaturbereich von -20 \u00b0C bis 60 \u00b0C.<\/p>\n<p>Es eignet sich besonders gut f\u00fcr Fluchtwege und ist unabh\u00e4ngig von Wind und Luftdruck, wodurch es auch in schwierigen Umgebungen eine hohe Wirksamkeit aufweist.<\/p>","protected":false},"featured_media":150017,"template":"","meta":{"_acf_changed":false},"product_brand":[],"product_cat":[4751],"product_tag":[],"class_list":{"0":"post-150018","1":"product","2":"type-product","3":"status-publish","4":"has-post-thumbnail","6":"product_cat-xp95-serien","7":"pa_brands-apollo-fire-detectors","8":"tm-no-options","10":"first","11":"onbackorder","12":"taxable","13":"shipping-taxable","14":"purchasable","15":"product-type-simple"},"acf":[],"_links":{"self":[{"href":"https:\/\/secureus.se\/de\/wp-json\/wp\/v2\/product\/150018","targetHints":{"allow":["GET"]}}],"collection":[{"href":"https:\/\/secureus.se\/de\/wp-json\/wp\/v2\/product"}],"about":[{"href":"https:\/\/secureus.se\/de\/wp-json\/wp\/v2\/types\/product"}],"wp:featuredmedia":[{"embeddable":true,"href":"https:\/\/secureus.se\/de\/wp-json\/wp\/v2\/media\/150017"}],"wp:attachment":[{"href":"https:\/\/secureus.se\/de\/wp-json\/wp\/v2\/media?parent=150018"}],"wp:term":[{"taxonomy":"product_brand","embeddable":true,"href":"https:\/\/secureus.se\/de\/wp-json\/wp\/v2\/product_brand?post=150018"},{"taxonomy":"product_cat","embeddable":true,"href":"https:\/\/secureus.se\/de\/wp-json\/wp\/v2\/product_cat?post=150018"},{"taxonomy":"product_tag","embeddable":true,"href":"https:\/\/secureus.se\/de\/wp-json\/wp\/v2\/product_tag?post=150018"}],"curies":[{"name":"wp","href":"https:\/\/api.w.org\/{rel}","templated":true}]}}