{"id":150020,"date":"2025-04-03T14:07:39","date_gmt":"2025-04-03T12:07:39","guid":{"rendered":"https:\/\/secureus.se\/apollo-53541-170apo-provtagningsror-for-kanaldetektor-300-750-mm\/"},"modified":"2026-03-27T18:00:21","modified_gmt":"2026-03-27T17:00:21","slug":"apollo-53541-170apo-provtagningsror-for-kanaldetektor-300-750-mm","status":"publish","type":"product","link":"https:\/\/secureus.se\/de\/apollo-53541-170apo-provtagningsror-for-kanaldetektor-300-750-mm\/","title":{"rendered":"Apollo 53541-170APO Probenahmerohr f\u00fcr Kanaldetektor, 300-750 mm"},"content":{"rendered":"<h1>Apollo 53541-170APO Probenahmerohr f\u00fcr Kanaldetektor, 300-750 mm<\/h1>\n<p>Das Apollo Duct Detector Sampling Tube (53541-170APO) ist f\u00fcr die effektive Entnahme von Rauchproben aus Kan\u00e4len mit einer Breite zwischen 300 mm und 3000 mm konzipiert.<\/p>\n<p>Es wird mit einem 360 mm langen Probenahmerohr geliefert, das f\u00fcr Kan\u00e4le mit einer Breite von bis zu 540 mm geeignet ist.<\/p>\n<p>Dieses Probenahmerohr erm\u00f6glicht den Einsatz von Kanalmeldern in den unterschiedlichsten Installationsumgebungen und stellt somit eine flexible L\u00f6sung zur Branderkennung in L\u00fcftungssystemen dar.<\/p>\n<p>F\u00fcr gr\u00f6\u00dfere Kanalbreiten k\u00f6nnen l\u00e4ngere Probenahmerohre separat bestellt werden, was noch mehr Flexibilit\u00e4t f\u00fcr spezifische Installationsanforderungen bietet.<\/p>\n<p>Mit seinem Design und seiner Funktionalit\u00e4t gew\u00e4hrleistet dieses Ansaugrohr eine effektive und zuverl\u00e4ssige Raucherkennung in Kanalsystemen und verbessert so die Sicherheit in Gewerbe- und Industriegeb\u00e4uden.<\/p>\n<p class=\"\" data-start=\"1281\" data-end=\"1311\"><strong data-start=\"1281\" data-end=\"1309\">Hauptmerkmale:<\/strong><\/p>\n<ul data-start=\"1312\" data-end=\"1599\">\n<li class=\"\" data-start=\"1312\" data-end=\"1375\">\n<p class=\"\" data-start=\"1314\" data-end=\"1375\">Funktioniert in Kan\u00e4len mit einer Breite zwischen 300 mm und 3000 mm<\/p>\n<\/li>\n<li class=\"\" data-start=\"1376\" data-end=\"1463\">\n<p class=\"\" data-start=\"1378\" data-end=\"1463\">Enth\u00e4lt ein 360 mm langes Probenahmerohr, geeignet f\u00fcr Kanalbreiten bis zu 540 mm<\/p>\n<\/li>\n<li class=\"\" data-start=\"1464\" data-end=\"1538\">\n<p class=\"\" data-start=\"1466\" data-end=\"1538\">F\u00fcr gr\u00f6\u00dfere Anlagen k\u00f6nnen l\u00e4ngere Probenahmerohre separat bestellt werden<\/p>\n<\/li>\n<li class=\"\" data-start=\"1539\" data-end=\"1599\">\n<p class=\"\" data-start=\"1541\" data-end=\"1599\">CE-gekennzeichnet und f\u00fcr den Einsatz mit Kanaldetektoren konzipiert<\/p>\n<\/li>\n<\/ul>\n<p class=\"\" data-start=\"1601\" data-end=\"1632\"><strong data-start=\"1601\" data-end=\"1630\">Technische Spezifikationen:<\/strong><\/p>\n<ul data-start=\"1633\" data-end=\"1809\">\n<li class=\"\" data-start=\"1633\" data-end=\"1668\">\n<p class=\"\" data-start=\"1635\" data-end=\"1668\">Standardprobenahme: 360 mm Rohr<\/p>\n<\/li>\n<li class=\"\" data-start=\"1669\" data-end=\"1713\">\n<p class=\"\" data-start=\"1671\" data-end=\"1713\">Geeignet f\u00fcr Kanalbreiten bis 540 mm<\/p>\n<\/li>\n<li class=\"\" data-start=\"1714\" data-end=\"1748\">\n<p class=\"\" data-start=\"1716\" data-end=\"1748\">Kompatibel mit Kanaldetektoren<\/p>\n<\/li>\n<li class=\"\" data-start=\"1749\" data-end=\"1778\">\n<p class=\"\" data-start=\"1751\" data-end=\"1778\">Zertifizierung: CE-Kennzeichnung<\/p>\n<\/li>\n<li class=\"\" data-start=\"1779\" data-end=\"1809\">\n<p class=\"\" data-start=\"1781\" data-end=\"1809\">Garantie: Eingeschr\u00e4nkte Garantie<\/p>\n<\/li>\n<\/ul>","protected":false},"excerpt":{"rendered":"<p>Apollo-Probenahmerohre f\u00fcr Kanaldetektoren sind f\u00fcr den Einsatz in Kan\u00e4len mit einer Breite zwischen 300 mm und 3000 mm konzipiert.<\/p>\n<p>Im Lieferumfang ist standardm\u00e4\u00dfig ein 360 mm langes Probenahmerohr enthalten, das f\u00fcr Kanalbreiten bis 540 mm geeignet ist.<\/p>","protected":false},"featured_media":150019,"template":"","meta":{"_acf_changed":false},"product_brand":[],"product_cat":[4751],"product_tag":[],"class_list":{"0":"post-150020","1":"product","2":"type-product","3":"status-publish","4":"has-post-thumbnail","6":"product_cat-xp95-serien","7":"pa_brands-apollo-fire-detectors","8":"tm-no-options","10":"first","11":"instock","12":"sale","13":"taxable","14":"shipping-taxable","15":"purchasable","16":"product-type-simple"},"acf":[],"_links":{"self":[{"href":"https:\/\/secureus.se\/de\/wp-json\/wp\/v2\/product\/150020","targetHints":{"allow":["GET"]}}],"collection":[{"href":"https:\/\/secureus.se\/de\/wp-json\/wp\/v2\/product"}],"about":[{"href":"https:\/\/secureus.se\/de\/wp-json\/wp\/v2\/types\/product"}],"wp:featuredmedia":[{"embeddable":true,"href":"https:\/\/secureus.se\/de\/wp-json\/wp\/v2\/media\/150019"}],"wp:attachment":[{"href":"https:\/\/secureus.se\/de\/wp-json\/wp\/v2\/media?parent=150020"}],"wp:term":[{"taxonomy":"product_brand","embeddable":true,"href":"https:\/\/secureus.se\/de\/wp-json\/wp\/v2\/product_brand?post=150020"},{"taxonomy":"product_cat","embeddable":true,"href":"https:\/\/secureus.se\/de\/wp-json\/wp\/v2\/product_cat?post=150020"},{"taxonomy":"product_tag","embeddable":true,"href":"https:\/\/secureus.se\/de\/wp-json\/wp\/v2\/product_tag?post=150020"}],"curies":[{"name":"wp","href":"https:\/\/api.w.org\/{rel}","templated":true}]}}