{"id":150032,"date":"2025-04-03T13:35:25","date_gmt":"2025-04-03T11:35:25","guid":{"rendered":"https:\/\/secureus.se\/apollo-55000-845apo-xp95-serien-modul-for-overvakning-av-isolerande-zoner\/"},"modified":"2026-05-06T14:11:39","modified_gmt":"2026-05-06T12:11:39","slug":"apollo-55000-845apo-xp95-serien-modul-for-overvakning-av-isolerande-zoner","status":"publish","type":"product","link":"https:\/\/secureus.se\/de\/apollo-55000-845apo-xp95-serien-modul-for-overvakning-av-isolerande-zoner\/","title":{"rendered":"Apollo 55000-845APO XP95-Serie, Isolationszonen-\u00dcberwachungsmodul"},"content":{"rendered":"<h1>Apollo 55000-845APO XP95-Serie, Isolationszonen-\u00dcberwachungsmodul<\/h1>\n<p>Der Apollo 55000-845APO XP95-Zonenmonitor mit Isolator ist eine innovative L\u00f6sung zur \u00dcberwachung und Steuerung von Brandmeldern in einer Isolierzone.<\/p>\n<p>Dieses Modul verwendet ein bidirektionales Kurzschlussisolatorsystem, das sicherstellt, dass das System nicht durch Kurzschl\u00fcsse in den Schleifen beeintr\u00e4chtigt wird.<\/p>\n<p>Es ist f\u00fcr die Steuerung von bis zu 20 Apollo-Brandmeldern, einschlie\u00dflich der Modelle Orbis und Serie 65, ausgelegt und f\u00fcr den Einsatz in Innenr\u00e4umen vorgesehen.<\/p>\n<p class=\"\" data-start=\"913\" data-end=\"1325\">Mit einer hohen IP54-Einstufung ist dieser Zonenmonitor robust genug, um einen zuverl\u00e4ssigen Betrieb in einer Vielzahl von Umgebungen zu gew\u00e4hrleisten.<\/p>\n<p class=\"\" data-start=\"913\" data-end=\"1325\">Es ist mit zwei LEDs ausgestattet: einer roten, die einen Feueralarm anzeigt und einer gelben, die im Falle eines Kurzschlusses leuchtet.<\/p>\n<p class=\"\" data-start=\"913\" data-end=\"1325\">Das Modul verwendet Apollo XP95- oder Discovery-Protokolle und ist abw\u00e4rtskompatibel mit \u00e4lteren Systemen.<\/p>\n<p class=\"\" data-start=\"913\" data-end=\"1325\">Es verf\u00fcgt au\u00dferdem \u00fcber die CE-Kennzeichnung und entspricht den relevanten EMV-Richtlinien und Bauproduktvorschriften.<\/p>\n<p class=\"\" data-start=\"1327\" data-end=\"1514\">Es ist auf einfache Installation und Wartung ausgelegt und verf\u00fcgt \u00fcber einen weiten Temperaturbereich von -20 \u00b0C bis +70 \u00b0C sowie einen f\u00fcr den Langzeitbetrieb optimierten Stromverbrauch.<\/p>","protected":false},"excerpt":{"rendered":"<p>Der Apollo 55000-845APO XP95-Zonenmonitor mit Isolator ist ein isolierendes Zonen\u00fcberwachungsmodul, das eine Zone mit bis zu 20 Brandmeldern mit Strom versorgt und steuert.<\/p>\n<p>Ausgestattet mit einem bidirektionalen Kurzschlussisolator ist es so konzipiert, dass es von Kurzschl\u00fcssen in den Schleifen nicht beeintr\u00e4chtigt wird.<\/p>","protected":false},"featured_media":150031,"template":"","meta":{"_acf_changed":false},"product_brand":[],"product_cat":[4751],"product_tag":[],"class_list":{"0":"post-150032","1":"product","2":"type-product","3":"status-publish","4":"has-post-thumbnail","6":"product_cat-xp95-serien","7":"pa_brands-apollo-fire-detectors","8":"tm-no-options","10":"first","11":"instock","12":"sale","13":"taxable","14":"shipping-taxable","15":"purchasable","16":"product-type-simple"},"acf":[],"_links":{"self":[{"href":"https:\/\/secureus.se\/de\/wp-json\/wp\/v2\/product\/150032","targetHints":{"allow":["GET"]}}],"collection":[{"href":"https:\/\/secureus.se\/de\/wp-json\/wp\/v2\/product"}],"about":[{"href":"https:\/\/secureus.se\/de\/wp-json\/wp\/v2\/types\/product"}],"wp:featuredmedia":[{"embeddable":true,"href":"https:\/\/secureus.se\/de\/wp-json\/wp\/v2\/media\/150031"}],"wp:attachment":[{"href":"https:\/\/secureus.se\/de\/wp-json\/wp\/v2\/media?parent=150032"}],"wp:term":[{"taxonomy":"product_brand","embeddable":true,"href":"https:\/\/secureus.se\/de\/wp-json\/wp\/v2\/product_brand?post=150032"},{"taxonomy":"product_cat","embeddable":true,"href":"https:\/\/secureus.se\/de\/wp-json\/wp\/v2\/product_cat?post=150032"},{"taxonomy":"product_tag","embeddable":true,"href":"https:\/\/secureus.se\/de\/wp-json\/wp\/v2\/product_tag?post=150032"}],"curies":[{"name":"wp","href":"https:\/\/api.w.org\/{rel}","templated":true}]}}