{"id":150038,"date":"2025-04-03T13:35:21","date_gmt":"2025-04-03T11:35:21","guid":{"rendered":"https:\/\/secureus.se\/apollo-55000-760apo-xp95-series-isolerande-din-skena-mini-switch-monitor-module\/"},"modified":"2026-04-09T11:31:22","modified_gmt":"2026-04-09T09:31:22","slug":"apollo-55000-760apo-xp95-series-isolerande-din-skena-mini-switch-monitor-module","status":"publish","type":"product","link":"https:\/\/secureus.se\/de\/apollo-55000-760apo-xp95-series-isolerande-din-skena-mini-switch-monitor-module\/","title":{"rendered":"Apollo 55000-760APO XP95-Serie, isolierendes DIN-Schienen-Mini-Switch-Monitormodul"},"content":{"rendered":"<h1>Apollo 55000-760APO XP95-Serie, isolierendes DIN-Schienen-Mini-Switch-Monitormodul<\/h1>\n<p>Das Apollo 55000-760APO XP95 Mini Switch Monitor Module ist eine kompakte L\u00f6sung zur \u00dcberwachung eines oder mehrerer spannungsfreier Kontakte.<\/p>\n<p>Es ist besonders n\u00fctzlich, wenn der Platz begrenzt ist, da das Modul nur 39 mm x 39 mm x 20 mm misst.<\/p>\n<p>Zur einfachen Installation kann es auch auf einer DIN-Schiene montiert werden.<\/p>\n<p>Das Ger\u00e4t ist mit den Systemen Apollo XP95, Discovery und CoreProtocol kompatibel und bietet drei Statusanzeigen zur Anzeige des Normal-, Fehler- und Alarmstatus.<\/p>\n<p>Dieses Ger\u00e4t ist au\u00dferdem mit einem Kurzschlussisolator ausgestattet und kann sowohl f\u00fcr vorrangige als auch f\u00fcr nicht vorrangige Systeme verwendet werden.<\/p>\n<p>Es umfasst au\u00dferdem einen verz\u00f6gerten Alarmstatus (\u201eVoralarm\u201c), der die Untersuchung potenzieller Alarme erm\u00f6glicht und das Risiko von Fehlalarmen verringert.<\/p>\n<p>Mit CE-Kennzeichnung und VdS-Zertifizierung ist dies eine zuverl\u00e4ssige Komponente f\u00fcr moderne Brandmeldesysteme.<\/p>","protected":false},"excerpt":{"rendered":"<p>Das Mini-Schalter\u00fcberwachungsmodul der Serie Apollo 55000-760APO XP95 ist ein kompaktes Ger\u00e4t, das einen oder mehrere einpolige, spannungsfreie Kontakte \u00fcberwacht und den Status an die Brandmeldezentrale meldet.<\/p>\n<p>Es ist f\u00fcr den Einsatz bei begrenztem Platz konzipiert und kann auf einer DIN-Schiene montiert werden.<\/p>","protected":false},"featured_media":150037,"template":"","meta":{"_acf_changed":false},"product_brand":[],"product_cat":[4751],"product_tag":[],"class_list":{"0":"post-150038","1":"product","2":"type-product","3":"status-publish","4":"has-post-thumbnail","6":"product_cat-xp95-serien","7":"pa_brands-apollo-fire-detectors","8":"tm-no-options","10":"first","11":"instock","12":"taxable","13":"shipping-taxable","14":"purchasable","15":"product-type-simple"},"acf":[],"_links":{"self":[{"href":"https:\/\/secureus.se\/de\/wp-json\/wp\/v2\/product\/150038","targetHints":{"allow":["GET"]}}],"collection":[{"href":"https:\/\/secureus.se\/de\/wp-json\/wp\/v2\/product"}],"about":[{"href":"https:\/\/secureus.se\/de\/wp-json\/wp\/v2\/types\/product"}],"wp:featuredmedia":[{"embeddable":true,"href":"https:\/\/secureus.se\/de\/wp-json\/wp\/v2\/media\/150037"}],"wp:attachment":[{"href":"https:\/\/secureus.se\/de\/wp-json\/wp\/v2\/media?parent=150038"}],"wp:term":[{"taxonomy":"product_brand","embeddable":true,"href":"https:\/\/secureus.se\/de\/wp-json\/wp\/v2\/product_brand?post=150038"},{"taxonomy":"product_cat","embeddable":true,"href":"https:\/\/secureus.se\/de\/wp-json\/wp\/v2\/product_cat?post=150038"},{"taxonomy":"product_tag","embeddable":true,"href":"https:\/\/secureus.se\/de\/wp-json\/wp\/v2\/product_tag?post=150038"}],"curies":[{"name":"wp","href":"https:\/\/api.w.org\/{rel}","templated":true}]}}