{"id":150040,"date":"2025-04-03T13:35:18","date_gmt":"2025-04-03T11:35:18","guid":{"rendered":"https:\/\/secureus.se\/apollo-45681-218apo-tillbehorssats-for-monteringsbox-for-dackhuvud-vit\/"},"modified":"2026-04-09T11:31:32","modified_gmt":"2026-04-09T09:31:32","slug":"apollo-45681-218apo-tillbehorssats-for-monteringsbox-for-dackhuvud-vit","status":"publish","type":"product","link":"https:\/\/secureus.se\/de\/apollo-45681-218apo-tillbehorssats-for-monteringsbox-for-dackhuvud-vit\/","title":{"rendered":"Apollo 45681-218APO Deck Head Montagebox-Zubeh\u00f6rsatz, Wei\u00df"},"content":{"rendered":"<h1>Apollo 45681-218APO Deck Head Montagebox-Zubeh\u00f6rsatz, Wei\u00df<\/h1>\n<p>Das Zubeh\u00f6rkit der Serie Apollo 45681-218APO XP95 ist eine notwendige Komponente f\u00fcr die Installation von Deckkopf-Montageboxen.<\/p>\n<p>Dieses Kit erm\u00f6glicht eine effiziente und sichere Kabelf\u00fchrung durch sechs f\u00fcr M20-Kabelverschraubungen ausgelegte Kabelverschraubungen.<\/p>\n<p>Es eignet sich perfekt f\u00fcr die Installation tieferer Sockel oder Schallgeber in Ihrem Brandschutzsystem.<\/p>\n<p>Das Kit l\u00e4sst sich mithilfe von zwei 5,4-mm-L\u00f6chern einfach an einer sicheren Oberfl\u00e4che befestigen und gew\u00e4hrleistet so eine zuverl\u00e4ssige und dauerhafte Installation.<\/p>\n<p>Die elegante wei\u00dfe Oberfl\u00e4che des Kits f\u00fcgt sich diskret in alle Arten von Installationen ein und sorgt f\u00fcr ein professionelles Aussehen.<\/p>\n<p>Mit seiner CE-Kennzeichnung und der hochwertigen Materialauswahl (Polycarbonat) ist dieses Set eine ausgezeichnete Wahl f\u00fcr Brandschutzfachleute.<\/p>","protected":false},"excerpt":{"rendered":"<p>Das Apollo 45681-218APO Deck Head Mounting Box Accessory Kit erleichtert die Installation von Montageboxen f\u00fcr Brandschutzsysteme.<\/p>\n<p>Es verf\u00fcgt \u00fcber sechs Kabeleinf\u00fchrungen f\u00fcr M20-Kabelverschraubungen und wird \u00fcber zwei 5,4 mm Bohrungen auf der Montagefl\u00e4che befestigt.<\/p>","protected":false},"featured_media":150039,"template":"","meta":{"_acf_changed":false},"product_brand":[],"product_cat":[4751],"product_tag":[],"class_list":{"0":"post-150040","1":"product","2":"type-product","3":"status-publish","4":"has-post-thumbnail","6":"product_cat-xp95-serien","7":"pa_brands-apollo-fire-detectors","8":"tm-no-options","10":"first","11":"instock","12":"taxable","13":"shipping-taxable","14":"purchasable","15":"product-type-simple"},"acf":[],"_links":{"self":[{"href":"https:\/\/secureus.se\/de\/wp-json\/wp\/v2\/product\/150040","targetHints":{"allow":["GET"]}}],"collection":[{"href":"https:\/\/secureus.se\/de\/wp-json\/wp\/v2\/product"}],"about":[{"href":"https:\/\/secureus.se\/de\/wp-json\/wp\/v2\/types\/product"}],"wp:featuredmedia":[{"embeddable":true,"href":"https:\/\/secureus.se\/de\/wp-json\/wp\/v2\/media\/150039"}],"wp:attachment":[{"href":"https:\/\/secureus.se\/de\/wp-json\/wp\/v2\/media?parent=150040"}],"wp:term":[{"taxonomy":"product_brand","embeddable":true,"href":"https:\/\/secureus.se\/de\/wp-json\/wp\/v2\/product_brand?post=150040"},{"taxonomy":"product_cat","embeddable":true,"href":"https:\/\/secureus.se\/de\/wp-json\/wp\/v2\/product_cat?post=150040"},{"taxonomy":"product_tag","embeddable":true,"href":"https:\/\/secureus.se\/de\/wp-json\/wp\/v2\/product_tag?post=150040"}],"curies":[{"name":"wp","href":"https:\/\/api.w.org\/{rel}","templated":true}]}}