{"id":150042,"date":"2025-04-03T13:35:17","date_gmt":"2025-04-03T11:35:17","guid":{"rendered":"https:\/\/secureus.se\/apollo-45682-800apo-xpert-series-universellt-adresskort-for-baser-25-st\/"},"modified":"2026-04-16T15:50:48","modified_gmt":"2026-04-16T13:50:48","slug":"apollo-45682-800apo-xpert-series-universellt-adresskort-for-baser-25-st","status":"publish","type":"product","link":"https:\/\/secureus.se\/de\/apollo-45682-800apo-xpert-series-universellt-adresskort-for-baser-25-st\/","title":{"rendered":"Apollo 45682-800APO Xpert Series, universelle Adresskarte f\u00fcr Basen, 25 Stk."},"content":{"rendered":"<h1>Apollo 45682-800APO Xpert-Serie, universelle Basis-Adresskarte<\/h1>\n<p class=\"\" data-start=\"441\" data-end=\"897\">Die universelle Adresskarte der Apollo 45682-800APO Xpert-Serie ist f\u00fcr eine einfache Installation und Bedienung sowohl f\u00fcr Xpert 7- als auch f\u00fcr Xpert 8-Basen konzipiert.<\/p>\n<p class=\"\" data-start=\"441\" data-end=\"897\">Mit bis zu 8 Pips k\u00f6nnen Sie optionale Adressen erstellen, indem Sie die Pips entfernen. So k\u00f6nnen Sie die Adresse f\u00fcr jeden Detektor anpassen.<\/p>\n<p class=\"\" data-start=\"441\" data-end=\"897\">F\u00fcr CoreProtocol-Systeme ist ein zus\u00e4tzlicher Piepton (128 Bit) enthalten, der entfernt oder belassen werden kann, wenn die Karte mit XP95- oder Discovery-Ger\u00e4ten verwendet wird.<\/p>\n<p class=\"\" data-start=\"899\" data-end=\"1185\">Auch bei einem Meldertausch bleibt die Adresse erhalten und sorgt so f\u00fcr eine langfristige Stabilit\u00e4t des Systems.<\/p>\n<p class=\"\" data-start=\"899\" data-end=\"1185\">Die Platine verf\u00fcgt \u00fcber eine hohe Toleranz zur Anpassung des Rohrkontaktdurchmessers (\u00d81,7 mm \u2013 2 mm) und hat eine zus\u00e4tzliche Leitung an den Adressrohren, um die Installation zu vereinfachen und die Inbetriebnahme zu beschleunigen.<\/p>\n<p class=\"\" data-start=\"1187\" data-end=\"1330\">Diese universelle Adresskarte macht die Installation reibungsloser und schneller und ist ein Muss f\u00fcr die professionelle Installation von Brandschutzsystemen.<\/p>","protected":false},"excerpt":{"rendered":"<p>Die universelle Adresskarte der Apollo 45682-800APO Xpert-Serie bietet Flexibilit\u00e4t bei der Installation und Konfiguration von Xpert 7- und Xpert 8-Basen.<\/p>\n<p>Es erm\u00f6glicht eine schnelle und einfache Installation mit einstellbaren Pips zum Erstellen beliebiger Adressen.<\/p>","protected":false},"featured_media":150041,"template":"","meta":{"_acf_changed":false},"product_brand":[],"product_cat":[4751],"product_tag":[],"class_list":{"0":"post-150042","1":"product","2":"type-product","3":"status-publish","4":"has-post-thumbnail","6":"product_cat-xp95-serien","7":"pa_brands-apollo-fire-detectors","8":"tm-no-options","10":"first","11":"instock","12":"taxable","13":"shipping-taxable","14":"purchasable","15":"product-type-simple"},"acf":[],"_links":{"self":[{"href":"https:\/\/secureus.se\/de\/wp-json\/wp\/v2\/product\/150042","targetHints":{"allow":["GET"]}}],"collection":[{"href":"https:\/\/secureus.se\/de\/wp-json\/wp\/v2\/product"}],"about":[{"href":"https:\/\/secureus.se\/de\/wp-json\/wp\/v2\/types\/product"}],"wp:featuredmedia":[{"embeddable":true,"href":"https:\/\/secureus.se\/de\/wp-json\/wp\/v2\/media\/150041"}],"wp:attachment":[{"href":"https:\/\/secureus.se\/de\/wp-json\/wp\/v2\/media?parent=150042"}],"wp:term":[{"taxonomy":"product_brand","embeddable":true,"href":"https:\/\/secureus.se\/de\/wp-json\/wp\/v2\/product_brand?post=150042"},{"taxonomy":"product_cat","embeddable":true,"href":"https:\/\/secureus.se\/de\/wp-json\/wp\/v2\/product_cat?post=150042"},{"taxonomy":"product_tag","embeddable":true,"href":"https:\/\/secureus.se\/de\/wp-json\/wp\/v2\/product_tag?post=150042"}],"curies":[{"name":"wp","href":"https:\/\/api.w.org\/{rel}","templated":true}]}}