{"id":150044,"date":"2025-04-03T13:35:17","date_gmt":"2025-04-03T11:35:17","guid":{"rendered":"https:\/\/secureus.se\/apollo-44251-189apo-1-st-lock-till-larmknapp-soteria-fi700\/"},"modified":"2026-04-09T11:31:30","modified_gmt":"2026-04-09T09:31:30","slug":"apollo-44251-189apo-1-st-lock-till-larmknapp-soteria-fi700","status":"publish","type":"product","link":"https:\/\/secureus.se\/de\/apollo-44251-189apo-1-st-lock-till-larmknapp-soteria-fi700\/","title":{"rendered":"Apollo 44251-189APO 1 St. Abdeckung f\u00fcr Alarmknopf. Soteria, FI700"},"content":{"rendered":"<h1>Apollo 44251-189APO 1 St. Abdeckung f\u00fcr Alarmknopf. Soteria, FI700<\/h1>\n<p>Apollo 44251-189APO Call Point Cover (Soteria, FI700) ist eine transparente, diskrete Schutzabdeckung, die eine versehentliche Aktivierung manueller Meldepunkte in Brandschutzsystemen verhindern soll.<\/p>\n<p>Es passt auf alle von Apollo hergestellten Meldepunkte, einschlie\u00dflich der Serien Soteria und FI700, und bietet einfachen, aber effektiven Schutz, um sicherzustellen, dass der Alarm nur durch eine absichtliche Handlung aktiviert wird.<\/p>\n<p>Das transparente Material erm\u00f6glicht es dem Benutzer, den Status des Melders zu erkennen und bietet gleichzeitig diskreten Schutz, um ein \u00e4sthetisch ansprechendes Erscheinungsbild in Geb\u00e4uden und Einrichtungen zu wahren.<\/p>","protected":false},"excerpt":{"rendered":"<p>Apollo 44251-189APO Alarmknopfabdeckung (Soteria, FI700) ist eine diskrete und transparente Schutzh\u00fclle, die eine versehentliche Aktivierung des Alarms verhindert.<\/p>\n<p>Es ist f\u00fcr alle von Apollo hergestellten manuellen Meldepunkte geeignet.<\/p>","protected":false},"featured_media":150043,"template":"","meta":{"_acf_changed":false},"product_brand":[],"product_cat":[4751],"product_tag":[],"class_list":{"0":"post-150044","1":"product","2":"type-product","3":"status-publish","4":"has-post-thumbnail","6":"product_cat-xp95-serien","7":"pa_brands-apollo-fire-detectors","8":"tm-no-options","10":"first","11":"instock","12":"taxable","13":"shipping-taxable","14":"purchasable","15":"product-type-simple"},"acf":[],"_links":{"self":[{"href":"https:\/\/secureus.se\/de\/wp-json\/wp\/v2\/product\/150044","targetHints":{"allow":["GET"]}}],"collection":[{"href":"https:\/\/secureus.se\/de\/wp-json\/wp\/v2\/product"}],"about":[{"href":"https:\/\/secureus.se\/de\/wp-json\/wp\/v2\/types\/product"}],"wp:featuredmedia":[{"embeddable":true,"href":"https:\/\/secureus.se\/de\/wp-json\/wp\/v2\/media\/150043"}],"wp:attachment":[{"href":"https:\/\/secureus.se\/de\/wp-json\/wp\/v2\/media?parent=150044"}],"wp:term":[{"taxonomy":"product_brand","embeddable":true,"href":"https:\/\/secureus.se\/de\/wp-json\/wp\/v2\/product_brand?post=150044"},{"taxonomy":"product_cat","embeddable":true,"href":"https:\/\/secureus.se\/de\/wp-json\/wp\/v2\/product_cat?post=150044"},{"taxonomy":"product_tag","embeddable":true,"href":"https:\/\/secureus.se\/de\/wp-json\/wp\/v2\/product_tag?post=150044"}],"curies":[{"name":"wp","href":"https:\/\/api.w.org\/{rel}","templated":true}]}}