{"id":150046,"date":"2025-04-03T13:23:21","date_gmt":"2025-04-03T11:23:21","guid":{"rendered":"https:\/\/secureus.se\/apollo-45681-284apo-xpert-7-series-isolerande-detektormontering-vit\/"},"modified":"2026-05-06T14:13:26","modified_gmt":"2026-05-06T12:13:26","slug":"apollo-45681-284apo-xpert-7-series-isolerande-detektormontering-vit","status":"publish","type":"product","link":"https:\/\/secureus.se\/de\/apollo-45681-284apo-xpert-7-series-isolerande-detektormontering-vit\/","title":{"rendered":"Apollo 45681-284APO Xpert 7 Serie, Isolierende Detektorhalterung, Wei\u00df"},"content":{"rendered":"<h1>Apollo 45681-284APO Xpert 7 Serie, Isolierende Detektorhalterung, Wei\u00df<\/h1>\n<p>Die Trenndetektorbaugruppe Apollo 45681-284APO Xpert 7 Series dient zum Erkennen und Isolieren von Kurzschl\u00fcssen in Systemschleifen und -spuren. Er ist mit einer LED mit hoher Helligkeit ausgestattet, die den Isolationsstatus anzeigt (gelbe LED) und sicherstellt, dass der Detektor auch unter Kurzschlussbedingungen aktiv bleibt.<\/p>\n<p class=\"\" data-start=\"784\" data-end=\"1175\">Die Isolierbasis funktioniert, indem sie Kurzschlussfehler erkennt und den betroffenen Abschnitt durch Reduzierung der Spannung isoliert. Dadurch k\u00f6nnen die Stromversorgung und Signale des betroffenen Teils automatisch wiederhergestellt werden, wenn der Fehler behoben ist.<\/p>\n<p class=\"\" data-start=\"784\" data-end=\"1175\">Dadurch wird sichergestellt, dass bei einem einzelnen Kurzschlussfehler kein Melder verloren geht. Die Basis ist mit den Ger\u00e4ten Apollo XP95, Discovery und CoreProtocol kompatibel.<\/p>\n<p class=\"\" data-start=\"1177\" data-end=\"1385\">Es ist f\u00fcr den Einsatz im Innenbereich konzipiert und verf\u00fcgt \u00fcber einen Betriebstemperaturbereich von -20 \u00b0C bis +60 \u00b0C.<\/p>\n<p class=\"\" data-start=\"1177\" data-end=\"1385\">Die Basis kann auf jeder Standardbasis installiert werden und ist eine wichtige Komponente zur Aufrechterhaltung der Integrit\u00e4t des Systems w\u00e4hrend des Betriebs.<\/p>","protected":false},"excerpt":{"rendered":"<p>Die Trennmelderbaugruppe Apollo 45681-284APO Xpert 7 Series ist mit einer LED mit hoher Helligkeit ausgestattet und erkennt Kurzschl\u00fcsse in der Verkabelung.<\/p>\n<p>Es isoliert automatisch die fehlerhaften Abschnitte der Schleife, um St\u00f6rungen zu minimieren.<\/p>","protected":false},"featured_media":150045,"template":"","meta":{"_acf_changed":false},"product_brand":[],"product_cat":[4751],"product_tag":[],"class_list":{"0":"post-150046","1":"product","2":"type-product","3":"status-publish","4":"has-post-thumbnail","6":"product_cat-xp95-serien","7":"pa_brands-apollo-fire-detectors","8":"tm-no-options","10":"first","11":"onbackorder","12":"sale","13":"taxable","14":"shipping-taxable","15":"purchasable","16":"product-type-simple"},"acf":[],"_links":{"self":[{"href":"https:\/\/secureus.se\/de\/wp-json\/wp\/v2\/product\/150046","targetHints":{"allow":["GET"]}}],"collection":[{"href":"https:\/\/secureus.se\/de\/wp-json\/wp\/v2\/product"}],"about":[{"href":"https:\/\/secureus.se\/de\/wp-json\/wp\/v2\/types\/product"}],"wp:featuredmedia":[{"embeddable":true,"href":"https:\/\/secureus.se\/de\/wp-json\/wp\/v2\/media\/150045"}],"wp:attachment":[{"href":"https:\/\/secureus.se\/de\/wp-json\/wp\/v2\/media?parent=150046"}],"wp:term":[{"taxonomy":"product_brand","embeddable":true,"href":"https:\/\/secureus.se\/de\/wp-json\/wp\/v2\/product_brand?post=150046"},{"taxonomy":"product_cat","embeddable":true,"href":"https:\/\/secureus.se\/de\/wp-json\/wp\/v2\/product_cat?post=150046"},{"taxonomy":"product_tag","embeddable":true,"href":"https:\/\/secureus.se\/de\/wp-json\/wp\/v2\/product_tag?post=150046"}],"curies":[{"name":"wp","href":"https:\/\/api.w.org\/{rel}","templated":true}]}}