{"id":150048,"date":"2025-04-03T13:23:20","date_gmt":"2025-04-03T11:23:20","guid":{"rendered":"https:\/\/secureus.se\/apollo-45681-311apo-monteringsplatta-for-hogtalar-i-xp95-serien-vit\/"},"modified":"2026-04-16T15:52:51","modified_gmt":"2026-04-16T13:52:51","slug":"apollo-45681-311apo-monteringsplatta-for-hogtalar-i-xp95-serien-vit","status":"publish","type":"product","link":"https:\/\/secureus.se\/de\/apollo-45681-311apo-monteringsplatta-for-hogtalar-i-xp95-serien-vit\/","title":{"rendered":"Apollo 45681-311APO Lautsprecher-Montageplatte der XP95-Serie, wei\u00df"},"content":{"rendered":"<h1>Apollo 45681-311APO Lautsprecher-Montageplatte der XP95-Serie, wei\u00df<\/h1>\n<p>Die Lautsprechermontageplatte der Serie XP95 von Apollo 45681-311APO ist eine praktische L\u00f6sung f\u00fcr die Montage von oberfl\u00e4chenmontierten Kabeln auf einer schleifengesteuerten Sounder-Basis.<\/p>\n<p>Die Platte soll die Installation erleichtern und eine effiziente und geordnete Kabelf\u00fchrung gew\u00e4hrleisten.<\/p>\n<p>Die Montageplatte ist mit der XP95-Serie kompatibel und erm\u00f6glicht es, eine zuverl\u00e4ssige Verbindung und Funktionalit\u00e4t von Audiokomponenten in Brandschutzsystemen sicherzustellen.<\/p>\n<p>Die wei\u00dfe Oberfl\u00e4che sorgt f\u00fcr ein diskretes und professionelles Aussehen und macht es f\u00fcr den Einsatz in einer Vielzahl von Umgebungen geeignet.<\/p>\n<p>Mit einer langen Garantie von 10 Jahren und der CE-Kennzeichnung bietet diese Montageplatte eine zuverl\u00e4ssige und langlebige L\u00f6sung f\u00fcr professionelle Installationen.<\/p>","protected":false},"excerpt":{"rendered":"<p>Die Sounder-Montageplatte der Serie Apollo 45681-311APO XP95 erleichtert die Montage von Oberfl\u00e4chenmontagekabeln an einer schleifengesteuerten Sounder-Basis.<\/p>\n<p>Diese Montageplatte gew\u00e4hrleistet eine reibungslose Installation und einen dauerhaften Betrieb.<\/p>","protected":false},"featured_media":150047,"template":"","meta":{"_acf_changed":false},"product_brand":[],"product_cat":[4751],"product_tag":[],"class_list":{"0":"post-150048","1":"product","2":"type-product","3":"status-publish","4":"has-post-thumbnail","6":"product_cat-xp95-serien","7":"pa_brands-apollo-fire-detectors","8":"tm-no-options","10":"first","11":"instock","12":"taxable","13":"shipping-taxable","14":"purchasable","15":"product-type-simple"},"acf":[],"_links":{"self":[{"href":"https:\/\/secureus.se\/de\/wp-json\/wp\/v2\/product\/150048","targetHints":{"allow":["GET"]}}],"collection":[{"href":"https:\/\/secureus.se\/de\/wp-json\/wp\/v2\/product"}],"about":[{"href":"https:\/\/secureus.se\/de\/wp-json\/wp\/v2\/types\/product"}],"wp:featuredmedia":[{"embeddable":true,"href":"https:\/\/secureus.se\/de\/wp-json\/wp\/v2\/media\/150047"}],"wp:attachment":[{"href":"https:\/\/secureus.se\/de\/wp-json\/wp\/v2\/media?parent=150048"}],"wp:term":[{"taxonomy":"product_brand","embeddable":true,"href":"https:\/\/secureus.se\/de\/wp-json\/wp\/v2\/product_brand?post=150048"},{"taxonomy":"product_cat","embeddable":true,"href":"https:\/\/secureus.se\/de\/wp-json\/wp\/v2\/product_cat?post=150048"},{"taxonomy":"product_tag","embeddable":true,"href":"https:\/\/secureus.se\/de\/wp-json\/wp\/v2\/product_tag?post=150048"}],"curies":[{"name":"wp","href":"https:\/\/api.w.org\/{rel}","templated":true}]}}