{"id":150052,"date":"2025-04-03T13:23:18","date_gmt":"2025-04-03T11:23:18","guid":{"rendered":"https:\/\/secureus.se\/apollo-55100-908apo-xp95-series-isolerande-manuell-anropspunkt-en-54-11-certifierad-rod\/"},"modified":"2026-04-16T15:54:17","modified_gmt":"2026-04-16T13:54:17","slug":"apollo-55100-908apo-xp95-series-isolerande-manuell-anropspunkt-en-54-11-certifierad-rod","status":"publish","type":"product","link":"https:\/\/secureus.se\/de\/apollo-55100-908apo-xp95-series-isolerande-manuell-anropspunkt-en-54-11-certifierad-rod\/","title":{"rendered":"Apollo 55100-908APO XP95 Serie, isolierender Handfeuermelder, EN 54-11 zertifiziert, rot"},"content":{"rendered":"<h1>Apollo 55100-908APO XP95 Serie, isolierender Handfeuermelder, EN 54-11 zertifiziert, rot<\/h1>\n<p class=\"\" data-start=\"484\" data-end=\"877\">Der isolierende manuelle Meldepunkt (MCP) der Serie Apollo 55100-908APO XP95 ist eine schnelle und effektive M\u00f6glichkeit, Feueralarme auszul\u00f6sen.<\/p>\n<p class=\"\" data-start=\"484\" data-end=\"877\">Bei Aktivierung des Meldepunkts wird der Abfragezyklus unterbrochen, um eine sehr schnelle Reaktion zu erm\u00f6glichen, sodass der Alarm in weniger als 0,2 Sekunden gemeldet werden kann.<\/p>\n<p class=\"\" data-start=\"484\" data-end=\"877\">Es ist f\u00fcr den Innenbereich konzipiert und mit XP95-, Discovery- und CoreProtocol-Systemen kompatibel.<\/p>\n<p class=\"\" data-start=\"879\" data-end=\"1309\">Die isolierende Version des MCP bietet eine sichere L\u00f6sung zur Vermeidung von Kurzschl\u00fcssen im System, w\u00e4hrend sich die nichtisolierende Version hervorragend f\u00fcr einfachere Anwendungen eignet.<\/p>\n<p class=\"\" data-start=\"879\" data-end=\"1309\">Der Meldepunkt verf\u00fcgt \u00fcber eine LED-Anzeige, die rot leuchtet, wenn der Alarm aktiviert ist, und gelb, um einen Kurzschluss anzuzeigen.<\/p>\n<p class=\"\" data-start=\"879\" data-end=\"1309\">Eine Durchgangsverbindung erleichtert die Kabelpr\u00fcfung vor der Installation und Inbetriebnahme und stellt die Systemfunktionalit\u00e4t sicher, bevor sie aktiviert wird.<\/p>\n<p data-start=\"879\" data-end=\"1309\">Die einfache Installation und Wartung machen es zu einer ausgezeichneten Wahl f\u00fcr professionelle Feueralarmsysteme. Das Produkt ist nach EN 54-11 und EN 54-15 zertifiziert, tr\u00e4gt die CE-Kennzeichnung und hat eine lange Garantie von 10 Jahren.<\/p>","protected":false},"excerpt":{"rendered":"<p>Der isolierende Handfeuermelder der Serie Apollo 55100-908APO XP95 ist f\u00fcr die schnelle und sichere Aktivierung in Feueralarmsystemen konzipiert.<\/p>\n<p>Es verf\u00fcgt \u00fcber ein einfaches Reset-Element, eine \u201ePlug-and-Play\u201c-Installation und eine Durchgangsverbindung zum Kabeltest vor der Inbetriebnahme.<\/p>","protected":false},"featured_media":150051,"template":"","meta":{"_acf_changed":false},"product_brand":[],"product_cat":[4751,4748],"product_tag":[],"class_list":{"0":"post-150052","1":"product","2":"type-product","3":"status-publish","4":"has-post-thumbnail","6":"product_cat-xp95-serien","7":"product_cat-discovery-serien","8":"pa_brands-apollo-fire-detectors","9":"tm-no-options","11":"first","12":"instock","13":"taxable","14":"shipping-taxable","15":"purchasable","16":"product-type-simple"},"acf":[],"_links":{"self":[{"href":"https:\/\/secureus.se\/de\/wp-json\/wp\/v2\/product\/150052","targetHints":{"allow":["GET"]}}],"collection":[{"href":"https:\/\/secureus.se\/de\/wp-json\/wp\/v2\/product"}],"about":[{"href":"https:\/\/secureus.se\/de\/wp-json\/wp\/v2\/types\/product"}],"wp:featuredmedia":[{"embeddable":true,"href":"https:\/\/secureus.se\/de\/wp-json\/wp\/v2\/media\/150051"}],"wp:attachment":[{"href":"https:\/\/secureus.se\/de\/wp-json\/wp\/v2\/media?parent=150052"}],"wp:term":[{"taxonomy":"product_brand","embeddable":true,"href":"https:\/\/secureus.se\/de\/wp-json\/wp\/v2\/product_brand?post=150052"},{"taxonomy":"product_cat","embeddable":true,"href":"https:\/\/secureus.se\/de\/wp-json\/wp\/v2\/product_cat?post=150052"},{"taxonomy":"product_tag","embeddable":true,"href":"https:\/\/secureus.se\/de\/wp-json\/wp\/v2\/product_tag?post=150052"}],"curies":[{"name":"wp","href":"https:\/\/api.w.org\/{rel}","templated":true}]}}