{"id":150054,"date":"2025-04-03T13:23:16","date_gmt":"2025-04-03T11:23:16","guid":{"rendered":"https:\/\/secureus.se\/apollo-45681-217apo-vattentat-kapsling-for-sockel-vit\/"},"modified":"2026-05-06T14:14:49","modified_gmt":"2026-05-06T12:14:49","slug":"apollo-45681-217apo-vattentat-kapsling-for-sockel-vit","status":"publish","type":"product","link":"https:\/\/secureus.se\/de\/apollo-45681-217apo-vattentat-kapsling-for-sockel-vit\/","title":{"rendered":"Apollo 45681-217APO Wasserdichtes Geh\u00e4use f\u00fcr Sockel, wei\u00df"},"content":{"rendered":"<h1>Apollo 45681-217APO Wasserdichtes Geh\u00e4use f\u00fcr Sockel, wei\u00df<\/h1>\n<p class=\"\" data-start=\"404\" data-end=\"756\">Das wasserdichte Basisgeh\u00e4use Apollo 45681-217APO wurde entwickelt, um Apollo-Basen, Echolote und Echolotbasen sowie visuelle Anzeigen vor dem Eindringen von Wasser oder anderen Fl\u00fcssigkeiten zu sch\u00fctzen.<\/p>\n<p class=\"\" data-start=\"404\" data-end=\"756\">Dieses Geh\u00e4use stellt sicher, dass das Feuermeldesystem auch in rauen Umgebungen, in denen Wassersch\u00e4den ein Problem darstellen k\u00f6nnen, zuverl\u00e4ssig funktioniert.<\/p>\n<p class=\"\" data-start=\"758\" data-end=\"1127\">Die Montagebox ist einfach zu installieren und kann f\u00fcr eine Vielzahl von Apollo-Basen verwendet werden.<\/p>\n<p class=\"\" data-start=\"758\" data-end=\"1127\">F\u00fcr die Installation bestimmter Ger\u00e4te wie XP95- oder Discovery-Detektoren kann die Verwendung eines separaten Zubeh\u00f6rsatzes (Teilenummer 45681-218) erforderlich sein.<\/p>\n<p class=\"\" data-start=\"758\" data-end=\"1127\">Dieses Set enth\u00e4lt einen Verl\u00e4ngerungsschlauch und einen Adapterring zur Installation von Ger\u00e4ten mit tieferen Sockeln oder Schallgebern.<\/p>\n<p data-start=\"758\" data-end=\"1127\">Das wasserdichte Geh\u00e4use verf\u00fcgt \u00fcber eine robuste Konstruktion und eignet sich perfekt f\u00fcr den Einsatz in gewerblichen und industriellen Umgebungen.<\/p>\n<p data-start=\"758\" data-end=\"1127\">Es ist f\u00fcr den Einsatz in Umgebungen mit hoher Luftfeuchtigkeit ausgelegt und stellt eine zuverl\u00e4ssige L\u00f6sung zur Gew\u00e4hrleistung der langfristigen Leistung des Brandschutzsystems dar.<\/p>","protected":false},"excerpt":{"rendered":"<p>Das wasserdichte Basisgeh\u00e4use Apollo 45681-217APO bietet Schutz vor eindringendem Wasser und verbessert die Leistung verschiedener Apollo-Basen.<\/p>\n<p>Es eignet sich ideal f\u00fcr die Installation in Umgebungen, in denen die Ger\u00e4te mit Fl\u00fcssigkeiten in Ber\u00fchrung kommen k\u00f6nnen.<\/p>","protected":false},"featured_media":150053,"template":"","meta":{"_acf_changed":false},"product_brand":[],"product_cat":[4751],"product_tag":[],"class_list":{"0":"post-150054","1":"product","2":"type-product","3":"status-publish","4":"has-post-thumbnail","6":"product_cat-xp95-serien","7":"pa_brands-apollo-fire-detectors","8":"tm-no-options","10":"first","11":"instock","12":"sale","13":"taxable","14":"shipping-taxable","15":"purchasable","16":"product-type-simple"},"acf":[],"_links":{"self":[{"href":"https:\/\/secureus.se\/de\/wp-json\/wp\/v2\/product\/150054","targetHints":{"allow":["GET"]}}],"collection":[{"href":"https:\/\/secureus.se\/de\/wp-json\/wp\/v2\/product"}],"about":[{"href":"https:\/\/secureus.se\/de\/wp-json\/wp\/v2\/types\/product"}],"wp:featuredmedia":[{"embeddable":true,"href":"https:\/\/secureus.se\/de\/wp-json\/wp\/v2\/media\/150053"}],"wp:attachment":[{"href":"https:\/\/secureus.se\/de\/wp-json\/wp\/v2\/media?parent=150054"}],"wp:term":[{"taxonomy":"product_brand","embeddable":true,"href":"https:\/\/secureus.se\/de\/wp-json\/wp\/v2\/product_brand?post=150054"},{"taxonomy":"product_cat","embeddable":true,"href":"https:\/\/secureus.se\/de\/wp-json\/wp\/v2\/product_cat?post=150054"},{"taxonomy":"product_tag","embeddable":true,"href":"https:\/\/secureus.se\/de\/wp-json\/wp\/v2\/product_tag?post=150054"}],"curies":[{"name":"wp","href":"https:\/\/api.w.org\/{rel}","templated":true}]}}