{"id":150056,"date":"2025-04-03T13:23:16","date_gmt":"2025-04-03T11:23:16","guid":{"rendered":"https:\/\/secureus.se\/apollo-55000-401apo-xp95-series-varmedetektor-cs-55c-vit\/"},"modified":"2026-04-09T11:32:39","modified_gmt":"2026-04-09T09:32:39","slug":"apollo-55000-401apo-xp95-series-varmedetektor-cs-55c-vit","status":"publish","type":"product","link":"https:\/\/secureus.se\/de\/apollo-55000-401apo-xp95-series-varmedetektor-cs-55c-vit\/","title":{"rendered":"Apollo 55000-401APO XP95 Serie, W\u00e4rmemelder CS 55\u00b0C, wei\u00df"},"content":{"rendered":"<h1>Apollo 55000-401APO XP95 Serie, W\u00e4rmemelder CS 55\u00b0C, wei\u00df<\/h1>\n<p class=\"\" data-start=\"410\" data-end=\"835\">Der W\u00e4rmemelder der Serie Apollo 55000-401APO XP95 ist eine zuverl\u00e4ssige L\u00f6sung zur Temperatur\u00fcberwachung in schwer zug\u00e4nglichen oder schmutzigen Umgebungen.<\/p>\n<p class=\"\" data-start=\"410\" data-end=\"835\">Es verwendet einen einzelnen Thermistor zur \u00dcberwachung der Temperatur und liefert einen Z\u00e4hlwertausgang, der proportional zur Au\u00dfenlufttemperatur ist.<\/p>\n<p class=\"\" data-start=\"410\" data-end=\"835\">Bei einer Temperatur von 55 \u00b0C wird ein Alarm ausgel\u00f6st, daher ist es ideal f\u00fcr Bereiche, in denen normale Melder nicht ausreichen.<\/p>\n<p class=\"\" data-start=\"837\" data-end=\"1221\">Der Detektor ist unabh\u00e4ngig von Wind und Luftdruck und funktioniert daher unter unterschiedlichsten Bedingungen zuverl\u00e4ssig.<\/p>\n<p class=\"\" data-start=\"837\" data-end=\"1221\">Es ist au\u00dferdem f\u00fcr eine hohe relative Luftfeuchtigkeit (bis zu 95%) ausgelegt und kann in einer Vielzahl von Innenr\u00e4umen verwendet werden.<\/p>\n<p class=\"\" data-start=\"837\" data-end=\"1221\">Mit einer Lebensdauer von 10 Jahren und einer CE-Zertifizierung ist dieser W\u00e4rmemelder eine zuverl\u00e4ssige und langlebige L\u00f6sung f\u00fcr Brandmeldeanlagen.<\/p>","protected":false},"excerpt":{"rendered":"<p>Der W\u00e4rmemelder CS 55\u00b0C der Serie XP95 von Apollo 55000-401APO ist f\u00fcr die \u00dcberwachung der Temperatur in Umgebungen konzipiert, in denen es zu Verschmutzungen oder Rauch kommen kann.<\/p>\n<p>Es meldet Alarm bei 55\u00b0C und ist unabh\u00e4ngig von Wind und Luftdruck.<\/p>","protected":false},"featured_media":150055,"template":"","meta":{"_acf_changed":false},"product_brand":[],"product_cat":[4751],"product_tag":[],"class_list":{"0":"post-150056","1":"product","2":"type-product","3":"status-publish","4":"has-post-thumbnail","6":"product_cat-xp95-serien","7":"pa_brands-apollo-fire-detectors","8":"tm-no-options","10":"first","11":"onbackorder","12":"taxable","13":"shipping-taxable","14":"purchasable","15":"product-type-simple"},"acf":[],"_links":{"self":[{"href":"https:\/\/secureus.se\/de\/wp-json\/wp\/v2\/product\/150056","targetHints":{"allow":["GET"]}}],"collection":[{"href":"https:\/\/secureus.se\/de\/wp-json\/wp\/v2\/product"}],"about":[{"href":"https:\/\/secureus.se\/de\/wp-json\/wp\/v2\/types\/product"}],"wp:featuredmedia":[{"embeddable":true,"href":"https:\/\/secureus.se\/de\/wp-json\/wp\/v2\/media\/150055"}],"wp:attachment":[{"href":"https:\/\/secureus.se\/de\/wp-json\/wp\/v2\/media?parent=150056"}],"wp:term":[{"taxonomy":"product_brand","embeddable":true,"href":"https:\/\/secureus.se\/de\/wp-json\/wp\/v2\/product_brand?post=150056"},{"taxonomy":"product_cat","embeddable":true,"href":"https:\/\/secureus.se\/de\/wp-json\/wp\/v2\/product_cat?post=150056"},{"taxonomy":"product_tag","embeddable":true,"href":"https:\/\/secureus.se\/de\/wp-json\/wp\/v2\/product_tag?post=150056"}],"curies":[{"name":"wp","href":"https:\/\/api.w.org\/{rel}","templated":true}]}}