{"id":150060,"date":"2025-04-03T13:23:11","date_gmt":"2025-04-03T11:23:11","guid":{"rendered":"https:\/\/secureus.se\/apollo-55000-005apo-xp95-series-isolerande-ljudfyr-for-oppen-miljo-100-db-a-for-anvandning-inomhus-en-54-3-kompatibel-rod-blixt-och-rod-kropp\/"},"modified":"2026-03-27T18:11:00","modified_gmt":"2026-03-27T17:11:00","slug":"apollo-55000-005apo-xp95-series-isolerande-ljudfyr-for-oppen-miljo-100-db-a-for-anvandning-inomhus-en-54-3-kompatibel-rod-blixt-och-rod-kropp","status":"publish","type":"product","link":"https:\/\/secureus.se\/de\/apollo-55000-005apo-xp95-series-isolerande-ljudfyr-for-oppen-miljo-100-db-a-for-anvandning-inomhus-en-54-3-kompatibel-rod-blixt-och-rod-kropp\/","title":{"rendered":"Apollo 55000-005APO XP95-Serie, schalld\u00e4mmendes Signal f\u00fcr offene Umgebungen 100 dB A, f\u00fcr den Innenbereich, EN 54-3-konform, roter Blitz und rotes Geh\u00e4use"},"content":{"rendered":"<h1>Apollo 55000-005APO XP95-Serie, schalld\u00e4mmendes Signal f\u00fcr offene Umgebungen 100 dB A, f\u00fcr den Innenbereich, EN 54-3-konform, roter Blitz und rotes Geh\u00e4use<\/h1>\n<p class=\"\" data-start=\"431\" data-end=\"815\">Das Apollo 55000-005APO XP95 Series Open Environment Isolating Sound Beacon ist ein fortschrittliches Ger\u00e4t mit akustischen und visuellen Warnungen und eignet sich daher ideal f\u00fcr den Einsatz in offenen R\u00e4umen, in denen m\u00f6glicherweise mehrere Ger\u00e4te gleichzeitig geh\u00f6rt werden m\u00fcssen.<\/p>\n<p class=\"\" data-start=\"431\" data-end=\"815\">Mit einem Schallpegel von 100 dB(A) und einem roten Blitz sorgt dieses Ger\u00e4t f\u00fcr eine deutlich h\u00f6r- und sichtbare Feuermeldung.<\/p>\n<p class=\"\" data-start=\"817\" data-end=\"1173\">Das Ger\u00e4t wird \u00fcber die Schleife mit Strom versorgt und ben\u00f6tigt keine externe Stromversorgung. Es arbeitet mit 17\u201328 V Gleichstrom und ist polarit\u00e4tsempfindlich.<\/p>\n<p class=\"\" data-start=\"817\" data-end=\"1173\">Das akustische Signal l\u00e4sst sich auf eine Lautst\u00e4rke von entweder 92 dB(A) oder 100 dB(A) einstellen und verf\u00fcgt \u00fcber drei w\u00e4hlbare T\u00f6ne: Apollo, Slow-Whoop und DIN. Bei Bedarf k\u00f6nnen sowohl Audiosignale als auch die Blitzsynchronisation \u00fcber das Bedienfeld aktiviert werden.<\/p>\n<p class=\"\" data-start=\"1175\" data-end=\"1427\">Das Ger\u00e4t ist au\u00dferdem mit XP95-, Discovery- und CoreProtocol-Systemen kompatibel und kann einzeln oder als Gruppe angesprochen werden.<\/p>\n<p class=\"\" data-start=\"1175\" data-end=\"1427\">Es ist gem\u00e4\u00df IP65 gegen das Eindringen von Staub und Wasser gesch\u00fctzt und eignet sich daher perfekt sowohl f\u00fcr den Einsatz in Innenr\u00e4umen als auch in raueren Umgebungen.<\/p>","protected":false},"excerpt":{"rendered":"<p>Der Sounder f\u00fcr offene Umgebungen der Serie Apollo 55000-005APO XP95 dient zur akustischen und optischen Warnung vor Br\u00e4nden in offenen R\u00e4umen.<\/p>\n<p>Es verf\u00fcgt \u00fcber einen Schallpegel von 100 dB (A), einen roten Blitz und ist EN 54-3-konform.<\/p>","protected":false},"featured_media":150059,"template":"","meta":{"_acf_changed":false},"product_brand":[],"product_cat":[4751,4748],"product_tag":[],"class_list":{"0":"post-150060","1":"product","2":"type-product","3":"status-publish","4":"has-post-thumbnail","6":"product_cat-xp95-serien","7":"product_cat-discovery-serien","8":"pa_brands-apollo-fire-detectors","9":"tm-no-options","11":"first","12":"instock","13":"sale","14":"taxable","15":"shipping-taxable","16":"purchasable","17":"product-type-simple"},"acf":[],"_links":{"self":[{"href":"https:\/\/secureus.se\/de\/wp-json\/wp\/v2\/product\/150060","targetHints":{"allow":["GET"]}}],"collection":[{"href":"https:\/\/secureus.se\/de\/wp-json\/wp\/v2\/product"}],"about":[{"href":"https:\/\/secureus.se\/de\/wp-json\/wp\/v2\/types\/product"}],"wp:featuredmedia":[{"embeddable":true,"href":"https:\/\/secureus.se\/de\/wp-json\/wp\/v2\/media\/150059"}],"wp:attachment":[{"href":"https:\/\/secureus.se\/de\/wp-json\/wp\/v2\/media?parent=150060"}],"wp:term":[{"taxonomy":"product_brand","embeddable":true,"href":"https:\/\/secureus.se\/de\/wp-json\/wp\/v2\/product_brand?post=150060"},{"taxonomy":"product_cat","embeddable":true,"href":"https:\/\/secureus.se\/de\/wp-json\/wp\/v2\/product_cat?post=150060"},{"taxonomy":"product_tag","embeddable":true,"href":"https:\/\/secureus.se\/de\/wp-json\/wp\/v2\/product_tag?post=150060"}],"curies":[{"name":"wp","href":"https:\/\/api.w.org\/{rel}","templated":true}]}}