{"id":150062,"date":"2025-04-03T13:23:11","date_gmt":"2025-04-03T11:23:11","guid":{"rendered":"https:\/\/secureus.se\/apollo-55000-420apo-xp95-series-a2s-55c-varmedetektor-vit\/"},"modified":"2026-04-01T15:52:58","modified_gmt":"2026-04-01T13:52:58","slug":"apollo-55000-420apo-xp95-series-a2s-55c-varmedetektor-vit","status":"publish","type":"product","link":"https:\/\/secureus.se\/de\/apollo-55000-420apo-xp95-series-a2s-55c-varmedetektor-vit\/","title":{"rendered":"Apollo 55000-420APO XP95-Serie, A2S 55\u00b0C W\u00e4rmemelder, wei\u00df"},"content":{"rendered":"<h1>Apollo 55000-420APO XP95-Serie, A2S 55\u00b0C W\u00e4rmemelder, wei\u00df<\/h1>\n<p class=\"\" data-start=\"469\" data-end=\"871\">Der W\u00e4rmemelder Apollo 55000-420APO XP95 Serie A2S 55\u00b0C verwendet einen Thermistor zur genauen \u00dcberwachung der Temperatur und liefert einen analogen Ausgang proportional zur Au\u00dfenlufttemperatur.<\/p>\n<p class=\"\" data-start=\"469\" data-end=\"871\">Es gibt einen Alarm aus, wenn die Temperatur 55 \u00b0C erreicht, und eignet sich daher ideal f\u00fcr den Einsatz in m\u00f6glicherweise kontaminierten Umgebungen oder dort, wo andere Erkennungsmethoden nicht zuverl\u00e4ssig sind.<\/p>\n<p class=\"\" data-start=\"873\" data-end=\"1229\">Der Detektor ist polarit\u00e4tsempfindlich und arbeitet mit einer Spannung von 17 V bis 28 V DC. Es ist f\u00fcr den Anschluss an XP95-, Discovery- und XPlorer-Systeme konzipiert und wird nicht durch Wind oder atmosph\u00e4rische Ver\u00e4nderungen beeinflusst.<\/p>\n<p class=\"\" data-start=\"873\" data-end=\"1229\">Mit einer maximalen relativen Luftfeuchtigkeit von 95% und einer Betriebstemperatur von -20 \u00b0C bis +70 \u00b0C ist dieser Detektor sowohl robust als auch zuverl\u00e4ssig.<\/p>\n<p data-start=\"873\" data-end=\"1229\">Es handelt sich um eine hervorragende L\u00f6sung f\u00fcr die Brand\u00fcberwachung in rauen Umgebungen, in denen es wichtig ist, sich unter allen Bedingungen auf die Sicherheit verlassen zu k\u00f6nnen.<\/p>","protected":false},"excerpt":{"rendered":"<p>Der W\u00e4rmemelder Apollo 55000-420APO XP95 Serie A2S 55 \u00b0C ist f\u00fcr die \u00dcberwachung von Temperatur\u00e4nderungen in Umgebungen konzipiert, die typischerweise schmutzig oder rauchig sind.<\/p>\n<p>Es ist unabh\u00e4ngig von Wind und Luftdruck und eignet sich perfekt, um die Sicherheit in solch anspruchsvollen Umgebungen zu gew\u00e4hrleisten.<\/p>","protected":false},"featured_media":150061,"template":"","meta":{"_acf_changed":false},"product_brand":[],"product_cat":[4751],"product_tag":[],"class_list":{"0":"post-150062","1":"product","2":"type-product","3":"status-publish","4":"has-post-thumbnail","6":"product_cat-xp95-serien","7":"pa_brands-apollo-fire-detectors","8":"tm-no-options","10":"first","11":"instock","12":"sale","13":"taxable","14":"shipping-taxable","15":"purchasable","16":"product-type-simple"},"acf":[],"_links":{"self":[{"href":"https:\/\/secureus.se\/de\/wp-json\/wp\/v2\/product\/150062","targetHints":{"allow":["GET"]}}],"collection":[{"href":"https:\/\/secureus.se\/de\/wp-json\/wp\/v2\/product"}],"about":[{"href":"https:\/\/secureus.se\/de\/wp-json\/wp\/v2\/types\/product"}],"wp:featuredmedia":[{"embeddable":true,"href":"https:\/\/secureus.se\/de\/wp-json\/wp\/v2\/media\/150061"}],"wp:attachment":[{"href":"https:\/\/secureus.se\/de\/wp-json\/wp\/v2\/media?parent=150062"}],"wp:term":[{"taxonomy":"product_brand","embeddable":true,"href":"https:\/\/secureus.se\/de\/wp-json\/wp\/v2\/product_brand?post=150062"},{"taxonomy":"product_cat","embeddable":true,"href":"https:\/\/secureus.se\/de\/wp-json\/wp\/v2\/product_cat?post=150062"},{"taxonomy":"product_tag","embeddable":true,"href":"https:\/\/secureus.se\/de\/wp-json\/wp\/v2\/product_tag?post=150062"}],"curies":[{"name":"wp","href":"https:\/\/api.w.org\/{rel}","templated":true}]}}