{"id":150066,"date":"2025-04-03T12:59:57","date_gmt":"2025-04-03T10:59:57","guid":{"rendered":"https:\/\/secureus.se\/varmedetektor-58-5351te\/"},"modified":"2026-03-26T11:06:06","modified_gmt":"2026-03-26T10:06:06","slug":"varmedetektor-58-5351te","status":"publish","type":"product","link":"https:\/\/secureus.se\/de\/varmedetektor-58-5351te\/","title":{"rendered":"W\u00e4rmemelder 5351TE \u2013 58\u00b0 \u2013 Systemsensor"},"content":{"rendered":"<h1 data-pm-slice=\"1 1 []\">W\u00e4rmemelder 58\u00b0 5351TE<\/h1>\n<p class=\"\" data-start=\"515\" data-end=\"1017\">Der W\u00e4rmemelder 5351TE von System Sensor geh\u00f6rt zur konventionellen Serie 300 und nutzt moderne Technologie zur pr\u00e4zisen und effektiven Branderkennung.<\/p>\n<p class=\"\" data-start=\"515\" data-end=\"1017\">Es ist speziell f\u00fcr Umgebungen geeignet, in denen Rauchmelder nicht geeignet sind, beispielsweise bei hoher Luftverschmutzung.<\/p>\n<p class=\"\" data-start=\"515\" data-end=\"1017\">Der Detektor ist mit einer zweifarbigen LED ausgestattet, die eine klare Statusanzeige liefert (gr\u00fcn f\u00fcr Normalbetrieb, rot f\u00fcr Alarm).<\/p>\n<p class=\"\" data-start=\"515\" data-end=\"1017\">Eine programmierbare Funktion erm\u00f6glicht es, dass das LED-Licht je nach Wunsch des Benutzers blinkt oder dauerhaft leuchtet.<\/p>\n<p class=\"\" data-start=\"1019\" data-end=\"1467\">Es verf\u00fcgt \u00fcber einen weiten Betriebsspannungsbereich und kann mit kompatiblen Sockeln wie B401R, B401DGR oder B401SD installiert werden.<\/p>\n<p class=\"\" data-start=\"1019\" data-end=\"1467\">Dar\u00fcber hinaus ist der Detektor abw\u00e4rtskompatibel zur Serie 100 und kann problemlos in bestehende Installationen integriert werden.<\/p>\n<p class=\"\" data-start=\"1019\" data-end=\"1467\">F\u00fcr erweiterte Funktionen kann ein Handprogrammierer zum Lesen und Schreiben von Wartungsdaten und Temperaturwerten sowie zum Durchf\u00fchren von Alarmtests verwendet werden, ohne den Detektor von der Basis zu entfernen.<\/p>\n<p class=\"\" data-start=\"1019\" data-end=\"1467\">Zugelassen gem\u00e4\u00df der Norm EN54-5.<\/p>","protected":false},"excerpt":{"rendered":"<p>Der W\u00e4rmemelder 5351TE ist ein herk\u00f6mmlicher Temperaturmelder mit einer maximalen Erfassungsgrenze von 58 \u00b0C.<\/p>\n<p>Es eignet sich ideal f\u00fcr den Einsatz in Umgebungen mit hoher Luftverschmutzung, wie beispielsweise Heizungsr\u00e4umen und K\u00fcchen.<\/p>\n<p>Der programmierbare Detektor hat einen geringen Stromverbrauch und bietet eine Driftkompensation gegen Verunreinigungen.<\/p>","protected":false},"featured_media":150065,"template":"","meta":{"_acf_changed":false},"product_brand":[],"product_cat":[4754,4157],"product_tag":[],"class_list":{"0":"post-150066","1":"product","2":"type-product","3":"status-publish","4":"has-post-thumbnail","6":"product_cat-system-sensor-300-serien","7":"product_cat-varmedetektor","8":"tm-no-options","10":"first","11":"instock","12":"sale","13":"taxable","14":"shipping-taxable","15":"purchasable","16":"product-type-simple"},"acf":[],"_links":{"self":[{"href":"https:\/\/secureus.se\/de\/wp-json\/wp\/v2\/product\/150066","targetHints":{"allow":["GET"]}}],"collection":[{"href":"https:\/\/secureus.se\/de\/wp-json\/wp\/v2\/product"}],"about":[{"href":"https:\/\/secureus.se\/de\/wp-json\/wp\/v2\/types\/product"}],"wp:featuredmedia":[{"embeddable":true,"href":"https:\/\/secureus.se\/de\/wp-json\/wp\/v2\/media\/150065"}],"wp:attachment":[{"href":"https:\/\/secureus.se\/de\/wp-json\/wp\/v2\/media?parent=150066"}],"wp:term":[{"taxonomy":"product_brand","embeddable":true,"href":"https:\/\/secureus.se\/de\/wp-json\/wp\/v2\/product_brand?post=150066"},{"taxonomy":"product_cat","embeddable":true,"href":"https:\/\/secureus.se\/de\/wp-json\/wp\/v2\/product_cat?post=150066"},{"taxonomy":"product_tag","embeddable":true,"href":"https:\/\/secureus.se\/de\/wp-json\/wp\/v2\/product_tag?post=150066"}],"curies":[{"name":"wp","href":"https:\/\/api.w.org\/{rel}","templated":true}]}}