{"id":150068,"date":"2025-04-03T12:59:55","date_gmt":"2025-04-03T10:59:55","guid":{"rendered":"https:\/\/secureus.se\/system-sensor-2351tem-a-flerkriteriedetektor-for-optiskt-och-termiskt-brandlarm-analogt-adresserbart-vit\/"},"modified":"2026-04-01T15:52:48","modified_gmt":"2026-04-01T13:52:48","slug":"system-sensor-2351tem-a-flerkriteriedetektor-for-optiskt-och-termiskt-brandlarm-analogt-adresserbart-vit","status":"publish","type":"product","link":"https:\/\/secureus.se\/de\/system-sensor-2351tem-a-flerkriteriedetektor-for-optiskt-och-termiskt-brandlarm-analogt-adresserbart-vit\/","title":{"rendered":"System Sensor 2351TEM-A Multikriterienmelder f\u00fcr optischen und thermischen Brandalarm, analog adressierbar, wei\u00df"},"content":{"rendered":"<h1>System Sensor 2351TEM-A Multikriterienmelder f\u00fcr optischen und thermischen Brandalarm, analog adressierbar<\/h1>\n<p class=\"\" data-start=\"524\" data-end=\"1015\">System Sensor 2351TEM-A ist ein fotoelektrischer Rauch- und W\u00e4rmemelder, der sowohl optische als auch thermische Erkennungstechnologien kombiniert.<\/p>\n<p class=\"\" data-start=\"524\" data-end=\"1015\">Es ist mit einer optischen Kammer und einem thermischen Element ausgestattet, das kontinuierlich von einem eingebauten Prozessor \u00fcberwacht wird.<\/p>\n<p class=\"\" data-start=\"524\" data-end=\"1015\">Der fortschrittliche Prozessor verwendet Algorithmen, die f\u00fcr die pr\u00e4zise Erkennung von Feuer entwickelt wurden, wodurch das Risiko von Fehlalarmen minimiert wird.<\/p>\n<p class=\"\" data-start=\"524\" data-end=\"1015\">Eine Alarmierung erfolgt nur, wenn der Prozessor sicher ist, dass ein beginnender Brand erkannt wurde.<\/p>\n<p class=\"\" data-start=\"1017\" data-end=\"1496\">Der Detektor ist programmierbar und bietet Funktionen wie automatische Driftkompensation und programmierbare Empfindlichkeit (niedrig, mittel, hoch), wodurch sichergestellt wird, dass er in der Umgebung, in der er installiert wird, immer optimal funktioniert.<\/p>\n<p class=\"\" data-start=\"1017\" data-end=\"1496\">Zur Vereinfachung der Wartung k\u00f6nnen mit einem Handpr\u00fcfger\u00e4t das Datum der letzten Wartung, der Verschmutzungsgrad und der Wert des Heizelements abgelesen werden.<\/p>\n<p class=\"\" data-start=\"1017\" data-end=\"1496\">Es verf\u00fcgt au\u00dferdem \u00fcber eine zweifarbige LED, die den Detektorstatus anzeigt (gr\u00fcn f\u00fcr Normalbetrieb, rot f\u00fcr Alarm).<\/p>\n<p class=\"\" data-start=\"1498\" data-end=\"1754\">Mit einem weiten Betriebsspannungsbereich von 8\u201330\u00a0VDC und Abw\u00e4rtskompatibilit\u00e4t mit Basen der Serie 100 kann der 2351TEM-A problemlos in vorhandene Systeme integriert werden.<\/p>\n<p class=\"\" data-start=\"1498\" data-end=\"1754\">Es ist nach EN54-7 und EN54-5 zugelassen und stellt somit eine sichere und zuverl\u00e4ssige L\u00f6sung f\u00fcr Feueralarme dar.<\/p>","protected":false},"excerpt":{"rendered":"<p>System Sensor 2351TEM-A ist ein Multifunktions-Brandmelder, der optische und thermische Erkennung kombiniert, um hohe Sicherheit zu gew\u00e4hrleisten.<\/p>\n<p>Es bietet eine erweiterte Driftkompensation und ist adressierbar, sodass es sich sowohl f\u00fcr Neuinstallationen als auch f\u00fcr Upgrades perfekt eignet.<\/p>","protected":false},"featured_media":150067,"template":"","meta":{"_acf_changed":false},"product_brand":[],"product_cat":[4754,3373],"product_tag":[],"class_list":{"0":"post-150068","1":"product","2":"type-product","3":"status-publish","4":"has-post-thumbnail","6":"product_cat-system-sensor-300-serien","7":"product_cat-rokdetektorer","8":"pa_brands-system-sensor","9":"tm-no-options","11":"first","12":"onbackorder","13":"sale","14":"taxable","15":"shipping-taxable","16":"purchasable","17":"product-type-simple"},"acf":[],"_links":{"self":[{"href":"https:\/\/secureus.se\/de\/wp-json\/wp\/v2\/product\/150068","targetHints":{"allow":["GET"]}}],"collection":[{"href":"https:\/\/secureus.se\/de\/wp-json\/wp\/v2\/product"}],"about":[{"href":"https:\/\/secureus.se\/de\/wp-json\/wp\/v2\/types\/product"}],"wp:featuredmedia":[{"embeddable":true,"href":"https:\/\/secureus.se\/de\/wp-json\/wp\/v2\/media\/150067"}],"wp:attachment":[{"href":"https:\/\/secureus.se\/de\/wp-json\/wp\/v2\/media?parent=150068"}],"wp:term":[{"taxonomy":"product_brand","embeddable":true,"href":"https:\/\/secureus.se\/de\/wp-json\/wp\/v2\/product_brand?post=150068"},{"taxonomy":"product_cat","embeddable":true,"href":"https:\/\/secureus.se\/de\/wp-json\/wp\/v2\/product_cat?post=150068"},{"taxonomy":"product_tag","embeddable":true,"href":"https:\/\/secureus.se\/de\/wp-json\/wp\/v2\/product_tag?post=150068"}],"curies":[{"name":"wp","href":"https:\/\/api.w.org\/{rel}","templated":true}]}}