{"id":150070,"date":"2025-04-03T12:50:27","date_gmt":"2025-04-03T10:50:27","guid":{"rendered":"https:\/\/secureus.se\/detektorsock-470r-hog-b401dgr\/"},"modified":"2026-04-23T10:17:14","modified_gmt":"2026-04-23T08:17:14","slug":"detektorsock-470r-hog-b401dgr","status":"publish","type":"product","link":"https:\/\/secureus.se\/de\/detektorsock-470r-hog-b401dgr\/","title":{"rendered":"DETEKTORSOCKE. 470R HOCH B401DGR"},"content":{"rendered":"<h1>DETEKTORSOCKE. 470R HOCH B401DGR<\/h1>\n<p class=\"\" data-start=\"419\" data-end=\"733\">Der B401DGR ist ein robuster Detektorsockel, der Teil der 300er-Serie von System Sensor ist.<\/p>\n<p class=\"\" data-start=\"419\" data-end=\"733\">Es ist speziell f\u00fcr die Verwendung mit Detektoren konzipiert, die einen 470-Ohm-Alarmwiderstand ben\u00f6tigen.<\/p>\n<p class=\"\" data-start=\"419\" data-end=\"733\">Der Sockel hat eine H\u00f6he von 26 mm und besteht aus strapazierf\u00e4higem ABS-Material, das eine langfristige Nutzung und hohe Haltbarkeit gew\u00e4hrleistet.<\/p>\n<p class=\"\" data-start=\"735\" data-end=\"1076\">Es ist mit einem Klemmenanschluss ausgestattet, der Kabel mit einer Dicke zwischen 0,4 und 2 mm\u00b2 unterst\u00fctzt.<\/p>\n<p class=\"\" data-start=\"735\" data-end=\"1076\">Dar\u00fcber hinaus verf\u00fcgt die Steckdose \u00fcber eine Funktion zum Anschluss einer Anzeige f\u00fcr einen versteckten Melder, was die Detektionsleistung und den Bedienkomfort verbessert.<\/p>\n<p class=\"\" data-start=\"735\" data-end=\"1076\">Die Farbe des Sockels ist eng an RAL 9016 angelehnt und sorgt so f\u00fcr ein klares und neutrales Design.<\/p>","protected":false},"excerpt":{"rendered":"<p>Der B401DGR ist ein hoher Detektorsockel f\u00fcr die 300er-Serie, der mit einem 470-Ohm-Alarmwiderstand ausgestattet ist.<\/p>\n<p>Es ist 26 mm hoch und bietet die M\u00f6glichkeit, eine versteckte Melderanzeige anzuschlie\u00dfen.<\/p>","protected":false},"featured_media":150069,"template":"","meta":{"_acf_changed":false},"product_brand":[],"product_cat":[4754],"product_tag":[],"class_list":{"0":"post-150070","1":"product","2":"type-product","3":"status-publish","4":"has-post-thumbnail","6":"product_cat-system-sensor-300-serien","7":"tm-no-options","9":"first","10":"instock","11":"sale","12":"taxable","13":"shipping-taxable","14":"purchasable","15":"product-type-simple"},"acf":[],"_links":{"self":[{"href":"https:\/\/secureus.se\/de\/wp-json\/wp\/v2\/product\/150070","targetHints":{"allow":["GET"]}}],"collection":[{"href":"https:\/\/secureus.se\/de\/wp-json\/wp\/v2\/product"}],"about":[{"href":"https:\/\/secureus.se\/de\/wp-json\/wp\/v2\/types\/product"}],"wp:featuredmedia":[{"embeddable":true,"href":"https:\/\/secureus.se\/de\/wp-json\/wp\/v2\/media\/150069"}],"wp:attachment":[{"href":"https:\/\/secureus.se\/de\/wp-json\/wp\/v2\/media?parent=150070"}],"wp:term":[{"taxonomy":"product_brand","embeddable":true,"href":"https:\/\/secureus.se\/de\/wp-json\/wp\/v2\/product_brand?post=150070"},{"taxonomy":"product_cat","embeddable":true,"href":"https:\/\/secureus.se\/de\/wp-json\/wp\/v2\/product_cat?post=150070"},{"taxonomy":"product_tag","embeddable":true,"href":"https:\/\/secureus.se\/de\/wp-json\/wp\/v2\/product_tag?post=150070"}],"curies":[{"name":"wp","href":"https:\/\/api.w.org\/{rel}","templated":true}]}}