{"id":150082,"date":"2025-04-03T12:22:17","date_gmt":"2025-04-03T10:22:17","guid":{"rendered":"https:\/\/secureus.se\/system-sensor-eco1005t-a-eco-varmedetektor-58\/"},"modified":"2026-03-26T14:10:23","modified_gmt":"2026-03-26T13:10:23","slug":"system-sensor-eco1005t-a-eco-varmedetektor-58","status":"publish","type":"product","link":"https:\/\/secureus.se\/de\/system-sensor-eco1005t-a-eco-varmedetektor-58\/","title":{"rendered":"System Sensor ECO1005T A ECO W\u00e4rmemelder, 58\u00b0"},"content":{"rendered":"<h1>System Sensor ECO1005T A ECO W\u00e4rmemelder, 58\u00b0<\/h1>\n<p class=\"\" data-start=\"466\" data-end=\"866\">Der System Sensor ECO1005T A ist ein effizienter und zuverl\u00e4ssiger W\u00e4rmemelder der Serie ECO1000.<\/p>\n<p class=\"\" data-start=\"466\" data-end=\"866\">Mit einer Betriebstemperatur von 58 \u00b0C eignet es sich besonders f\u00fcr Umgebungen mit schnellen Temperaturschwankungen, wie beispielsweise K\u00fcchen.<\/p>\n<p class=\"\" data-start=\"466\" data-end=\"866\">Es kombiniert ein hochmodernes Thermoelement mit einem anwendungsspezifischen integrierten Schaltkreis (ASIC), um eine schnelle und genaue Branderkennung zu gew\u00e4hrleisten.<\/p>\n<p class=\"\" data-start=\"868\" data-end=\"1222\">Eine der erweiterten Funktionen des ECO1005T A ist das laserbasierte tragbare Ferntestger\u00e4t, mit dem der Detektor aus der Ferne getestet werden kann, ohne dass ein physischer Zugriff auf das Ger\u00e4t erforderlich ist.<\/p>\n<p class=\"\" data-start=\"868\" data-end=\"1222\">Dies macht die Wartung einfach und effizient. Eine eingebaute LED sorgt f\u00fcr ein lokales Alarmsignal, das leuchtet, bis der Detektor durch einen Stromausfall zur\u00fcckgesetzt wird.<\/p>\n<p class=\"\" data-start=\"1224\" data-end=\"1568\">Der Detektor funktioniert sowohl mit 12-V- als auch mit 24-VDC-Systemen und hat einen geringen Stromverbrauch, was ihn kosteng\u00fcnstig und langlebig macht.<\/p>\n<p class=\"\" data-start=\"1224\" data-end=\"1568\">Es ist gem\u00e4\u00df EN54-5:2000 Klasse A2S zugelassen und bietet eine erweiterte Garantie f\u00fcr zus\u00e4tzliche Sicherheit.<\/p>\n<p class=\"\" data-start=\"1224\" data-end=\"1568\">ECO1005T A ist mit einer Vielzahl von Sockeln kompatibel und l\u00e4sst sich daher flexibel und einfach in verschiedene Brandmeldesysteme integrieren.<\/p>","protected":false},"excerpt":{"rendered":"<p>ECO1005T A ist ein fortschrittlicher W\u00e4rmemelder mit einer Betriebstemperatur von 58 \u00b0C.<\/p>\n<p>Es verwendet einen anwendungsspezifischen integrierten Schaltkreis (ASIC) und ein thermisches Element zur schnellen und genauen Branderkennung.<\/p>\n<p>Geringer Stromverbrauch und einfache Wartung.<\/p>","protected":false},"featured_media":150081,"template":"","meta":{"_acf_changed":false},"product_brand":[],"product_cat":[4755,4157],"product_tag":[],"class_list":{"0":"post-150082","1":"product","2":"type-product","3":"status-publish","4":"has-post-thumbnail","6":"product_cat-eco-1000-serien","7":"product_cat-varmedetektor","8":"pa_brands-system-sensor","9":"tm-no-options","11":"first","12":"instock","13":"taxable","14":"shipping-taxable","15":"purchasable","16":"product-type-simple"},"acf":[],"_links":{"self":[{"href":"https:\/\/secureus.se\/de\/wp-json\/wp\/v2\/product\/150082","targetHints":{"allow":["GET"]}}],"collection":[{"href":"https:\/\/secureus.se\/de\/wp-json\/wp\/v2\/product"}],"about":[{"href":"https:\/\/secureus.se\/de\/wp-json\/wp\/v2\/types\/product"}],"wp:featuredmedia":[{"embeddable":true,"href":"https:\/\/secureus.se\/de\/wp-json\/wp\/v2\/media\/150081"}],"wp:attachment":[{"href":"https:\/\/secureus.se\/de\/wp-json\/wp\/v2\/media?parent=150082"}],"wp:term":[{"taxonomy":"product_brand","embeddable":true,"href":"https:\/\/secureus.se\/de\/wp-json\/wp\/v2\/product_brand?post=150082"},{"taxonomy":"product_cat","embeddable":true,"href":"https:\/\/secureus.se\/de\/wp-json\/wp\/v2\/product_cat?post=150082"},{"taxonomy":"product_tag","embeddable":true,"href":"https:\/\/secureus.se\/de\/wp-json\/wp\/v2\/product_tag?post=150082"}],"curies":[{"name":"wp","href":"https:\/\/api.w.org\/{rel}","templated":true}]}}