{"id":150086,"date":"2025-04-03T12:22:13","date_gmt":"2025-04-03T10:22:13","guid":{"rendered":"https:\/\/secureus.se\/system-sensor-eco1000br-detektorbas-standar\/"},"modified":"2026-03-26T14:10:56","modified_gmt":"2026-03-26T13:10:56","slug":"system-sensor-eco1000br-detektorbas-standar","status":"publish","type":"product","link":"https:\/\/secureus.se\/de\/system-sensor-eco1000br-detektorbas-standar\/","title":{"rendered":"Systemsensor ECO1000BR Meldersockel Standard"},"content":{"rendered":"<h1>Systemsensor ECO1000BR Meldersockel Standard<\/h1>\n<p class=\"\" data-start=\"416\" data-end=\"795\">System Sensor ECO1000BR ist ein Standard-Meldersockel, der zur zuverl\u00e4ssigen ECO1000-Serie geh\u00f6rt.<\/p>\n<p class=\"\" data-start=\"416\" data-end=\"795\">Er ist mit einer Manipulationssicherung ausgestattet, die durch das Abbrechen einer Kunststofflasche aktiviert wird. Dadurch kann der Melder nicht ohne den Einsatz eines geeigneten Werkzeugs entfernt werden.<\/p>\n<p class=\"\" data-start=\"416\" data-end=\"795\">Dies verbessert die Sicherheit, indem es eine unbeabsichtigte Manipulation oder Entfernung verhindert.<\/p>\n<p class=\"\" data-start=\"797\" data-end=\"1193\">Die ECO1000BR-Basis ist mit der gesamten ECO1000-Serie kompatibel und bietet eine einfache Installation und Verwendung.<\/p>\n<p class=\"\" data-start=\"797\" data-end=\"1193\">Zur einfachen Identifizierung kann der Sockel mit einem abrei\u00dfbaren Adressetikett versehen werden.<\/p>\n<p class=\"\" data-start=\"797\" data-end=\"1193\">Es ist in den drei Farben Wei\u00df, Elfenbein und Schwarz erh\u00e4ltlich und l\u00e4sst sich daher flexibel und einfach in verschiedene Umgebungen integrieren.<\/p>\n<p class=\"\" data-start=\"797\" data-end=\"1193\">Die Basis verf\u00fcgt au\u00dferdem \u00fcber eine Kurzschlussfeder, um vor der Montage des Detektors einen Schaltkreistest zu erm\u00f6glichen.<\/p>","protected":false},"excerpt":{"rendered":"<p>Der ECO1000BR ist ein Standard-Meldersockel, der f\u00fcr die Verwendung mit der ECO1000-Serie entwickelt wurde.<\/p>\n<p>Es verf\u00fcgt \u00fcber eine manipulationssichere Funktion, die verhindert, dass der Detektor ohne das richtige Werkzeug entfernt wird, und so f\u00fcr erh\u00f6hte Sicherheit sorgt.<\/p>","protected":false},"featured_media":150085,"template":"","meta":{"_acf_changed":false},"product_brand":[],"product_cat":[4755],"product_tag":[],"class_list":{"0":"post-150086","1":"product","2":"type-product","3":"status-publish","4":"has-post-thumbnail","6":"product_cat-eco-1000-serien","7":"pa_brands-system-sensor","8":"tm-no-options","10":"first","11":"instock","12":"sale","13":"taxable","14":"shipping-taxable","15":"purchasable","16":"product-type-simple"},"acf":[],"_links":{"self":[{"href":"https:\/\/secureus.se\/de\/wp-json\/wp\/v2\/product\/150086","targetHints":{"allow":["GET"]}}],"collection":[{"href":"https:\/\/secureus.se\/de\/wp-json\/wp\/v2\/product"}],"about":[{"href":"https:\/\/secureus.se\/de\/wp-json\/wp\/v2\/types\/product"}],"wp:featuredmedia":[{"embeddable":true,"href":"https:\/\/secureus.se\/de\/wp-json\/wp\/v2\/media\/150085"}],"wp:attachment":[{"href":"https:\/\/secureus.se\/de\/wp-json\/wp\/v2\/media?parent=150086"}],"wp:term":[{"taxonomy":"product_brand","embeddable":true,"href":"https:\/\/secureus.se\/de\/wp-json\/wp\/v2\/product_brand?post=150086"},{"taxonomy":"product_cat","embeddable":true,"href":"https:\/\/secureus.se\/de\/wp-json\/wp\/v2\/product_cat?post=150086"},{"taxonomy":"product_tag","embeddable":true,"href":"https:\/\/secureus.se\/de\/wp-json\/wp\/v2\/product_tag?post=150086"}],"curies":[{"name":"wp","href":"https:\/\/api.w.org\/{rel}","templated":true}]}}