{"id":150098,"date":"2025-04-14T16:17:23","date_gmt":"2025-04-14T14:17:23","guid":{"rendered":"https:\/\/secureus.se\/motorlashus-step-352-vanster-med-kabel\/"},"modified":"2026-03-25T15:30:03","modified_gmt":"2026-03-25T14:30:03","slug":"motorlashus-step-352-vanster-med-kabel","status":"publish","type":"product","link":"https:\/\/secureus.se\/de\/motorlashus-step-352-vanster-med-kabel\/","title":{"rendered":"Motorschlossgeh\u00e4use STEP 352 Links mit Kabel"},"content":{"rendered":"<div>STEP 352 ist ein Motorschloss, das entwickelt wurde, um rund um die Uhr sicheres Verschlie\u00dfen zu gew\u00e4hrleisten. Das Motorschloss ist f\u00fcr den Hochfrequenzeinsatz entwickelt und bew\u00e4ltigt mehrere Millionen \u00d6ffnungen, die zudem so schnell erfolgen wie ein elektrischer T\u00fcr\u00f6ffner. Dies bietet eine einzigartige M\u00f6glichkeit, dort, wo es n\u00f6tig ist, eine h\u00f6here Sicherheit zu erreichen und so die korrekte Verriegelung gef\u00e4hrdeter und wichtiger T\u00fcren zu gew\u00e4hrleisten.<\/div>\n<div><\/div>\n<div>STEP 352 ist mit einem Hakenriegel und einem automatischen Kolben ausgestattet. Der Automatikzylinder erm\u00f6glicht Ihnen die Ausstattung Ihrer T\u00fcr mit einem T\u00fcrdr\u00fccker an der Au\u00dfenseite, da eine Not\u00f6ffnung mit einem Schl\u00fcssel von au\u00dfen, in Kombination mit einer Evakuierung, m\u00f6glich ist. SS-EN 179:2008 von innen. Das Schloss kann daher vorteilhaft in einem alarmgesicherten Fluchtweg eingesetzt werden.<\/div>\n<div><\/div>\n<div>Das Schloss kann Anforderungen hinsichtlich Evakuierung, Wiederbelegung, Brandschutz und Barrierefreiheit vereinen und gleichzeitig der T\u00fcrumgebung eine deutlich h\u00f6here Einbruchhemmung verleihen. Der stabile Riegel sorgt daf\u00fcr, dass die T\u00fcr wirklich verschlossen und nicht nur zugehalten wird.<\/div>\n<div><\/div>\n<div>STEP 352 ist mit dem einzigartigen automatischen Kolben von STEP ausgestattet. Beim elektrischen \u00d6ffnen der T\u00fcr kann der Automatikkolben einklappen und erm\u00f6glicht so ein \u00d6ffnen mit automatischem T\u00fcrbetrieb. Unmittelbar nach dem \u00d6ffnen der T\u00fcr f\u00e4hrt der Automatikkolben aus, rastet ein und funktioniert wieder wie ein normaler Riegel.<\/div>\n<div><\/div>\n<div>Das Schloss verf\u00fcgt \u00fcber eine Doppelblockierung, bei der auch die Hakenriegelblockierung blockiert wird. Die Position des Riegels wird von einem optischen Sensor erfasst, sodass Sie sicher sein k\u00f6nnen, dass er wirklich verriegelt ist. Der Verschluss ist komplett zugriffsgesch\u00fctzt und gew\u00e4hrleistet somit Manipulationsschutz.<\/div>\n<div><\/div>\n<div>STEP 352 ist mit FreeDrive\u00ae ausgestattet, unserer einzigartigen und patentierten Technologie, die den Motor und das Getriebe des Schlosses bei jedem mechanischen Entriegeln der T\u00fcr vollst\u00e4ndig auskuppelt.<\/div>\n<div>Dadurch wird der Verschlei\u00df bei der Verwendung von Dr\u00fccker, Knauf, Schl\u00fcssel oder Notbeschlag minimiert.<\/div>\n<div><\/div>\n<div><b>Der Artikel enth\u00e4lt:<\/b><\/div>\n<div>\n<ul>\n<li>Motorschloss ST352-L<\/li>\n<li>Anschlusskabel ST0916H 10m<\/li>\n<li>Bohrschutz ST1199<\/li>\n<li>Magnetkontakt ST0910<\/li>\n<li>Schrauben- und Verbinderset ST1192<\/li>\n<\/ul>\n<\/div>\n<div><\/div>\n<div><b>Eigenschaften:<\/b><\/div>\n<div>\n<ul>\n<li>Nicht reversibel<\/li>\n<li>Entsperrt in weniger als 0,1 Sekunde<\/li>\n<li>50 mm Dorntiefe<\/li>\n<li>Moderne Kolbenplatzierung<\/li>\n<li>Mit einzigartigem Automatik-Kolben<\/li>\n<li>Beide Controller k\u00fcmmern sich um die Unterbringung<\/li>\n<li>FreeDrive\u00ae-Technologie<\/li>\n<li>Manipulationssichere Schlie\u00dftechnik<\/li>\n<li>Verschl\u00fcsselte Kommunikation OSDP AES-128<\/li>\n<li>Garantiert \u00d6ffnung trotz Leistendruck bis 80 kg<\/li>\n<li>Evakuierung und Wiederbelegung werden zusammen mit STEP Exit-Notfall-Evakuierungseinrichtungen gew\u00e4hrleistet<\/li>\n<li>Konzipiert f\u00fcr den Einsatz in T\u00fcren mit hoher Frequenz<\/li>\n<\/ul>\n<\/div>\n<div><\/div>\n<div><b>Funktion:<\/b><\/div>\n<div>\n<ul>\n<li>Die Ver-\/Entriegelung der Hakenriegel und des Automatikkolbens erfolgt elektrisch \u00fcber ein \u00d6ffnungssignal von einem Zutrittssystem, Codeschloss, Fl\u00e4chentaster o.\u00e4.<\/li>\n<li>Der Hakenriegel und der automatische Kolben werden mechanisch \u00fcber den Zylinderzylinder von innen und au\u00dfen verriegelt\/entriegelt<\/li>\n<li>Das Einfahren des Automatikkolbens erfolgt mechanisch \u00fcber den Zylinderruderer durch einen Druck von innen und au\u00dfen.<\/li>\n<li>Der normale Durchgang erfolgt \u00fcber ein \u00d6ffnungssignal eines Zutrittssystems, Codeschlosses, Ellenbogentasters o.\u00e4. von innen und au\u00dfen.<\/li>\n<\/ul>\n<\/div>\n<div><\/div>","protected":false},"excerpt":{"rendered":"<p>STEP 352 ist ein Motorschloss, das entwickelt wurde, um rund um die Uhr sicheres Verschlie\u00dfen zu gew\u00e4hrleisten. Das Motorschloss ist f\u00fcr den Hochfrequenzeinsatz entwickelt und h\u00e4lt mehreren Millionen \u00d6ffnungen stand, die auch vorkommen<\/p>","protected":false},"featured_media":150097,"template":"","meta":{"_acf_changed":false},"product_brand":[],"product_cat":[2874],"product_tag":[],"class_list":{"0":"post-150098","1":"product","2":"type-product","3":"status-publish","4":"has-post-thumbnail","6":"product_cat-motorlas","7":"pa_brands-step","8":"tm-no-options","10":"first","11":"instock","12":"sale","13":"taxable","14":"shipping-taxable","15":"purchasable","16":"product-type-simple"},"acf":[],"_links":{"self":[{"href":"https:\/\/secureus.se\/de\/wp-json\/wp\/v2\/product\/150098","targetHints":{"allow":["GET"]}}],"collection":[{"href":"https:\/\/secureus.se\/de\/wp-json\/wp\/v2\/product"}],"about":[{"href":"https:\/\/secureus.se\/de\/wp-json\/wp\/v2\/types\/product"}],"wp:featuredmedia":[{"embeddable":true,"href":"https:\/\/secureus.se\/de\/wp-json\/wp\/v2\/media\/150097"}],"wp:attachment":[{"href":"https:\/\/secureus.se\/de\/wp-json\/wp\/v2\/media?parent=150098"}],"wp:term":[{"taxonomy":"product_brand","embeddable":true,"href":"https:\/\/secureus.se\/de\/wp-json\/wp\/v2\/product_brand?post=150098"},{"taxonomy":"product_cat","embeddable":true,"href":"https:\/\/secureus.se\/de\/wp-json\/wp\/v2\/product_cat?post=150098"},{"taxonomy":"product_tag","embeddable":true,"href":"https:\/\/secureus.se\/de\/wp-json\/wp\/v2\/product_tag?post=150098"}],"curies":[{"name":"wp","href":"https:\/\/api.w.org\/{rel}","templated":true}]}}