{"id":150100,"date":"2025-04-14T16:17:23","date_gmt":"2025-04-14T14:17:23","guid":{"rendered":"https:\/\/secureus.se\/motorlas-step-352s-split-hoger-komplett-sats\/"},"modified":"2026-04-08T15:08:18","modified_gmt":"2026-04-08T13:08:18","slug":"motorlas-step-352s-split-hoger-komplett-sats","status":"publish","type":"product","link":"https:\/\/secureus.se\/de\/motorlas-step-352s-split-hoger-komplett-sats\/","title":{"rendered":"Motorschloss STEP 352S Split Rechts Komplettset"},"content":{"rendered":"<p>\nSTEP 352S ist ein Motorschloss mit integrierter Splittfunktion und Automatikzylinder, das im Rohbauschutz Riegelschl\u00f6sser ersetzen und so rund um die Uhr eine sichere Verriegelung erm\u00f6glichen soll. Das Schloss ist f\u00fcr eine hochfrequentierte T\u00fcrumgebung mit T\u00fcrautomatik ausgelegt und bew\u00e4ltigt mehrere Millionen \u00d6ffnungen! Erf\u00fcllt die Anforderungen der Schlossklasse 2A und 2B gem\u00e4\u00df SSF 3522.<\/p>\n<div>Das Schloss kann alle Anforderungen an Evakuierung, Wiedereintritt, Brandschutz und Barrierefreiheit vereinen und verleiht der T\u00fcrumgebung gleichzeitig eine deutlich h\u00f6here Einbruchhemmung. STEP 352S ist mit einem stabilen Hakenriegel ausgestattet, der daf\u00fcr sorgt, dass die T\u00fcr wirklich verschlossen ist, w\u00e4hrend eine integrierte Spaltfunktion f\u00fcr unschlagbaren Bedienkomfort sorgt.<\/div>\n<div><\/div>\n<div>Die eingebaute Split-Funktion erm\u00f6glicht eine mechanische \u00d6ffnung von innen ohne \u00d6ffnungstaster. Das Schloss verf\u00fcgt \u00fcber eine Alarmumgehung (Bypass-Funktion), so dass ein \u201eGenehmigter Durchgang\u201c erreicht werden kann. Dies verleiht dem T\u00fcrumfeld eine unschlagbare Benutzerfreundlichkeit.<\/div>\n<div><\/div>\n<div>STEP 352S ist mit dem einzigartigen automatischen Kolben von STEP ausgestattet. Beim elektrischen \u00d6ffnen der T\u00fcr kann der Automatikkolben einklappen und erm\u00f6glicht somit ein \u00d6ffnen mit automatischem T\u00fcrbetrieb. Unmittelbar nach dem \u00d6ffnen der T\u00fcr f\u00e4hrt der Automatikkolben aus, rastet ein und funktioniert wieder wie ein herk\u00f6mmlicher Fallkolben.<\/div>\n<div>STEP 352S ist daher speziell f\u00fcr T\u00fcrumgebungen geeignet, in denen Sie eine verbesserte Zug\u00e4nglichkeit w\u00fcnschen.<\/div>\n<div><\/div>\n<div>Das Schloss verf\u00fcgt \u00fcber eine Doppelblockierung, bei der auch die Hakenriegelblockierung blockiert wird. Die Position des Riegels wird von einem optischen Sensor erfasst, sodass Sie sicher sein k\u00f6nnen, dass er wirklich verriegelt ist. Der Verschluss ist komplett zugriffsgesch\u00fctzt und gew\u00e4hrleistet somit Manipulationsschutz.<\/div>\n<div><\/div>\n<div>STEP 352S ist mit FreeDrive\u00ae ausgestattet, unserer einzigartigen und patentierten Technologie, die den Motor und das Getriebe des Schlosses bei jedem mechanischen Entriegeln der T\u00fcr vollst\u00e4ndig auskuppelt.<\/div>\n<div><\/div>\n<div>Viele schwedische T\u00fcrumgebungen sind heute mit Schl\u00f6ssern ausgestattet, die den Anforderungen hinsichtlich Evakuierung, Wiederbelegung, Brandschutz und Barrierefreiheit gerecht werden, allerdings auf Kosten der geringen Einbruchsicherheit. Dabei handelt es sich um Au\u00dfen- und Innenschutzt\u00fcren in Tausenden von Wohnh\u00e4usern, Krankenh\u00e4usern, Pflegeheimen und Justizvollzugsanstalten, um nur einige zu nennen.<\/div>\n<div>Mit dem Motorschloss STEP 352S m\u00fcssen Sie in puncto Einbruchschutz keine Kompromisse eingehen. Stattdessen k\u00f6nnen Sie eine Kombination aller oben genannten Anforderungen in ein und demselben Schloss sicherstellen und es zudem in einer h\u00e4ufig genutzten T\u00fcrumgebung platzieren.<\/p>\n<p><b>Der Artikel enth\u00e4lt:<\/b><\/div>\n<div>\n<ul>\n<li>Motorschloss ST352S Split Rechts<\/li>\n<li>ST300C-Steuerger\u00e4t<\/li>\n<li>Rahmen\u00fcbertragung ST1283<\/li>\n<li>Anschlusskabel ST0916H 10m<\/li>\n<li>Druckstifte ST1088-50 und ST1088-57<\/li>\n<li>Endplatte ST2009-15<\/li>\n<li>Bohrschutz ST1199<\/li>\n<li>Magnetkontakt ST0910<\/li>\n<li>Schrauben- und Verbinderset ST1192<\/li>\n<\/ul>\n<\/div>\n<div><b>Eigenschaften:<\/b><\/p>\n<ul>\n<li>Nicht reversibel<\/li>\n<li>Entsperrt in weniger als 0,1 Sekunde<\/li>\n<li>Moderne Kolbenplatzierung<\/li>\n<li>Beide Controller k\u00fcmmern sich um die Unterbringung<\/li>\n<li>FreeDrive\u00ae-Technologie<\/li>\n<li>Manipulationssichere Schlie\u00dftechnik<\/li>\n<li>50 mm Dorntiefe<\/li>\n<li>Verschl\u00fcsselte Kommunikation AES-128<\/li>\n<li>Garantiert \u00d6ffnung trotz Leistendruck bis 80 kg<\/li>\n<li>Die Verbindung zum Motorschloss erfolgt \u00fcber RS-485<\/li>\n<li>Eingebaute geteilte Spindel<\/li>\n<li>Evakuierung und Wiedereinstieg sind zusammen mit dem Notevakuierungszubeh\u00f6r STEP Exit gew\u00e4hrleistet. Zertifiziert nach SS-EN 179:2008<\/li>\n<li>Zertifiziert f\u00fcr Einbruchschutz in Schlossklasse 2A und 2B nach SSF 3522<\/li>\n<li>Zertifiziert in Brandschutzklasse E\/EI120 gem\u00e4\u00df SS-EN 14846:2008<\/li>\n<li>Zertifiziert in Klasse L f\u00fcr Korrosion, Temperaturen und Feuchtigkeit, was den hohen Anforderungen gem\u00e4\u00df SS-EN 14846 entspricht<\/li>\n<li>Konzipiert f\u00fcr den Einsatz in T\u00fcren mit hoher Frequenz<\/li>\n<li>Mit einzigartigem Automatik-Kolben<\/li>\n<\/ul>\n<\/div>\n<div><b>Funktion:<\/b><\/p>\n<ul>\n<li>Die Ver-\/Entriegelung der Schwenkriegel und Automatikzylinder erfolgt elektrisch \u00fcber ein \u00d6ffnungssignal von einem Zutrittssystem, Codeschloss, Drucktaster o.\u00e4.<\/li>\n<li>Die Ver- und Entriegelung des Schwenkriegels und des Automatikkolbens erfolgt mechanisch \u00fcber einen Druckknopf von innen (geteilte Funktion)<\/li>\n<li>Das Zur\u00fcckziehen des Automatikkolbens erfolgt mechanisch \u00fcber die Schubstange durch einen Sto\u00df von innen und au\u00dfen.<\/li>\n<li>Der normale Durchgang erfolgt durch einen Sto\u00df von innen<\/li>\n<li>Einstellbare mechanische Teilungsseite. Der Seitenwechsel erfolgt mechanisch am Schlossgeh\u00e4use<\/li>\n<\/ul>\n<\/div>","protected":false},"excerpt":{"rendered":"<p>STEP 352S ist ein Motorschloss mit integrierter Splittfunktion und Automatikzylinder, das im Rohbauschutz Riegelschl\u00f6sser ersetzen und so rund um die Uhr eine sichere Verriegelung erm\u00f6glichen soll. Das Schloss ist ausgelegt f\u00fcr eine<\/p>","protected":false},"featured_media":150099,"template":"","meta":{"_acf_changed":false},"product_brand":[],"product_cat":[2874],"product_tag":[],"class_list":{"0":"post-150100","1":"product","2":"type-product","3":"status-publish","4":"has-post-thumbnail","6":"product_cat-motorlas","7":"pa_brands-step","8":"tm-no-options","10":"first","11":"instock","12":"sale","13":"taxable","14":"shipping-taxable","15":"purchasable","16":"product-type-simple"},"acf":[],"_links":{"self":[{"href":"https:\/\/secureus.se\/de\/wp-json\/wp\/v2\/product\/150100","targetHints":{"allow":["GET"]}}],"collection":[{"href":"https:\/\/secureus.se\/de\/wp-json\/wp\/v2\/product"}],"about":[{"href":"https:\/\/secureus.se\/de\/wp-json\/wp\/v2\/types\/product"}],"wp:featuredmedia":[{"embeddable":true,"href":"https:\/\/secureus.se\/de\/wp-json\/wp\/v2\/media\/150099"}],"wp:attachment":[{"href":"https:\/\/secureus.se\/de\/wp-json\/wp\/v2\/media?parent=150100"}],"wp:term":[{"taxonomy":"product_brand","embeddable":true,"href":"https:\/\/secureus.se\/de\/wp-json\/wp\/v2\/product_brand?post=150100"},{"taxonomy":"product_cat","embeddable":true,"href":"https:\/\/secureus.se\/de\/wp-json\/wp\/v2\/product_cat?post=150100"},{"taxonomy":"product_tag","embeddable":true,"href":"https:\/\/secureus.se\/de\/wp-json\/wp\/v2\/product_tag?post=150100"}],"curies":[{"name":"wp","href":"https:\/\/api.w.org\/{rel}","templated":true}]}}