{"id":151331,"date":"2025-04-14T13:20:07","date_gmt":"2025-04-14T11:20:07","guid":{"rendered":"https:\/\/secureus.se\/?post_type=product&#038;p=151331"},"modified":"2026-03-12T22:45:32","modified_gmt":"2026-03-12T21:45:32","slug":"microsd-minneskort-128gb-securex-card-pro","status":"publish","type":"product","link":"https:\/\/secureus.se\/de\/microsd-minneskort-128gb-securex-card-pro\/","title":{"rendered":"MicroSD-Speicherkarte 128 GB \u2013 SecureX Card Pro Series"},"content":{"rendered":"<h4 class=\"\" data-start=\"487\" data-end=\"546\"><strong data-start=\"492\" data-end=\"546\">MicroSD-Speicherkarte 128 GB \u2013 SecureX Card Pro Series<\/strong><\/h4>\n<p class=\"\" data-start=\"548\" data-end=\"919\">Die SecureX Card Pro Series MicroSD-Speicherkarte mit 128 GB ist eine leistungsstarke Speicherkarte, die f\u00fcr den professionellen Einsatz in Sicherheits-, \u00dcberwachungs- und anderen datenintensiven Ger\u00e4ten entwickelt wurde. Egal ob Sie sie in IP-Kameras, Automobilsystemen, Mobiltelefonen oder medizinischen Ger\u00e4ten verwenden, diese Speicherkarte bietet unter allen Bedingungen eine stabile und schnelle Daten\u00fcbertragung.<\/p>\n<p class=\"\" data-start=\"921\" data-end=\"1206\">Die Karte ist klassifiziert als <strong data-start=\"949\" data-end=\"965\">Klasse 10, U3<\/strong>, was hohe Lese- und Schreibgeschwindigkeiten bedeutet, die hochaufl\u00f6sende Videoaufnahmen ohne Verz\u00f6gerung bew\u00e4ltigen k\u00f6nnen. Bei einer Betriebstemperatur von <strong data-start=\"1113\" data-end=\"1133\">-25\u00b0C bis +80\u00b0C<\/strong> und langlebige Konstruktion, ist es perfekt f\u00fcr den Innen- und Au\u00dfenbereich geeignet.<\/p>\n<p class=\"\" data-start=\"1208\" data-end=\"1293\">Die Karte wird komplett mit einem SD-Adapter f\u00fcr umfassende Kompatibilit\u00e4t mit anderen Ger\u00e4ten geliefert.<\/p>\n<hr class=\"\" data-start=\"1295\" data-end=\"1298\" \/>\n<h4 class=\"\" data-start=\"1300\" data-end=\"1322\">\u2705 <strong data-start=\"1307\" data-end=\"1322\">Eigenschaften:<\/strong><\/h4>\n<ul data-start=\"1324\" data-end=\"1658\">\n<li class=\"\" data-start=\"1324\" data-end=\"1356\">\n<p class=\"\" data-start=\"1326\" data-end=\"1356\"><strong data-start=\"1326\" data-end=\"1348\">Speicherkapazit\u00e4t:<\/strong> 128 GB<\/p>\n<\/li>\n<li class=\"\" data-start=\"1357\" data-end=\"1442\">\n<p class=\"\" data-start=\"1359\" data-end=\"1442\"><strong data-start=\"1359\" data-end=\"1379\">Geschwindigkeitsklasse:<\/strong> U3 \/ Klasse 10 \u2013 optimiert f\u00fcr Video und schnelle Daten\u00fcbertragung<\/p>\n<\/li>\n<li class=\"\" data-start=\"1443\" data-end=\"1529\">\n<p class=\"\" data-start=\"1445\" data-end=\"1529\"><strong data-start=\"1445\" data-end=\"1468\">Einsatzgebiete:<\/strong> IP-Kameras, DVRs, GPS, Smartphones, medizinische Ger\u00e4te usw.<\/p>\n<\/li>\n<li class=\"\" data-start=\"1530\" data-end=\"1571\">\n<p class=\"\" data-start=\"1532\" data-end=\"1571\"><strong data-start=\"1532\" data-end=\"1552\">Betriebstemperatur:<\/strong> -25\u00b0C bis +80\u00b0C<\/p>\n<\/li>\n<li class=\"\" data-start=\"1572\" data-end=\"1593\">\n<p class=\"\" data-start=\"1574\" data-end=\"1593\"><strong data-start=\"1574\" data-end=\"1586\">Garantie:<\/strong> 5 Jahre<\/p>\n<\/li>\n<li class=\"\" data-start=\"1594\" data-end=\"1624\">\n<p class=\"\" data-start=\"1596\" data-end=\"1624\"><strong data-start=\"1596\" data-end=\"1619\">Adapter enthalten:<\/strong> Ja<\/p>\n<\/li>\n<li class=\"\" data-start=\"1625\" data-end=\"1658\">\n<p class=\"\" data-start=\"1627\" data-end=\"1658\"><strong data-start=\"1627\" data-end=\"1642\">Zertifikat:<\/strong> CE, FCC, RoHS<\/p>\n<\/li>\n<\/ul>\n<hr class=\"\" data-start=\"1660\" data-end=\"1663\" \/>\n<p class=\"\" data-start=\"1665\" data-end=\"1786\">Holen Sie sich maximale Leistung und Sicherheit bei Ihrer \u00dcberwachung mit einer MicroSD-Karte, der Sie vertrauen k\u00f6nnen \u2013 <strong data-start=\"1758\" data-end=\"1785\">SecureX Card Pro-Serie<\/strong>.<\/p>","protected":false},"excerpt":{"rendered":"<p><strong data-start=\"208\" data-end=\"262\">MicroSD-Speicherkarte 128 GB \u2013 SecureX Card Pro Series<\/strong><br data-start=\"262\" data-end=\"265\" \/>Zuverl\u00e4ssige und schnelle MicroSD-Karte f\u00fcr \u00dcberwachung, Smartphones und andere Ger\u00e4te. Klasse 10, U3-Geschwindigkeit und 5 Jahre Garantie \u2013 perfekt f\u00fcr anspruchsvolle Speicherung.<\/p>","protected":false},"featured_media":162722,"template":"","meta":{"_acf_changed":false},"product_brand":[],"product_cat":[3260],"product_tag":[],"class_list":{"0":"post-151331","1":"product","2":"type-product","3":"status-publish","4":"has-post-thumbnail","6":"product_cat-micro-sd-minneskort","7":"product_shipping_class-postnord-varubrev","8":"tm-no-options","10":"first","11":"outofstock","12":"sale","13":"taxable","14":"shipping-taxable","15":"purchasable","16":"product-type-simple"},"acf":[],"_links":{"self":[{"href":"https:\/\/secureus.se\/de\/wp-json\/wp\/v2\/product\/151331","targetHints":{"allow":["GET"]}}],"collection":[{"href":"https:\/\/secureus.se\/de\/wp-json\/wp\/v2\/product"}],"about":[{"href":"https:\/\/secureus.se\/de\/wp-json\/wp\/v2\/types\/product"}],"wp:featuredmedia":[{"embeddable":true,"href":"https:\/\/secureus.se\/de\/wp-json\/wp\/v2\/media\/162722"}],"wp:attachment":[{"href":"https:\/\/secureus.se\/de\/wp-json\/wp\/v2\/media?parent=151331"}],"wp:term":[{"taxonomy":"product_brand","embeddable":true,"href":"https:\/\/secureus.se\/de\/wp-json\/wp\/v2\/product_brand?post=151331"},{"taxonomy":"product_cat","embeddable":true,"href":"https:\/\/secureus.se\/de\/wp-json\/wp\/v2\/product_cat?post=151331"},{"taxonomy":"product_tag","embeddable":true,"href":"https:\/\/secureus.se\/de\/wp-json\/wp\/v2\/product_tag?post=151331"}],"curies":[{"name":"wp","href":"https:\/\/api.w.org\/{rel}","templated":true}]}}