{"id":151355,"date":"2025-04-14T13:25:24","date_gmt":"2025-04-14T11:25:24","guid":{"rendered":"https:\/\/secureus.se\/microsd-minneskort-64gb-securex-card-pro-series\/"},"modified":"2026-04-24T08:22:11","modified_gmt":"2026-04-24T06:22:11","slug":"microsd-minneskort-64gb-securex-card-pro-series","status":"publish","type":"product","link":"https:\/\/secureus.se\/de\/microsd-minneskort-64gb-securex-card-pro-series\/","title":{"rendered":"MicroSD-Speicherkarte 64 GB \u2013 SecureX Card Pro-Serie"},"content":{"rendered":"<h4 class=\"\" data-start=\"480\" data-end=\"538\"><strong data-start=\"485\" data-end=\"538\">MicroSD-Speicherkarte 64 GB \u2013 SecureX Card Pro-Serie<\/strong><\/h4>\n<p class=\"\" data-start=\"540\" data-end=\"788\">Die SecureX Card Pro Series MicroSD-Speicherkarte mit 64 GB ist eine professionelle Speicherkarte, die f\u00fcr Hochleistungsger\u00e4te wie \u00dcberwachungskameras, Auto-DVRs, GPS-Systeme, Smartphones und andere Technologien optimiert ist, bei denen eine zuverl\u00e4ssige und schnelle Datenspeicherung entscheidend ist.<\/p>\n<p class=\"\" data-start=\"790\" data-end=\"1117\">Mit Unterst\u00fctzung f\u00fcr <strong data-start=\"803\" data-end=\"833\">U3 und Class 10 Geschwindigkeit<\/strong> sorgt f\u00fcr schnelles Lesen und Schreiben, wodurch die Karte ideal f\u00fcr kontinuierliche Videoaufnahmen und hochaufl\u00f6sendes Material ist. Dank der breiten Kompatibilit\u00e4t und des robusten Designs kann die Karte bei Temperaturen von <strong data-start=\"1049\" data-end=\"1069\">-25\u00b0C bis +80\u00b0C<\/strong>, wodurch es auch in rauen Umgebungen zuverl\u00e4ssig ist.<\/p>\n<hr class=\"\" data-start=\"1194\" data-end=\"1197\" \/>\n<h4 class=\"\" data-start=\"1199\" data-end=\"1221\">\u2705 <strong data-start=\"1206\" data-end=\"1221\">Eigenschaften:<\/strong><\/h4>\n<ul data-start=\"1223\" data-end=\"1538\">\n<li class=\"\" data-start=\"1223\" data-end=\"1254\">\n<p class=\"\" data-start=\"1225\" data-end=\"1254\"><strong data-start=\"1225\" data-end=\"1247\">Speicherkapazit\u00e4t:<\/strong> 64 GB<\/p>\n<\/li>\n<li class=\"\" data-start=\"1255\" data-end=\"1326\">\n<p class=\"\" data-start=\"1257\" data-end=\"1326\"><strong data-start=\"1257\" data-end=\"1277\">Geschwindigkeitsklasse:<\/strong> U3 \/ Klasse 10 \u2013 f\u00fcr schnelle und stabile Leistung<\/p>\n<\/li>\n<li class=\"\" data-start=\"1327\" data-end=\"1405\">\n<p class=\"\" data-start=\"1329\" data-end=\"1405\"><strong data-start=\"1329\" data-end=\"1349\">Kompatibel mit:<\/strong> IP-Kameras, DVRs, GPS, Smartphones, Medizintechnik usw.<\/p>\n<\/li>\n<li class=\"\" data-start=\"1406\" data-end=\"1447\">\n<p class=\"\" data-start=\"1408\" data-end=\"1447\"><strong data-start=\"1408\" data-end=\"1428\">Betriebstemperatur:<\/strong> -25\u00b0C bis +80\u00b0C<\/p>\n<\/li>\n<li class=\"\" data-start=\"1448\" data-end=\"1469\">\n<p class=\"\" data-start=\"1450\" data-end=\"1469\"><strong data-start=\"1450\" data-end=\"1462\">Garantie:<\/strong> 5 Jahre<\/p>\n<\/li>\n<li class=\"\" data-start=\"1470\" data-end=\"1500\">\n<p class=\"\" data-start=\"1472\" data-end=\"1500\"><strong data-start=\"1472\" data-end=\"1495\">Adapter enthalten:<\/strong> Ja<\/p>\n<\/li>\n<li class=\"\" data-start=\"1501\" data-end=\"1538\">\n<p class=\"\" data-start=\"1503\" data-end=\"1538\"><strong data-start=\"1503\" data-end=\"1522\">Zertifizierungen:<\/strong> CE, FCC, RoHS<\/p>\n<\/li>\n<\/ul>\n<hr class=\"\" data-start=\"1540\" data-end=\"1543\" \/>\n<p class=\"\" data-start=\"1545\" data-end=\"1678\">Eine kompakte und dennoch leistungsstarke Speicherl\u00f6sung von <strong data-start=\"1591\" data-end=\"1618\">SecureX Card Pro-Serie<\/strong> \u2013 geschaffen f\u00fcr alle, die rund um die Uhr zuverl\u00e4ssige Leistung verlangen.<\/p>","protected":false},"excerpt":{"rendered":"<p><strong data-start=\"195\" data-end=\"248\">MicroSD-Speicherkarte 64 GB \u2013 SecureX Card Pro-Serie<\/strong><br data-start=\"248\" data-end=\"251\" \/>Kompakte, schnelle und zuverl\u00e4ssige Speicherkarte f\u00fcr \u00dcberwachung und andere anspruchsvolle Anwendungen. Klasse 10, U3-Geschwindigkeit und 5 Jahre Garantie \u2013 stabiler Speicher, dem Sie vertrauen k\u00f6nnen.<\/p>","protected":false},"featured_media":163061,"template":"","meta":{"_acf_changed":false},"product_brand":[],"product_cat":[3260],"product_tag":[],"class_list":{"0":"post-151355","1":"product","2":"type-product","3":"status-publish","4":"has-post-thumbnail","6":"product_cat-micro-sd-minneskort","7":"product_shipping_class-postnord-varubrev","8":"tm-no-options","10":"first","11":"instock","12":"sale","13":"taxable","14":"shipping-taxable","15":"purchasable","16":"product-type-simple"},"acf":[],"_links":{"self":[{"href":"https:\/\/secureus.se\/de\/wp-json\/wp\/v2\/product\/151355","targetHints":{"allow":["GET"]}}],"collection":[{"href":"https:\/\/secureus.se\/de\/wp-json\/wp\/v2\/product"}],"about":[{"href":"https:\/\/secureus.se\/de\/wp-json\/wp\/v2\/types\/product"}],"wp:featuredmedia":[{"embeddable":true,"href":"https:\/\/secureus.se\/de\/wp-json\/wp\/v2\/media\/163061"}],"wp:attachment":[{"href":"https:\/\/secureus.se\/de\/wp-json\/wp\/v2\/media?parent=151355"}],"wp:term":[{"taxonomy":"product_brand","embeddable":true,"href":"https:\/\/secureus.se\/de\/wp-json\/wp\/v2\/product_brand?post=151355"},{"taxonomy":"product_cat","embeddable":true,"href":"https:\/\/secureus.se\/de\/wp-json\/wp\/v2\/product_cat?post=151355"},{"taxonomy":"product_tag","embeddable":true,"href":"https:\/\/secureus.se\/de\/wp-json\/wp\/v2\/product_tag?post=151355"}],"curies":[{"name":"wp","href":"https:\/\/api.w.org\/{rel}","templated":true}]}}