{"id":151626,"date":"2025-04-30T10:03:20","date_gmt":"2025-04-30T08:03:20","guid":{"rendered":"https:\/\/secureus.se\/solo-611-urban-ryggsack\/"},"modified":"2026-04-08T16:00:35","modified_gmt":"2026-04-08T14:00:35","slug":"solo-611-urban-ryggsack","status":"publish","type":"product","link":"https:\/\/secureus.se\/de\/solo-611-urban-ryggsack\/","title":{"rendered":"Solo 611 \u2013 Urban Rucksack"},"content":{"rendered":"<h1>Solo 611 \u2013 Urban Rucksack<\/h1>\n<h3 data-start=\"307\" data-end=\"363\">Leichter und flexibler Rucksack zum Testen von Ger\u00e4ten<\/h3>\n<p data-start=\"364\" data-end=\"657\">Der Solo 611 Urban Backpack wurde f\u00fcr Techniker und Installateure entwickelt, die Testger\u00e4te bequem in St\u00e4dten oder auf gro\u00dfen Baustellen transportieren m\u00fcssen.<\/p>\n<p data-start=\"364\" data-end=\"657\">Es bietet Platz f\u00fcr Ger\u00e4te wie Solo 365, Testifire 1001\/2001 und Solo 330 sowie f\u00fcr kurze Teleskopstangen wie Solo 110 und Solo 111.<\/p>\n<h3 data-start=\"659\" data-end=\"696\">Intelligente und individuell anpassbare F\u00e4cher<\/h3>\n<p data-start=\"697\" data-end=\"1007\">Der Rucksack verf\u00fcgt \u00fcber ein anpassbares Hauptinnensystem f\u00fcr Testger\u00e4te und Batteriest\u00e4be.<\/p>\n<p data-start=\"697\" data-end=\"1007\">Es verf\u00fcgt \u00fcber ein gepolstertes Fach f\u00fcr einen Laptop oder ein Tablet, gro\u00dfe Rei\u00dfverschlusstaschen f\u00fcr Patronen und eine Vordertasche f\u00fcr A4-Notizbl\u00f6cke und kleine Werkzeuge.<\/p>\n<p data-start=\"697\" data-end=\"1007\">Sie k\u00f6nnen Ihr Firmenlogo auch in einer durchsichtigen Tasche platzieren.<\/p>\n<h3 data-start=\"1009\" data-end=\"1036\">Komfort und Tragbarkeit<\/h3>\n<p data-start=\"1037\" data-end=\"1307\">Der Urban Backpack Solo 611 verf\u00fcgt \u00fcber breite, gepolsterte Schultergurte, einen Brustgurt zur Gewichtsverteilung und wiegt weniger als 1,5 kg.<\/p>\n<p data-start=\"1037\" data-end=\"1307\">Die Schnellverschl\u00fcsse der Solo 612 Rutentasche sorgen f\u00fcr zus\u00e4tzliche Flexibilit\u00e4t.<\/p>\n<p data-start=\"1037\" data-end=\"1307\">Es l\u00e4sst sich problemlos den ganzen Arbeitstag \u00fcber tragen und sorgt gleichzeitig daf\u00fcr, dass Ihre Ausr\u00fcstung organisiert und gesch\u00fctzt bleibt.<\/p>\n<h3 data-start=\"1309\" data-end=\"1336\">Vorteile des Solo 611<\/h3>\n<ul data-start=\"1337\" data-end=\"1640\">\n<li data-start=\"1337\" data-end=\"1397\">\n<p data-start=\"1339\" data-end=\"1397\">Anpassbares Innendesignsystem f\u00fcr Testger\u00e4te<\/p>\n<\/li>\n<li data-start=\"1398\" data-end=\"1443\">\n<p data-start=\"1400\" data-end=\"1443\">Gepolsterte F\u00e4cher f\u00fcr Computer oder Tablet<\/p>\n<\/li>\n<li data-start=\"1444\" data-end=\"1502\">\n<p data-start=\"1446\" data-end=\"1502\">Rei\u00dfverschlusstaschen f\u00fcr Patronen und Vordertasche f\u00fcr Werkzeug<\/p>\n<\/li>\n<li data-start=\"1503\" data-end=\"1552\">\n<p data-start=\"1505\" data-end=\"1552\">Verstellbare Schnellverschl\u00fcsse f\u00fcr die Solo 612 Rutentasche<\/p>\n<\/li>\n<li data-start=\"1553\" data-end=\"1606\">\n<p data-start=\"1555\" data-end=\"1606\">Bequem zu tragen dank breiter Schultergurte und Brustgurt.<\/p>\n<\/li>\n<li data-start=\"1607\" data-end=\"1640\">\n<p data-start=\"1609\" data-end=\"1640\">Leichtgewicht \u2013 wiegt unter 1,5 kg<\/p>\n<\/li>\n<\/ul>\n<p data-start=\"1642\" data-end=\"1669\">TECHNISCHE DATEN:<\/p>\n<ul data-start=\"1670\" data-end=\"2012\">\n<li data-start=\"1670\" data-end=\"1697\">\n<p data-start=\"1672\" data-end=\"1697\">Produkt: Urbaner Rucksack<\/p>\n<\/li>\n<li data-start=\"1698\" data-end=\"1718\">\n<p data-start=\"1700\" data-end=\"1718\">Modell: Solo 611<\/p>\n<\/li>\n<li data-start=\"1719\" data-end=\"1778\">\n<p data-start=\"1721\" data-end=\"1778\">Kompatibel mit: Solo 365, Testifire 1001\/2001, Solo 330<\/p>\n<\/li>\n<li data-start=\"1779\" data-end=\"1871\">\n<p data-start=\"1781\" data-end=\"1871\">F\u00e4cher: Gepolstertes Fach f\u00fcr Computer\/Tablet, gro\u00dfe Rei\u00dfverschlusstaschen, Vordertasche f\u00fcr Kleinteile\/A4<\/p>\n<\/li>\n<li data-start=\"1872\" data-end=\"1911\">\n<p data-start=\"1874\" data-end=\"1911\">F\u00fcr Testst\u00e4be: Solo 110, Solo 111<\/p>\n<\/li>\n<li data-start=\"1912\" data-end=\"1954\">\n<p data-start=\"1914\" data-end=\"1954\">Tragekomfort: Breite Schultergurte, Brustgurt<\/p>\n<\/li>\n<li data-start=\"1955\" data-end=\"1972\">\n<p data-start=\"1957\" data-end=\"1972\">Gewicht: &lt;1,5 kg<\/p>\n<\/li>\n<li data-start=\"1973\" data-end=\"2012\">\n<p data-start=\"1975\" data-end=\"2012\">Material: Strapazierf\u00e4higes Textilmaterial<\/p>\n<\/li>\n<\/ul>","protected":false},"excerpt":{"rendered":"<p>Der Urban Backpack Solo 611 ist ein leichter und flexibler Rucksack f\u00fcr Solo 365, Testifire 1001\/2001 und Solo 330.<\/p>\n<p>Mit gepolsterten F\u00e4chern, verstellbaren Gurten und Platz f\u00fcr Pr\u00fcfger\u00e4te, kleine Werkzeuge und Batterien ist er ideal f\u00fcr die Arbeit auf gr\u00f6\u00dferen Baustellen.<\/p>","protected":false},"featured_media":151625,"template":"","meta":{"_acf_changed":false},"product_brand":[],"product_cat":[2945,4758,5072,2946],"product_tag":[],"class_list":{"0":"post-151626","1":"product","2":"type-product","3":"status-publish","4":"has-post-thumbnail","6":"product_cat-solo","7":"product_cat-forvaring-vaskor","8":"product_cat-solo-365","9":"product_cat-testifire","10":"pa_brands-solo","11":"tm-no-options","13":"first","14":"instock","15":"sale","16":"taxable","17":"shipping-taxable","18":"purchasable","19":"product-type-simple"},"acf":[],"_links":{"self":[{"href":"https:\/\/secureus.se\/de\/wp-json\/wp\/v2\/product\/151626","targetHints":{"allow":["GET"]}}],"collection":[{"href":"https:\/\/secureus.se\/de\/wp-json\/wp\/v2\/product"}],"about":[{"href":"https:\/\/secureus.se\/de\/wp-json\/wp\/v2\/types\/product"}],"wp:featuredmedia":[{"embeddable":true,"href":"https:\/\/secureus.se\/de\/wp-json\/wp\/v2\/media\/151625"}],"wp:attachment":[{"href":"https:\/\/secureus.se\/de\/wp-json\/wp\/v2\/media?parent=151626"}],"wp:term":[{"taxonomy":"product_brand","embeddable":true,"href":"https:\/\/secureus.se\/de\/wp-json\/wp\/v2\/product_brand?post=151626"},{"taxonomy":"product_cat","embeddable":true,"href":"https:\/\/secureus.se\/de\/wp-json\/wp\/v2\/product_cat?post=151626"},{"taxonomy":"product_tag","embeddable":true,"href":"https:\/\/secureus.se\/de\/wp-json\/wp\/v2\/product_tag?post=151626"}],"curies":[{"name":"wp","href":"https:\/\/api.w.org\/{rel}","templated":true}]}}