{"id":151628,"date":"2025-04-30T10:03:22","date_gmt":"2025-04-30T08:03:22","guid":{"rendered":"https:\/\/secureus.se\/solo-602-koger-for-provstanger\/"},"modified":"2026-04-23T12:47:38","modified_gmt":"2026-04-23T10:47:38","slug":"solo-602-koger-for-provstanger","status":"publish","type":"product","link":"https:\/\/secureus.se\/de\/solo-602-koger-for-provstanger\/","title":{"rendered":"Solo 602 K\u00f6cher f\u00fcr Pr\u00fcfst\u00e4be"},"content":{"rendered":"<h1>Solo 602 K\u00f6cher f\u00fcr Pr\u00fcfst\u00e4be<\/h1>\n<h3 data-start=\"229\" data-end=\"266\">Praktischer K\u00f6cher f\u00fcr Messst\u00e4be<\/h3>\n<p data-start=\"267\" data-end=\"491\">Solo 602 ist ein speziell entwickelter K\u00f6cher, der den Transport der Testbarren Solo 100, Solo 108 und Solo 101 erleichtert.<\/p>\n<p data-start=\"267\" data-end=\"491\">Die robuste Konstruktion sch\u00fctzt die Ger\u00e4te und erm\u00f6glicht es, alles an einem Ort aufzubewahren.<\/p>\n<h3 data-start=\"493\" data-end=\"532\">Langlebiges und benutzerfreundliches Design<\/h3>\n<p data-start=\"533\" data-end=\"828\">Der K\u00f6cher besteht aus strapazierf\u00e4higem Canvas-Material, das die Testruten vor St\u00f6\u00dfen und Schmutz sch\u00fctzt.<\/p>\n<p data-start=\"533\" data-end=\"828\">Das schwarze Design wirkt stilvoll und professionell, und der Schultergurt erleichtert den Transport von K\u00f6cher und Ausr\u00fcstung zwischen den Einsatzorten.<\/p>\n<p data-start=\"533\" data-end=\"828\">Solo 602 ist ebenfalls im Lieferumfang der Aufbewahrungstasche enthalten. <strong data-start=\"813\" data-end=\"825\">Solo 610<\/strong>.<\/p>\n<h3 data-start=\"830\" data-end=\"857\">Vorteile des Solo 602<\/h3>\n<ul data-start=\"858\" data-end=\"1085\">\n<li data-start=\"858\" data-end=\"908\">\n<p data-start=\"860\" data-end=\"908\">Konzipiert f\u00fcr Solo 100-, 108- und 101-Pr\u00fcfstangen<\/p>\n<\/li>\n<li data-start=\"909\" data-end=\"960\">\n<p data-start=\"911\" data-end=\"960\">Strapazierf\u00e4higes Canvas-Material f\u00fcr gesch\u00fctzten Transport<\/p>\n<\/li>\n<li data-start=\"961\" data-end=\"1001\">\n<p data-start=\"963\" data-end=\"1001\">Schultergurt f\u00fcr einfaches und bequemes Tragen<\/p>\n<\/li>\n<li data-start=\"1002\" data-end=\"1047\">\n<p data-start=\"1004\" data-end=\"1047\">Die schwarze Farbe eignet sich f\u00fcr professionelle Umgebungen.<\/p>\n<\/li>\n<li data-start=\"1048\" data-end=\"1085\">\n<p data-start=\"1050\" data-end=\"1085\">Im Lieferumfang des Solo 610 Koffers ist ein K\u00f6cher enthalten.<\/p>\n<\/li>\n<\/ul>\n<p data-start=\"1087\" data-end=\"1114\"><strong>TECHNISCHE DATEN:<\/strong><\/p>\n<ul data-start=\"1115\" data-end=\"1403\">\n<li data-start=\"1115\" data-end=\"1160\">\n<p data-start=\"1117\" data-end=\"1160\">Produkt: Tragetasche\/K\u00f6cher f\u00fcr Messst\u00e4be<\/p>\n<\/li>\n<li data-start=\"1161\" data-end=\"1185\">\n<p data-start=\"1163\" data-end=\"1185\">Modell: Solo 602-001<\/p>\n<\/li>\n<li data-start=\"1186\" data-end=\"1234\">\n<p data-start=\"1188\" data-end=\"1234\">Kompatibel mit: Solo 100, Solo 108, Solo 101<\/p>\n<\/li>\n<li data-start=\"1235\" data-end=\"1267\">\n<p data-start=\"1237\" data-end=\"1267\">Material: Canvas, strapazierf\u00e4hig<\/p>\n<\/li>\n<li data-start=\"1268\" data-end=\"1316\">\n<p data-start=\"1270\" data-end=\"1316\">Funktion: Schutz und Transport von Pr\u00fcfst\u00e4ben<\/p>\n<\/li>\n<li data-start=\"1317\" data-end=\"1358\">\n<p data-start=\"1319\" data-end=\"1358\">Transport: Schultergurt f\u00fcr bequemes Tragen<\/p>\n<\/li>\n<li data-start=\"1359\" data-end=\"1374\">\n<p data-start=\"1361\" data-end=\"1374\">Farbe: Schwarz<\/p>\n<\/li>\n<li data-start=\"1375\" data-end=\"1403\">\n<p data-start=\"1377\" data-end=\"1403\">Im Lieferumfang enthalten: Solo 610 H\u00fclle<\/p>\n<\/li>\n<\/ul>","protected":false},"excerpt":{"rendered":"<p>Der Solo 602 K\u00f6cher ist ein robustes Transportetui f\u00fcr Solo 100, 108 und 101 Testruten.<\/p>\n<p>Hergestellt aus strapazierf\u00e4higem Canvas-Material mit Schultergurt, ideal f\u00fcr den sicheren und einfachen Transport auf der Baustelle.<\/p>","protected":false},"featured_media":151627,"template":"","meta":{"_acf_changed":false},"product_brand":[],"product_cat":[2945,4758,5088],"product_tag":[],"class_list":{"0":"post-151628","1":"product","2":"type-product","3":"status-publish","4":"has-post-thumbnail","6":"product_cat-solo","7":"product_cat-forvaring-vaskor","8":"product_cat-solo-solo","9":"pa_brands-solo","10":"tm-no-options","12":"first","13":"instock","14":"taxable","15":"shipping-taxable","16":"purchasable","17":"product-type-simple"},"acf":[],"_links":{"self":[{"href":"https:\/\/secureus.se\/de\/wp-json\/wp\/v2\/product\/151628","targetHints":{"allow":["GET"]}}],"collection":[{"href":"https:\/\/secureus.se\/de\/wp-json\/wp\/v2\/product"}],"about":[{"href":"https:\/\/secureus.se\/de\/wp-json\/wp\/v2\/types\/product"}],"wp:featuredmedia":[{"embeddable":true,"href":"https:\/\/secureus.se\/de\/wp-json\/wp\/v2\/media\/151627"}],"wp:attachment":[{"href":"https:\/\/secureus.se\/de\/wp-json\/wp\/v2\/media?parent=151628"}],"wp:term":[{"taxonomy":"product_brand","embeddable":true,"href":"https:\/\/secureus.se\/de\/wp-json\/wp\/v2\/product_brand?post=151628"},{"taxonomy":"product_cat","embeddable":true,"href":"https:\/\/secureus.se\/de\/wp-json\/wp\/v2\/product_cat?post=151628"},{"taxonomy":"product_tag","embeddable":true,"href":"https:\/\/secureus.se\/de\/wp-json\/wp\/v2\/product_tag?post=151628"}],"curies":[{"name":"wp","href":"https:\/\/api.w.org\/{rel}","templated":true}]}}