{"id":151630,"date":"2025-04-30T10:03:24","date_gmt":"2025-04-30T08:03:24","guid":{"rendered":"https:\/\/secureus.se\/barvaska-forvaringsvaska-koger-solo-610\/"},"modified":"2026-05-05T17:38:52","modified_gmt":"2026-05-05T15:38:52","slug":"barvaska-forvaringsvaska-koger-solo-610","status":"publish","type":"product","link":"https:\/\/secureus.se\/de\/barvaska-forvaringsvaska-koger-solo-610\/","title":{"rendered":"Tragetasche \/ Aufbewahrungstasche + K\u00f6cher Solo 610"},"content":{"rendered":"<h1>Tragetasche \/ Aufbewahrungstasche + K\u00f6cher Solo 610<\/h1>\n<h3 data-start=\"308\" data-end=\"363\">Komplette Transportl\u00f6sung f\u00fcr Testger\u00e4te<\/h3>\n<p data-start=\"364\" data-end=\"683\">Solo 610 besteht aus zwei Taschen aus strapazierf\u00e4higem schwarzem Kunststoff, die zur \u00fcbersichtlichen Aufbewahrung und zum Transport von Testern, Batteriest\u00e4ben, Demontagevorrichtungen, Kassetten, Batterietestern und Teleskopstangen dienen.<\/p>\n<p data-start=\"364\" data-end=\"683\">Die Tasche ist perfekt f\u00fcr Techniker, die ihre gesamte Ausr\u00fcstung beisammen und am Arbeitsplatz leicht zug\u00e4nglich haben m\u00fcssen.<\/p>\n<h3 data-start=\"685\" data-end=\"725\">Anpassbar an verschiedene Produkte<\/h3>\n<p data-start=\"726\" data-end=\"941\">Die gro\u00dfe Tasche verf\u00fcgt \u00fcber zwei herausnehmbare Trennw\u00e4nde, die sich an Gr\u00f6\u00dfe und Art der Ausr\u00fcstung anpassen lassen. Der mitgelieferte K\u00f6cher dient zur Aufbewahrung von Teleskopst\u00f6cken.<\/p>\n<p data-start=\"726\" data-end=\"941\">Das Solo 610 bietet Platz f\u00fcr Ausr\u00fcstung von Solo und Testifire:<\/p>\n<p data-start=\"943\" data-end=\"990\"><strong data-start=\"943\" data-end=\"988\">Beispiele f\u00fcr Solo-Ausr\u00fcstung, die passt:<\/strong><\/p>\n<ul data-start=\"991\" data-end=\"1271\">\n<li data-start=\"991\" data-end=\"1038\">\n<p data-start=\"993\" data-end=\"1038\">Rauch-\/CO-Meldertester Solo 330 \/ Solo 332<\/p>\n<\/li>\n<li data-start=\"1039\" data-end=\"1072\">\n<p data-start=\"1041\" data-end=\"1072\">W\u00e4rmemelderpr\u00fcfger\u00e4t Solo 461<\/p>\n<\/li>\n<li data-start=\"1073\" data-end=\"1100\">\n<p data-start=\"1075\" data-end=\"1100\">Akkuladeger\u00e4t Solo 726<\/p>\n<\/li>\n<li data-start=\"1101\" data-end=\"1138\">\n<p data-start=\"1103\" data-end=\"1138\">2 Solo 770 Batteriehalterungen im Deckel<\/p>\n<\/li>\n<li data-start=\"1139\" data-end=\"1182\">\n<p data-start=\"1141\" data-end=\"1182\">Solo 200 Zerlegevorrichtung in der Vordertasche<\/p>\n<\/li>\n<li data-start=\"1183\" data-end=\"1205\">\n<p data-start=\"1185\" data-end=\"1205\">Single SmokeSabre<\/p>\n<\/li>\n<li data-start=\"1206\" data-end=\"1239\">\n<p data-start=\"1208\" data-end=\"1239\">Beispielgasflaschen Solo A5 und C3<\/p>\n<\/li>\n<li data-start=\"1240\" data-end=\"1271\">\n<p data-start=\"1242\" data-end=\"1271\">Der Cellchecker Batterietester<\/p>\n<\/li>\n<\/ul>\n<p data-start=\"1273\" data-end=\"1325\"><strong data-start=\"1273\" data-end=\"1323\">Beispiele f\u00fcr Testifire-Ausr\u00fcstung, die passt:<\/strong><\/p>\n<ul data-start=\"1326\" data-end=\"1561\">\n<li data-start=\"1326\" data-end=\"1355\">\n<p data-start=\"1328\" data-end=\"1355\">Testifire 1001 oder 2001<\/p>\n<\/li>\n<li data-start=\"1356\" data-end=\"1383\">\n<p data-start=\"1358\" data-end=\"1383\">Akkuladeger\u00e4t Solo 726<\/p>\n<\/li>\n<li data-start=\"1384\" data-end=\"1421\">\n<p data-start=\"1386\" data-end=\"1421\">2 Solo 770 Batteriehalterungen im Deckel<\/p>\n<\/li>\n<li data-start=\"1422\" data-end=\"1444\">\n<p data-start=\"1424\" data-end=\"1444\">Solo 200 Takedown-Maschine<\/p>\n<\/li>\n<li data-start=\"1445\" data-end=\"1475\">\n<p data-start=\"1447\" data-end=\"1475\">Rauchpatronen Testifire TS3<\/p>\n<\/li>\n<li data-start=\"1476\" data-end=\"1506\">\n<p data-start=\"1478\" data-end=\"1506\">CO-Patronen Testifire TC3<\/p>\n<\/li>\n<li data-start=\"1507\" data-end=\"1529\">\n<p data-start=\"1509\" data-end=\"1529\">Single SmokeSabre<\/p>\n<\/li>\n<li data-start=\"1530\" data-end=\"1561\">\n<p data-start=\"1532\" data-end=\"1561\">Der Cellchecker Batterietester<\/p>\n<\/li>\n<\/ul>\n<h3 data-start=\"1563\" data-end=\"1590\">K\u00f6cher f\u00fcr Testst\u00e4be<\/h3>\n<p data-start=\"1591\" data-end=\"1645\">Folgendes kann im mitgelieferten K\u00f6cher transportiert werden:<\/p>\n<ul data-start=\"1646\" data-end=\"1733\">\n<li data-start=\"1646\" data-end=\"1689\">\n<p data-start=\"1648\" data-end=\"1689\">1 Teleskopstange Solo 100 oder Solo 108<\/p>\n<\/li>\n<li data-start=\"1690\" data-end=\"1733\">\n<p data-start=\"1692\" data-end=\"1733\">Bis zu 3 Verl\u00e4ngerungsstangen Solo 101<\/p>\n<\/li>\n<\/ul>\n<p data-start=\"1735\" data-end=\"1913\">Der Solo 610 bietet Ordnung und Sicherheit f\u00fcr Techniker, die verschiedene Arten von Testger\u00e4ten transportieren m\u00fcssen, und sch\u00fctzt gleichzeitig empfindliche Ger\u00e4te vor Besch\u00e4digungen w\u00e4hrend des Transports.<\/p>\n<p data-start=\"1915\" data-end=\"1942\">TECHNISCHE DATEN:<\/p>\n<ul data-start=\"1943\" data-end=\"2346\">\n<li data-start=\"1943\" data-end=\"1996\">\n<p data-start=\"1945\" data-end=\"1996\">Produkt: Aufbewahrungs- und Transporttasche mit K\u00f6cher<\/p>\n<\/li>\n<li data-start=\"1997\" data-end=\"2017\">\n<p data-start=\"1999\" data-end=\"2017\">Modell: Solo 610<\/p>\n<\/li>\n<li data-start=\"2018\" data-end=\"2062\">\n<p data-start=\"2020\" data-end=\"2062\">Material: Schwarzer, strapazierf\u00e4higer Kunststoff<\/p>\n<\/li>\n<li data-start=\"2063\" data-end=\"2142\">\n<p data-start=\"2065\" data-end=\"2142\">Inhalt: Zwei Taschen mit herausnehmbaren Trennw\u00e4nden + K\u00f6cher f\u00fcr Teleskopst\u00f6cke<\/p>\n<\/li>\n<li data-start=\"2143\" data-end=\"2212\">\n<p data-start=\"2145\" data-end=\"2212\">Kompatibel mit Solo: 330, 332, 461, 770, 200, A5, C3, Cellchecker<\/p>\n<\/li>\n<li data-start=\"2213\" data-end=\"2291\">\n<p data-start=\"2215\" data-end=\"2291\">Kompatibel mit Testifire: 1001, 2001, 726, 770, 200, TS3, TC3, Cellchecker<\/p>\n<\/li>\n<li data-start=\"2292\" data-end=\"2346\">\n<p data-start=\"2294\" data-end=\"2346\">K\u00f6cher: 1\u00d7 Solo 100\/Solo 108 + bis zu 3\u00d7 Solo 101<\/p>\n<\/li>\n<\/ul>","protected":false},"excerpt":{"rendered":"<p>Die Aufbewahrungstasche Solo 610 ist eine robuste Transportl\u00f6sung f\u00fcr Tester, Batterien, Demontagevorrichtungen, Kassetten und Teleskopstangen.<\/p>\n<p>Das Geh\u00e4use ist flexibel mit herausnehmbaren Trennw\u00e4nden und einem mitgelieferten K\u00f6cher f\u00fcr Testst\u00e4be und eignet sich daher ideal f\u00fcr Servicepersonal und Techniker.<\/p>","protected":false},"featured_media":151629,"template":"","meta":{"_acf_changed":false},"product_brand":[],"product_cat":[2946,4758,2945],"product_tag":[],"class_list":{"0":"post-151630","1":"product","2":"type-product","3":"status-publish","4":"has-post-thumbnail","6":"product_cat-testifire","7":"product_cat-forvaring-vaskor","8":"product_cat-solo","9":"tm-no-options","11":"first","12":"instock","13":"sale","14":"taxable","15":"shipping-taxable","16":"purchasable","17":"product-type-simple"},"acf":[],"_links":{"self":[{"href":"https:\/\/secureus.se\/de\/wp-json\/wp\/v2\/product\/151630","targetHints":{"allow":["GET"]}}],"collection":[{"href":"https:\/\/secureus.se\/de\/wp-json\/wp\/v2\/product"}],"about":[{"href":"https:\/\/secureus.se\/de\/wp-json\/wp\/v2\/types\/product"}],"wp:featuredmedia":[{"embeddable":true,"href":"https:\/\/secureus.se\/de\/wp-json\/wp\/v2\/media\/151629"}],"wp:attachment":[{"href":"https:\/\/secureus.se\/de\/wp-json\/wp\/v2\/media?parent=151630"}],"wp:term":[{"taxonomy":"product_brand","embeddable":true,"href":"https:\/\/secureus.se\/de\/wp-json\/wp\/v2\/product_brand?post=151630"},{"taxonomy":"product_cat","embeddable":true,"href":"https:\/\/secureus.se\/de\/wp-json\/wp\/v2\/product_cat?post=151630"},{"taxonomy":"product_tag","embeddable":true,"href":"https:\/\/secureus.se\/de\/wp-json\/wp\/v2\/product_tag?post=151630"}],"curies":[{"name":"wp","href":"https:\/\/api.w.org\/{rel}","templated":true}]}}