{"id":151730,"date":"2025-04-15T13:11:24","date_gmt":"2025-04-15T11:11:24","guid":{"rendered":"https:\/\/secureus.se\/?post_type=product&#038;p=151730"},"modified":"2026-04-15T17:34:52","modified_gmt":"2026-04-15T15:34:52","slug":"nodoppningsknapp-larmknapp-gron-for-utomhus-ip67-extra-gediget-utforande-for-att-tala-tuffare-miljoer","status":"publish","type":"product","link":"https:\/\/secureus.se\/de\/nodoppningsknapp-larmknapp-gron-for-utomhus-ip67-extra-gediget-utforande-for-att-tala-tuffare-miljoer\/","title":{"rendered":"Not\u00f6ffnungstaster \u2013 Alarmtaster Gr\u00fcn \u2013 F\u00fcr den Au\u00dfenbereich IP67 \u2013 Extra robustes Design f\u00fcr rauere Umgebungen"},"content":{"rendered":"<h4 class=\"\" data-start=\"406\" data-end=\"455\"><strong data-start=\"411\" data-end=\"455\">Notentriegelungstaste Outdoor IP67 \u2013 R\u00fcckstellbar<\/strong><\/h4>\n<p class=\"\" data-start=\"457\" data-end=\"750\">Dieser r\u00fccksetzbare Notentriegelungsknopf (manueller Meldepunkt) ist f\u00fcr den Einsatz in rauen Au\u00dfenumgebungen mit hoher Zuverl\u00e4ssigkeit ausgelegt. Mit der Schutzart IP67 ist es wasser- und staubdicht und eignet sich daher perfekt f\u00fcr die Installation in anspruchsvollen Umgebungen wie der Industrie, auf Parkpl\u00e4tzen, in Lagerhallen und an anderen exponierten Standorten.<\/p>\n<p class=\"\" data-start=\"752\" data-end=\"1029\">Der Taster ist mit zweipoligen Wechselkontakten ausgestattet und verf\u00fcgt \u00fcber ein robustes Kunststoffgeh\u00e4use, das Temperaturen von <strong data-start=\"894\" data-end=\"914\">-25\u00b0C bis +70\u00b0C<\/strong>. Durch die R\u00fccksetzfunktion l\u00e4sst sich die Taste nach der Aktivierung einfach zur\u00fccksetzen, sodass sie seltener ausgetauscht werden muss.<\/p>\n<p class=\"\" data-start=\"1031\" data-end=\"1220\">Wird komplett mit Montagebox und Dichtungsringen f\u00fcr eine sichere und dichte Installation geliefert.<\/p>\n<p data-start=\"1031\" data-end=\"1220\"><span style=\"text-decoration: underline;\"><strong>Das Produkt verf\u00fcgt \u00fcber eine CE-Zertifizierung f\u00fcr den europ\u00e4ischen und nordischen Markt.<\/strong><\/span><\/p>\n<hr class=\"\" data-start=\"1222\" data-end=\"1225\" \/>\n<h4 class=\"\" data-start=\"1227\" data-end=\"1249\"><strong data-start=\"1234\" data-end=\"1249\">Eigenschaften:<\/strong><\/h4>\n<ul data-start=\"1251\" data-end=\"1658\">\n<li class=\"\" data-start=\"1251\" data-end=\"1289\">\n<p class=\"\" data-start=\"1253\" data-end=\"1289\"><strong data-start=\"1253\" data-end=\"1272\">Leistungskapazit\u00e4t:<\/strong> 30 V DC, 2 A max.<\/p>\n<\/li>\n<li class=\"\" data-start=\"1290\" data-end=\"1339\">\n<p class=\"\" data-start=\"1292\" data-end=\"1339\"><strong data-start=\"1292\" data-end=\"1308\">Schutzklasse:<\/strong> IP67 (wasser- und staubdicht)<\/p>\n<\/li>\n<li class=\"\" data-start=\"1382\" data-end=\"1426\">\n<p class=\"\" data-start=\"1384\" data-end=\"1426\"><strong data-start=\"1384\" data-end=\"1407\">Temperaturbest\u00e4ndigkeit:<\/strong> -25\u00b0C bis +70\u00b0C<\/p>\n<\/li>\n<li class=\"\" data-start=\"1427\" data-end=\"1466\">\n<p class=\"\" data-start=\"1429\" data-end=\"1466\"><strong data-start=\"1429\" data-end=\"1442\">Material:<\/strong> Robustes Kunststoffgeh\u00e4use<\/p>\n<\/li>\n<li class=\"\" data-start=\"1523\" data-end=\"1593\">\n<p class=\"\" data-start=\"1525\" data-end=\"1593\"><strong data-start=\"1525\" data-end=\"1539\">Montage:<\/strong> Wandmontage mit beiliegenden Schrauben und Dichtungen<\/p>\n<\/li>\n<li class=\"\" data-start=\"1594\" data-end=\"1658\">\n<p class=\"\" data-start=\"1596\" data-end=\"1658\"><strong data-start=\"1596\" data-end=\"1611\">Verwenden:<\/strong> Alarmtaster, Not\u00f6ffnung, manuelle Alarmausl\u00f6sung<\/p>\n<\/li>\n<\/ul>\n<hr class=\"\" data-start=\"1660\" data-end=\"1663\" \/>\n<p class=\"\" data-start=\"1665\" data-end=\"1818\">Eine zuverl\u00e4ssige und professionelle L\u00f6sung f\u00fcr das Alarmmanagement in gef\u00e4hrdeten Umgebungen \u2013 w\u00e4hlen Sie <strong data-start=\"1746\" data-end=\"1796\">Not\u00f6ffnungstaster Outdoor IP67<\/strong>\u00a0f\u00fcr maximale Sicherheit.<\/p>","protected":false},"excerpt":{"rendered":"<p><strong data-start=\"137\" data-end=\"181\">Notentriegelungstaste Outdoor IP67 \u2013 R\u00fcckstellbar<\/strong><br data-start=\"181\" data-end=\"184\" \/>Robuster Alarmknopf in IP67-zertifiziertem Design f\u00fcr raue Umgebungen. R\u00fccksetzbares Design, mehrere Farboptionen und zweipoliger Umschaltkontakt f\u00fcr flexibles Alarmmanagement.<\/p>","protected":false},"featured_media":151725,"template":"","meta":{"_acf_changed":false},"product_brand":[],"product_cat":[1830,4828,1332],"product_tag":[2937,2958],"class_list":{"0":"post-151730","1":"product","2":"type-product","3":"status-publish","4":"has-post-thumbnail","6":"product_cat-brandknappar","7":"product_cat-nodknappar","8":"product_cat-utrymning-tillbehor","9":"product_tag-oppnaknappar","10":"product_tag-stonehouse-produkt","11":"product_shipping_class-postnord-varubrev","12":"pa_brands-stonehouse-security","13":"pa_farg-gron","14":"pa_sakerhetssystem-larmtillbehor-elektronik","15":"tm-no-options","17":"first","18":"instock","19":"sale","20":"featured","21":"taxable","22":"shipping-taxable","23":"purchasable","24":"product-type-simple"},"acf":[],"_links":{"self":[{"href":"https:\/\/secureus.se\/de\/wp-json\/wp\/v2\/product\/151730","targetHints":{"allow":["GET"]}}],"collection":[{"href":"https:\/\/secureus.se\/de\/wp-json\/wp\/v2\/product"}],"about":[{"href":"https:\/\/secureus.se\/de\/wp-json\/wp\/v2\/types\/product"}],"wp:featuredmedia":[{"embeddable":true,"href":"https:\/\/secureus.se\/de\/wp-json\/wp\/v2\/media\/151725"}],"wp:attachment":[{"href":"https:\/\/secureus.se\/de\/wp-json\/wp\/v2\/media?parent=151730"}],"wp:term":[{"taxonomy":"product_brand","embeddable":true,"href":"https:\/\/secureus.se\/de\/wp-json\/wp\/v2\/product_brand?post=151730"},{"taxonomy":"product_cat","embeddable":true,"href":"https:\/\/secureus.se\/de\/wp-json\/wp\/v2\/product_cat?post=151730"},{"taxonomy":"product_tag","embeddable":true,"href":"https:\/\/secureus.se\/de\/wp-json\/wp\/v2\/product_tag?post=151730"}],"curies":[{"name":"wp","href":"https:\/\/api.w.org\/{rel}","templated":true}]}}