{"id":151755,"date":"2025-04-15T13:02:41","date_gmt":"2025-04-15T11:02:41","guid":{"rendered":"https:\/\/secureus.se\/?post_type=product&#038;p=151755"},"modified":"2026-04-20T22:24:41","modified_gmt":"2026-04-20T20:24:41","slug":"nodoppningsknapp-larmknapp-gron-led-summer-3-relaer-aterstallbar-med-nyckel","status":"publish","type":"product","link":"https:\/\/secureus.se\/de\/nodoppningsknapp-larmknapp-gron-led-summer-3-relaer-aterstallbar-med-nyckel\/","title":{"rendered":"Not\u00f6ffnungstaste, Alarmtaste, gr\u00fcne LK50-LED mit LED + Summer und 3 Relais, Reset-Taste enthalten."},"content":{"rendered":"<h4 class=\"\" data-start=\"418\" data-end=\"481\"><strong data-start=\"423\" data-end=\"481\">Not-Auf-Taste Gr\u00fcn \u2013 LED &amp; Summer, 3 Relais C\/NC\/NO<\/strong><\/h4>\n<p class=\"\" data-start=\"483\" data-end=\"767\">Dieser gr\u00fcne Notentriegelungsknopf ist f\u00fcr professionelle Alarm- und Sicherheitssysteme konzipiert und bietet maximale Flexibilit\u00e4t und Benutzerfreundlichkeit. Der Knopf hat <strong data-start=\"638\" data-end=\"670\">drei freie Schaltvorg\u00e4nge (C\/NC\/NO)<\/strong> die zur optionalen Steuerung von beispielsweise T\u00fcren, Alarmen oder anderen Sicherheitsfunktionen verwendet werden k\u00f6nnen.<\/p>\n<p class=\"\" data-start=\"769\" data-end=\"1065\">Auf der Vorderseite befindet sich ein eindeutiges Symbol mit einem Mann, der auf eine T\u00fcr zul\u00e4uft, wodurch die Funktion auch f\u00fcr unge\u00fcbte Benutzer offensichtlich wird. Wenn die Taste gedr\u00fcckt wird, bietet sie sowohl <strong data-start=\"929\" data-end=\"952\">Summer<\/strong> Und <strong data-start=\"957\" data-end=\"983\">optische LED-Anzeige<\/strong>, und diese Funktionen k\u00f6nnen einfach \u00fcber Schalter direkt im Knopf eingestellt werden.<\/p>\n<p class=\"\" data-start=\"1067\" data-end=\"1365\">Im Gegensatz zu herk\u00f6mmlichen Glasmodellen m\u00fcssen Sie nach einem Aufprall keine Teile austauschen \u2013 der Knopf l\u00e4sst sich problemlos zur\u00fccksetzen. <strong data-start=\"1198\" data-end=\"1221\">der mitgelieferte Schl\u00fcssel<\/strong>, wodurch Betriebskosten f\u00fcr Ersatzteile entfallen. Die visuelle Markierung, die bei der Aktivierung erscheint, verschwindet beim Zur\u00fccksetzen automatisch.<\/p>\n<p data-start=\"1067\" data-end=\"1365\"><span style=\"text-decoration: underline;\"><strong>Das Produkt verf\u00fcgt \u00fcber eine CE-Zertifizierung f\u00fcr den europ\u00e4ischen und nordischen Markt.<\/strong><\/span><\/p>\n<hr class=\"\" data-start=\"1367\" data-end=\"1370\" \/>\n<h4 class=\"\" data-start=\"1372\" data-end=\"1394\"><strong data-start=\"1379\" data-end=\"1394\">Eigenschaften:<\/strong><\/h4>\n<ul data-start=\"1396\" data-end=\"1825\">\n<li class=\"\" data-start=\"1396\" data-end=\"1453\">\n<p class=\"\" data-start=\"1398\" data-end=\"1453\"><strong data-start=\"1398\" data-end=\"1409\">Relais:<\/strong> 3 St\u00fcck (C\/NC\/NO) f\u00fcr flexible Steuerung<\/p>\n<\/li>\n<li data-start=\"1396\" data-end=\"1453\"><strong>Volt<\/strong>: DC12V\/DC24V \u2013 30VDC Max<\/li>\n<li class=\"\" data-start=\"1454\" data-end=\"1518\">\n<p class=\"\" data-start=\"1456\" data-end=\"1518\"><strong data-start=\"1456\" data-end=\"1473\">LED und Summer:<\/strong> Eingebaut, einstellbar \u00fcber interne Schalter<\/p>\n<\/li>\n<li class=\"\" data-start=\"1519\" data-end=\"1581\">\n<p class=\"\" data-start=\"1521\" data-end=\"1581\"><strong data-start=\"1521\" data-end=\"1539\">Zur\u00fccksetzen:<\/strong> Mit beiliegendem Schl\u00fcssel \u2013 kein Glaswechsel n\u00f6tig<\/p>\n<\/li>\n<li class=\"\" data-start=\"1582\" data-end=\"1655\">\n<p class=\"\" data-start=\"1584\" data-end=\"1655\"><strong data-start=\"1584\" data-end=\"1606\">Optische Markierung:<\/strong> Zeigt Aktivierung an, verschwindet beim Zur\u00fccksetzen<\/p>\n<\/li>\n<li class=\"\" data-start=\"1656\" data-end=\"1717\">\n<p class=\"\" data-start=\"1658\" data-end=\"1717\"><strong data-start=\"1658\" data-end=\"1669\">Symbol:<\/strong> Mann rennt zur T\u00fcr, um freie Nutzung zu erm\u00f6glichen<\/p>\n<\/li>\n<li class=\"\" data-start=\"1718\" data-end=\"1825\">\n<p class=\"\" data-start=\"1720\" data-end=\"1736\"><strong data-start=\"1720\" data-end=\"1734\">Zubeh\u00f6r:<\/strong><\/p>\n<ul data-start=\"1740\" data-end=\"1825\">\n<li class=\"\" data-start=\"1740\" data-end=\"1785\">\n<p class=\"\" data-start=\"1742\" data-end=\"1785\">Schutzh\u00fclle LK-5-GLAS (Art.-Nr. 6301061-SH)<\/p>\n<\/li>\n<li class=\"\" data-start=\"1789\" data-end=\"1825\">\n<p class=\"\" data-start=\"1791\" data-end=\"1825\">Ersatzschl\u00fcssel (Teilenummer 6301060-SH)<\/p>\n<\/li>\n<\/ul>\n<\/li>\n<\/ul>\n<hr class=\"\" data-start=\"1827\" data-end=\"1830\" \/>\n<p class=\"\" data-start=\"1832\" data-end=\"1947\">Dies ist eine zuverl\u00e4ssige, kosteng\u00fcnstige und fortschrittliche Notrufknopfl\u00f6sung, die perfekt in moderne Sicherheitssysteme passt.<\/p>","protected":false},"excerpt":{"rendered":"<p><strong data-start=\"142\" data-end=\"191\">Not\u00f6ffnungstaster Gr\u00fcn \u2013 LED, Summer, 3 Relais<\/strong><br data-start=\"191\" data-end=\"194\" \/>Gr\u00fcner Alarmknopf mit Symbol f\u00fcr einen laufenden Mann, drei freie \u00c4nderungen (C\/NC\/NO), einstellbare LED und Summer, einfaches Zur\u00fccksetzen mit dem mitgelieferten Schl\u00fcssel \u2013 kein Glasaustausch erforderlich.<br \/>\n<strong>DC12V\/DC24V \u2013 30VDC Max<\/strong><\/p>","protected":false},"featured_media":151789,"template":"","meta":{"_acf_changed":false},"product_brand":[],"product_cat":[1830,4828,1332],"product_tag":[2937,2958],"class_list":{"0":"post-151755","1":"product","2":"type-product","3":"status-publish","4":"has-post-thumbnail","6":"product_cat-brandknappar","7":"product_cat-nodknappar","8":"product_cat-utrymning-tillbehor","9":"product_tag-oppnaknappar","10":"product_tag-stonehouse-produkt","11":"product_shipping_class-postnord-varubrev","12":"pa_brands-stonehouse-security","13":"pa_farg-gron","14":"pa_sakerhetssystem-new-products-incoming","15":"pa_sakerhetssystem-aptus-mfd","16":"pa_sakerhetssystem-assa-arx-solid","17":"pa_sakerhetssystem-axema","18":"pa_sakerhetssystem-axema-vaka-access","19":"pa_sakerhetssystem-backup-batterier","20":"pa_sakerhetssystem-backup-12-24v","21":"pa_sakerhetssystem-bewator-vanderbilt-entro-8-siffror","22":"pa_sakerhetssystem-bewator-vanderbilt-omnis-13-siffror","23":"pa_sakerhetssystem-blank-inga-nummer","24":"pa_sakerhetssystem-category-sv","25":"pa_sakerhetssystem-chipnummer-decimalt","26":"pa_sakerhetssystem-chipnummer-hexadecimalt","27":"pa_sakerhetssystem-column5","28":"pa_sakerhetssystem-detektorer-ovriga-larmgivare","29":"pa_sakerhetssystem-dorrmagneter-tillbehor","30":"pa_sakerhetssystem-dsc-neo-hybrid-for-proffs","31":"pa_sakerhetssystem-elektriska-las","32":"pa_sakerhetssystem-eol-risco","33":"pa_sakerhetssystem-fargband-retransfer","34":"pa_sakerhetssystem-inbrottslarm","35":"pa_sakerhetssystem-ja","36":"pa_sakerhetssystem-kabel-installation","37":"pa_sakerhetssystem-kortprinter","38":"pa_sakerhetssystem-kortprinter-fargband","39":"pa_sakerhetssystem-larmtillbehor-elektronik","40":"pa_sakerhetssystem-motorlas","41":"pa_sakerhetssystem-nyckelband-korthallare","42":"pa_sakerhetssystem-ovriga-sakerhets-besokssystem","43":"pa_sakerhetssystem-ovriga-system","44":"pa_sakerhetssystem-paxton","45":"pa_sakerhetssystem-produkter-online","46":"pa_sakerhetssystem-rco","47":"pa_sakerhetssystem-rfid-plastkort","48":"pa_sakerhetssystem-rfid-taggar","49":"pa_sakerhetssystem-rfid-bordslasare","50":"pa_sakerhetssystem-rfid-stickers-armband","51":"pa_sakerhetssystem-rfid-taggar-kort","52":"pa_sakerhetssystem-rfid-taggar-access-system","53":"pa_sakerhetssystem-risco-agility-tradlost-larm","54":"pa_sakerhetssystem-risco-end-of-line","55":"pa_sakerhetssystem-safetron-las-tillbehor","56":"pa_sakerhetssystem-smart-home","57":"pa_sakerhetssystem-smart-home-smart-security-by-stonehouse","58":"pa_sakerhetssystem-tidomat","59":"tm-no-options","61":"first","62":"instock","63":"sale","64":"featured","65":"taxable","66":"shipping-taxable","67":"purchasable","68":"product-type-simple"},"acf":[],"_links":{"self":[{"href":"https:\/\/secureus.se\/de\/wp-json\/wp\/v2\/product\/151755","targetHints":{"allow":["GET"]}}],"collection":[{"href":"https:\/\/secureus.se\/de\/wp-json\/wp\/v2\/product"}],"about":[{"href":"https:\/\/secureus.se\/de\/wp-json\/wp\/v2\/types\/product"}],"wp:featuredmedia":[{"embeddable":true,"href":"https:\/\/secureus.se\/de\/wp-json\/wp\/v2\/media\/151789"}],"wp:attachment":[{"href":"https:\/\/secureus.se\/de\/wp-json\/wp\/v2\/media?parent=151755"}],"wp:term":[{"taxonomy":"product_brand","embeddable":true,"href":"https:\/\/secureus.se\/de\/wp-json\/wp\/v2\/product_brand?post=151755"},{"taxonomy":"product_cat","embeddable":true,"href":"https:\/\/secureus.se\/de\/wp-json\/wp\/v2\/product_cat?post=151755"},{"taxonomy":"product_tag","embeddable":true,"href":"https:\/\/secureus.se\/de\/wp-json\/wp\/v2\/product_tag?post=151755"}],"curies":[{"name":"wp","href":"https:\/\/api.w.org\/{rel}","templated":true}]}}