{"id":151816,"date":"2025-05-08T16:26:21","date_gmt":"2025-05-08T14:26:21","guid":{"rendered":"https:\/\/secureus.se\/aritech-kombi-rok-varme-detektor-dp721rt\/"},"modified":"2026-04-08T16:26:19","modified_gmt":"2026-04-08T14:26:19","slug":"aritech-kombi-rok-varme-detektor-dp721rt","status":"publish","type":"product","link":"https:\/\/secureus.se\/de\/aritech-kombi-rok-varme-detektor-dp721rt\/","title":{"rendered":"Aritech Kombi Rauch-W\u00e4rmemelder DP721RT"},"content":{"rendered":"<p>Kombinierter Rauch- und W\u00e4rmemelder mit auswechselbarer Rauchkammer, Optischer Rauch- und W\u00e4rmemelder, Vierleiter, Versorgungsspannung 8,5-33 VDC, Mit Wechsler-Relaisausgang, selbstr\u00fcckstellend IP43. Alle Rauchmelder der Aritech 700-Serie \u00fcberwachen kontinuierlich ihre Empfindlichkeit und ihren Betriebsstatus. Die Hintergrunddrift wird t\u00e4glich kompensiert, um die urspr\u00fcnglich kalibrierte Empfindlichkeit innerhalb der erforderlichen Grenzen zu halten. Einmal t\u00e4glich f\u00fchrt der Detektor einen vollst\u00e4ndigen Diagnosetest durch, der einen dynamischen Test der Sensorkammer und der internen Elektronik umfasst. Wenn ein Melder den Bereich verl\u00e4sst oder den internen Diagnosetest nicht besteht, wird dies an die Zentrale zur\u00fcckgemeldet und am Melder mit einer gelben Diode als St\u00f6rung angezeigt.<\/p>","protected":false},"excerpt":{"rendered":"<p>Kombinierter Rauch- und W\u00e4rmemelder, austauschbare Rauchkammer. Optischer Rauch- und W\u00e4rmemelder. Vieradrig, Versorgungsspannung 8,5\u201333 VDC. `Mit Wechsler-Relaisausgang IP43<\/p>\n<p>Automatische Selbstdiagnose<br \/>\nVor-Ort-Pr\u00fcfung ohne zus\u00e4tzliche Messtechnik<br \/>\nOptischer Sensor mit Kammer, die vor Ort ausgetauscht und dem Recycling zugef\u00fchrt werden kann (umweltfreundlich)<br \/>\nSeparate LEDs f\u00fcr Feuer und St\u00f6rung<br \/>\nKann mit 12-24 VDC betrieben werden<\/p>","protected":false},"featured_media":151815,"template":"","meta":{"_acf_changed":false},"product_brand":[],"product_cat":[3373,4157],"product_tag":[],"class_list":{"0":"post-151816","1":"product","2":"type-product","3":"status-publish","4":"has-post-thumbnail","6":"product_cat-rokdetektorer","7":"product_cat-varmedetektor","8":"pa_brands-aritech","9":"tm-no-options","11":"first","12":"outofstock","13":"sale","14":"taxable","15":"shipping-taxable","16":"purchasable","17":"product-type-simple"},"acf":[],"_links":{"self":[{"href":"https:\/\/secureus.se\/de\/wp-json\/wp\/v2\/product\/151816","targetHints":{"allow":["GET"]}}],"collection":[{"href":"https:\/\/secureus.se\/de\/wp-json\/wp\/v2\/product"}],"about":[{"href":"https:\/\/secureus.se\/de\/wp-json\/wp\/v2\/types\/product"}],"wp:featuredmedia":[{"embeddable":true,"href":"https:\/\/secureus.se\/de\/wp-json\/wp\/v2\/media\/151815"}],"wp:attachment":[{"href":"https:\/\/secureus.se\/de\/wp-json\/wp\/v2\/media?parent=151816"}],"wp:term":[{"taxonomy":"product_brand","embeddable":true,"href":"https:\/\/secureus.se\/de\/wp-json\/wp\/v2\/product_brand?post=151816"},{"taxonomy":"product_cat","embeddable":true,"href":"https:\/\/secureus.se\/de\/wp-json\/wp\/v2\/product_cat?post=151816"},{"taxonomy":"product_tag","embeddable":true,"href":"https:\/\/secureus.se\/de\/wp-json\/wp\/v2\/product_tag?post=151816"}],"curies":[{"name":"wp","href":"https:\/\/api.w.org\/{rel}","templated":true}]}}