{"id":151986,"date":"2025-05-12T13:07:29","date_gmt":"2025-05-12T11:07:29","guid":{"rendered":"https:\/\/secureus.se\/?post_type=product&#038;p=151986"},"modified":"2026-03-25T15:29:51","modified_gmt":"2026-03-25T14:29:51","slug":"tryckcylinder-4484-3003-krom","status":"publish","type":"product","link":"https:\/\/secureus.se\/de\/tryckcylinder-4484-3003-krom\/","title":{"rendered":"Druckzylinder 4484\/3003 Chrom"},"content":{"rendered":"<p>ASSA ABLOY 4484 ist ein Druckzylinder f\u00fcr abschlie\u00dfbare Sicherheitsgriffe 844-S, 876-S, 895-S und 8465-S. Erh\u00e4ltlich mit 11 St\u00fcck. unterschiedliche Schl\u00fcsselnummern (Schlie\u00dfungen), 3000, 3001, 3002 usw. bis 3010, wodurch gleiche oder unterschiedliche Schlie\u00dfungen m\u00f6glich sind. Schlie\u00dfgleich und mit gleicher Schlie\u00dfung bestellbar wie ASSA Druckzylinder 7287, der f\u00fcr die Fensterschl\u00f6sser 2820 und 2830 verwendet wird. Jedem Zylinder liegen zwei ASSA 5525 Schl\u00fcssel bei.<\/p>\n<p><b>Eigenschaften:<\/b><\/p>\n<ul>\n<li>Zylinder mit 9 Sperrscheiben<\/li>\n<li>Erh\u00e4ltlich mit verschiedenen Schlie\u00dfmechanismen (z. B. 3000, 3001, 30020 usw.)<\/li>\n<li>Einfaches Verschlie\u00dfen durch Druck auf den Zylinder<\/li>\n<li>Beim Drehen des Schl\u00fcssels springt der Zylinder hoch und die Schlie\u00dffunktion wird aufgehoben.<\/li>\n<li>Material: Messing und vernickelte Stahlschl\u00fcssel<\/li>\n<li>Oberfl\u00e4chenbehandlung: Verchromt<\/li>\n<\/ul>","protected":false},"excerpt":{"rendered":"<p>Druckzylinder f\u00fcr abschlie\u00dfbare Sicherheitsgriffe 844-S, 876-S, 895-S und 8465-S.<\/p>","protected":false},"featured_media":151985,"template":"","meta":{"_acf_changed":false},"product_brand":[],"product_cat":[4177],"product_tag":[],"class_list":{"0":"post-151986","1":"product","2":"type-product","3":"status-publish","4":"has-post-thumbnail","6":"product_cat-tillbehor-spanjoletthandtag","7":"pa_brands-abloy","8":"tm-no-options","10":"first","11":"instock","12":"taxable","13":"shipping-taxable","14":"purchasable","15":"product-type-simple"},"acf":[],"_links":{"self":[{"href":"https:\/\/secureus.se\/de\/wp-json\/wp\/v2\/product\/151986","targetHints":{"allow":["GET"]}}],"collection":[{"href":"https:\/\/secureus.se\/de\/wp-json\/wp\/v2\/product"}],"about":[{"href":"https:\/\/secureus.se\/de\/wp-json\/wp\/v2\/types\/product"}],"wp:featuredmedia":[{"embeddable":true,"href":"https:\/\/secureus.se\/de\/wp-json\/wp\/v2\/media\/151985"}],"wp:attachment":[{"href":"https:\/\/secureus.se\/de\/wp-json\/wp\/v2\/media?parent=151986"}],"wp:term":[{"taxonomy":"product_brand","embeddable":true,"href":"https:\/\/secureus.se\/de\/wp-json\/wp\/v2\/product_brand?post=151986"},{"taxonomy":"product_cat","embeddable":true,"href":"https:\/\/secureus.se\/de\/wp-json\/wp\/v2\/product_cat?post=151986"},{"taxonomy":"product_tag","embeddable":true,"href":"https:\/\/secureus.se\/de\/wp-json\/wp\/v2\/product_tag?post=151986"}],"curies":[{"name":"wp","href":"https:\/\/api.w.org\/{rel}","templated":true}]}}