{"id":152352,"date":"2025-05-20T16:02:20","date_gmt":"2025-05-20T14:02:20","guid":{"rendered":"https:\/\/secureus.se\/?post_type=product&#038;p=152352"},"modified":"2026-03-03T15:42:00","modified_gmt":"2026-03-03T14:42:00","slug":"automatiskt-bevattningssystem-appstyrd-wi-fi-smart-bevattningskontroll","status":"publish","type":"product","link":"https:\/\/secureus.se\/de\/automatiskt-bevattningssystem-appstyrd-wi-fi-smart-bevattningskontroll\/","title":{"rendered":"Automatisches Bew\u00e4sserungssystem \u2013 App-gesteuert \u2013 WLAN \u2013 Intelligente Bew\u00e4sserungssteuerung \u2013 Bew\u00e4ssern Sie, wo immer Sie sind!"},"content":{"rendered":"<p class=\"\" data-start=\"696\" data-end=\"912\">Machen Sie Ihren Urlaub sorgenfrei und vermeiden Sie das t\u00e4gliche H\u00e4ndewaschen. <strong data-start=\"755\" data-end=\"786\">Intelligente Tropfbew\u00e4sserung per WLAN<\/strong> ist ein komplettes, wiederaufladbares Tropfsystem, das Ihre Pflanzen mit genau der richtigen Menge Wasser versorgt \u2013 gesteuert direkt \u00fcber Ihr Mobiltelefon.<\/p>\n<ol data-start=\"914\" data-end=\"1302\">\n<li class=\"\" data-start=\"914\" data-end=\"982\">\n<p class=\"\" data-start=\"917\" data-end=\"982\"><strong data-start=\"917\" data-end=\"933\">H\u00e4ngen Sie das Ger\u00e4t auf<\/strong> an der Wasserquelle (Eimer, Kanne oder Regentonne).<\/p>\n<\/li>\n<li class=\"\" data-start=\"983\" data-end=\"1064\">\n<p class=\"\" data-start=\"986\" data-end=\"1064\"><strong data-start=\"986\" data-end=\"999\">Schlauch ziehen<\/strong> (max. 15 m) bis zu <strong data-start=\"1025\" data-end=\"1034\">10 Stk.<\/strong> einstellbare Tropfd\u00fcsen.<\/p>\n<\/li>\n<li class=\"\" data-start=\"1065\" data-end=\"1146\">\n<p class=\"\" data-start=\"1068\" data-end=\"1146\"><strong data-start=\"1068\" data-end=\"1081\">Paaren<\/strong> \u00fcber Bluetooth, f\u00fcgen Sie 2,4 GHz Wi-Fi hinzu in <em data-start=\"1125\" data-end=\"1137\">Intelligentes Leben<\/em>App.<\/p>\n<\/li>\n<li class=\"\" data-start=\"1147\" data-end=\"1234\">\n<p class=\"\" data-start=\"1150\" data-end=\"1234\"><strong data-start=\"1150\" data-end=\"1166\">Zeitplan festlegen<\/strong> (z. B. 30 Sekunden alle 12 Stunden) oder manuell starten, wo immer Sie sind.<\/p>\n<\/li>\n<li class=\"\" data-start=\"1235\" data-end=\"1302\">\n<p class=\"\" data-start=\"1238\" data-end=\"1302\"><strong data-start=\"1238\" data-end=\"1255\">Ruhig laden<\/strong> \u2013 Das IP66-Geh\u00e4use widersteht Sonne, Regen und Staub.<\/p>\n<\/li>\n<\/ol>\n<blockquote data-start=\"1304\" data-end=\"1381\">\n<p class=\"\" data-start=\"1306\" data-end=\"1381\"><strong data-start=\"1306\" data-end=\"1316\">Bonus:<\/strong> In Google Home\/Alexa integrieren und \u201ePflanzen gie\u00dfen\u201c sagen \u2013 fertig!<\/p>\n<\/blockquote>\n<hr class=\"\" data-start=\"1383\" data-end=\"1386\" \/>\n<h2 class=\"\" data-start=\"1388\" data-end=\"1419\"><strong data-start=\"1391\" data-end=\"1419\">Technische Spezifikationen<\/strong><\/h2>\n<div class=\"_tableContainer_16hzy_1\">\n<div class=\"_tableWrapper_16hzy_14 group flex w-fit flex-col-reverse\">\n<table class=\"w-fit min-w-(--thread-content-width)\" data-start=\"1421\" data-end=\"1825\">\n<thead data-start=\"1421\" data-end=\"1442\">\n<tr data-start=\"1421\" data-end=\"1442\">\n<th data-start=\"1421\" data-end=\"1433\" data-col-size=\"sm\">Parameter<\/th>\n<th data-start=\"1433\" data-end=\"1442\" data-col-size=\"md\">Wert<\/th>\n<\/tr>\n<\/thead>\n<tbody data-start=\"1465\" data-end=\"1825\">\n<tr data-start=\"1465\" data-end=\"1505\">\n<td data-start=\"1465\" data-end=\"1484\" data-col-size=\"sm\">Stromversorgung<\/td>\n<td data-start=\"1484\" data-end=\"1505\" data-col-size=\"md\">5 V \u2393 2 A (USB-C)<\/td>\n<\/tr>\n<tr data-start=\"1506\" data-end=\"1558\">\n<td data-start=\"1506\" data-end=\"1516\" data-col-size=\"sm\">Batterie<\/td>\n<td data-start=\"1516\" data-end=\"1558\" data-col-size=\"md\">Eingebauter 18650 Li-Ionen-Akku, wiederaufladbar<\/td>\n<\/tr>\n<tr data-start=\"1559\" data-end=\"1586\">\n<td data-start=\"1559\" data-end=\"1576\" data-col-size=\"sm\">Standby-Stromversorgung<\/td>\n<td data-col-size=\"md\" data-start=\"1576\" data-end=\"1586\">135 \u00b5A<\/td>\n<\/tr>\n<tr data-start=\"1587\" data-end=\"1645\">\n<td data-start=\"1587\" data-end=\"1598\" data-col-size=\"sm\">Kabellos<\/td>\n<td data-start=\"1598\" data-end=\"1645\" data-col-size=\"md\">WLAN 802.11 b\/g\/n (2,4 GHz), Bluetooth 5.0<\/td>\n<\/tr>\n<tr data-start=\"1646\" data-end=\"1679\">\n<td data-start=\"1646\" data-end=\"1657\" data-col-size=\"sm\">Umfang<\/td>\n<td data-start=\"1657\" data-end=\"1679\" data-col-size=\"md\">ca. 45 m (freie Sicht)<\/td>\n<\/tr>\n<tr data-start=\"1680\" data-end=\"1703\">\n<td data-start=\"1680\" data-end=\"1695\" data-col-size=\"sm\">Wasserdichtigkeit<\/td>\n<td data-col-size=\"md\" data-start=\"1695\" data-end=\"1703\">IP66<\/td>\n<\/tr>\n<tr data-start=\"1704\" data-end=\"1735\">\n<td data-start=\"1704\" data-end=\"1718\" data-col-size=\"sm\">Arbeitstemp.<\/td>\n<td data-col-size=\"md\" data-start=\"1718\" data-end=\"1735\">0\u00b0C \u2026 +60\u00b0C<\/td>\n<\/tr>\n<tr data-start=\"1736\" data-end=\"1790\">\n<td data-start=\"1736\" data-end=\"1752\" data-col-size=\"sm\">Luftfeuchtigkeit<\/td>\n<td data-col-size=\"md\" data-start=\"1752\" data-end=\"1790\">1 % \u2026 95 % RH (nicht kondensierend)<\/td>\n<\/tr>\n<tr data-start=\"1791\" data-end=\"1825\">\n<td data-start=\"1791\" data-end=\"1806\" data-col-size=\"sm\">Abmessungen (L\u00d7B\u00d7H)<\/td>\n<td data-col-size=\"md\" data-start=\"1806\" data-end=\"1825\">71 \u00d7 48 \u00d7 90 mm<\/td>\n<\/tr>\n<\/tbody>\n<\/table>\n<div class=\"sticky end-(--thread-content-margin) h-0 self-end select-none\">\n<div class=\"absolute end-0 flex items-end\"><\/div>\n<\/div>\n<\/div>\n<\/div>\n<hr class=\"\" data-start=\"1827\" data-end=\"1830\" \/>\n<h2 class=\"\" data-start=\"1832\" data-end=\"1865\"><strong data-start=\"1835\" data-end=\"1865\">LED-Anzeige \u2013 Kurzanleitung<\/strong><\/h2>\n<div class=\"_tableContainer_16hzy_1\">\n<div class=\"_tableWrapper_16hzy_14 group flex w-fit flex-col-reverse\">\n<table class=\"w-fit min-w-(--thread-content-width)\" data-start=\"1867\" data-end=\"2110\">\n<thead data-start=\"1867\" data-end=\"1894\">\n<tr data-start=\"1867\" data-end=\"1894\">\n<th data-start=\"1867\" data-end=\"1880\" data-col-size=\"sm\">Ger\u00e4temodus<\/th>\n<th data-start=\"1880\" data-end=\"1894\" data-col-size=\"sm\">LED-Signal<\/th>\n<\/tr>\n<\/thead>\n<tbody data-start=\"1923\" data-end=\"2110\">\n<tr data-start=\"1923\" data-end=\"1965\">\n<td data-start=\"1923\" data-end=\"1938\" data-col-size=\"sm\">Kopplungsmodus<\/td>\n<td data-col-size=\"sm\" data-start=\"1938\" data-end=\"1965\"><strong data-start=\"1940\" data-end=\"1947\">ROT<\/strong> blinkt 1 Mal\/s<\/td>\n<\/tr>\n<tr data-start=\"1966\" data-end=\"2033\">\n<td data-start=\"1966\" data-end=\"1985\" data-col-size=\"sm\">Zur\u00fccksetzen (6 Sekunden gedr\u00fcckt halten)<\/td>\n<td data-col-size=\"sm\" data-start=\"1985\" data-end=\"2033\"><strong data-start=\"1987\" data-end=\"1994\">ROT<\/strong> leuchtet konstant \u2192 erlischt, wenn Reset abgeschlossen<\/td>\n<\/tr>\n<tr data-start=\"2034\" data-end=\"2075\">\n<td data-start=\"2034\" data-end=\"2043\" data-col-size=\"sm\">Laden<\/td>\n<td data-start=\"2043\" data-end=\"2075\" data-col-size=\"sm\"><strong data-start=\"2045\" data-end=\"2052\">ROT<\/strong> blinkt nacheinander<\/td>\n<\/tr>\n<tr data-start=\"2076\" data-end=\"2110\">\n<td data-start=\"2076\" data-end=\"2088\" data-col-size=\"sm\">Vollst\u00e4ndig aufgeladen<\/td>\n<td data-col-size=\"sm\" data-start=\"2088\" data-end=\"2110\"><strong data-start=\"2090\" data-end=\"2097\">ROT<\/strong> leuchtet konstant<\/td>\n<\/tr>\n<\/tbody>\n<\/table>\n<div class=\"sticky end-(--thread-content-margin) h-0 self-end select-none\">\n<div class=\"absolute end-0 flex items-end\"><\/div>\n<\/div>\n<\/div>\n<\/div>\n<hr class=\"\" data-start=\"2112\" data-end=\"2115\" \/>\n<h2 class=\"\" data-start=\"2117\" data-end=\"2157\"><strong data-start=\"2120\" data-end=\"2157\">So installieren Sie (Schritt f\u00fcr Schritt)<\/strong><\/h2>\n<ol data-start=\"2159\" data-end=\"2707\">\n<li class=\"\" data-start=\"2159\" data-end=\"2224\">\n<p class=\"\" data-start=\"2162\" data-end=\"2224\"><strong data-start=\"2162\" data-end=\"2186\">Wasserquelle vorbereiten<\/strong> \u2013 Platzieren Sie die Pumpe h\u00f6her als den Auslass.<\/p>\n<\/li>\n<li class=\"\" data-start=\"2225\" data-end=\"2292\">\n<p class=\"\" data-start=\"2228\" data-end=\"2292\"><strong data-start=\"2228\" data-end=\"2246\">Filter installieren<\/strong> am Einlassende des Schlauches \u2192 mit \u201eIN\u201c verbinden.<\/p>\n<\/li>\n<li class=\"\" data-start=\"2293\" data-end=\"2351\">\n<p class=\"\" data-start=\"2296\" data-end=\"2351\"><strong data-start=\"2296\" data-end=\"2337\">Abgangsschlauch (6 \u00d7 8 mm, 5 m) anschlie\u00dfen<\/strong> auf \u201eOUT\u201c.<\/p>\n<\/li>\n<li class=\"\" data-start=\"2352\" data-end=\"2430\">\n<p class=\"\" data-start=\"2355\" data-end=\"2430\"><strong data-start=\"2355\" data-end=\"2367\">Zweig<\/strong> mit 3-Wege-Anschluss + 4 \u00d7 7 mm Schlauch (2 m) f\u00fcr jede Pflanze.<\/p>\n<\/li>\n<li class=\"\" data-start=\"2431\" data-end=\"2519\">\n<p class=\"\" data-start=\"2434\" data-end=\"2519\"><strong data-start=\"2434\" data-end=\"2460\">Den Tropfspeer einsetzen<\/strong> (einstellbarer Durchfluss) und stellen Sie <strong data-start=\"2489\" data-end=\"2501\">Endstopfen<\/strong> zuletzt im Schlauch.<\/p>\n<\/li>\n<li class=\"\" data-start=\"2520\" data-end=\"2593\">\n<p class=\"\" data-start=\"2523\" data-end=\"2593\"><strong data-start=\"2523\" data-end=\"2541\">Starten Sie das Ger\u00e4t<\/strong> \u2013 Halten Sie die Reset-Taste 5 Sekunden lang gedr\u00fcckt, bis das Licht konstant leuchtet.<\/p>\n<\/li>\n<li class=\"\" data-start=\"2594\" data-end=\"2707\">\n<p class=\"\" data-start=\"2597\" data-end=\"2707\"><strong data-start=\"2597\" data-end=\"2618\">Zur App hinzuf\u00fcgen<\/strong> \u2013 W\u00e4hlen Sie \u201eSmart Drip Irrigation\u201c und folgen Sie den Anweisungen (Bluetooth-Erkennung \u2192 WLAN 2,4 GHz).<\/p>\n<\/li>\n<\/ol>\n<blockquote data-start=\"2709\" data-end=\"2791\">\n<p class=\"\" data-start=\"2711\" data-end=\"2791\"><strong data-start=\"2711\" data-end=\"2720\">Tipp:<\/strong> Vermeiden Sie f\u00fcr optimalen Druck Schl\u00e4uche mit einer L\u00e4nge von mehr als 15\u00a0m und mehr als 10 D\u00fcsen.<\/p>\n<\/blockquote>\n<hr class=\"\" data-start=\"2793\" data-end=\"2796\" \/>\n<h2 class=\"\" data-start=\"2798\" data-end=\"2825\"><strong data-start=\"2801\" data-end=\"2825\">H\u00e4ufig gestellte Fragen (FAQ)<\/strong><\/h2>\n<p class=\"\" data-start=\"2827\" data-end=\"2968\"><strong data-start=\"2827\" data-end=\"2856\">Wie oft muss ich laden?<\/strong><br data-start=\"2856\" data-end=\"2859\" \/>Es h\u00e4ngt davon ab, wie viel Sie pumpen, aber bei normalen 1-2 t\u00e4glichen Zyklen ist eine Ladung oft ausreichend <strong data-start=\"2953\" data-end=\"2967\">3\u20136 Wochen<\/strong>.<\/p>\n<p class=\"\" data-start=\"2970\" data-end=\"3074\"><strong data-start=\"2970\" data-end=\"2998\">Kann ich ohne WLAN fahren?<\/strong><br data-start=\"2998\" data-end=\"3001\" \/>Ja, der Zeitplan wird lokal gespeichert \u2013 Sie verlieren jedoch die Fernsteuerung und Push-Benachrichtigungen.<\/p>\n<p class=\"\" data-start=\"3076\" data-end=\"3181\"><strong data-start=\"3076\" data-end=\"3112\">Funktioniert es mit N\u00e4hrl\u00f6sung?<\/strong><br data-start=\"3112\" data-end=\"3115\" \/>Ja, mischen Sie die N\u00e4hrstoffe in den Wassertank und sie kommen in Tropfen heraus.<\/p>\n<p class=\"\" data-start=\"3183\" data-end=\"3284\"><strong data-start=\"3183\" data-end=\"3206\">Ist es winterhart?<\/strong><br data-start=\"3206\" data-end=\"3209\" \/>Die Elektronik ist bis 0 \u00b0C temperaturbest\u00e4ndig, bei Frostgefahr sollten Schlauch &amp; Pumpe jedoch entleert werden.<\/p>\n<hr class=\"\" data-start=\"3286\" data-end=\"3289\" \/>\n<h2 class=\"\" data-start=\"3291\" data-end=\"3316\"><strong data-start=\"3294\" data-end=\"3316\">Das Paket enth\u00e4lt<\/strong><\/h2>\n<p>1x Smart Drip Bew\u00e4sserungseinheit<br \/>\n1x 3-Wege-Stecker<br \/>\n1x Filterkopf mit Sieb<br \/>\n1x Transparentschlauch 4 \u00d7 7 mm (2 m)<br \/>\n1x Transparentschlauch 6 \u00d7 8 mm (5 m)<br \/>\n1x Einstellbare Tropflanze<br \/>\n1x Endstopfen<br \/>\n1x Handbuch (Englisch)<\/p>\n<hr class=\"\" data-start=\"3616\" data-end=\"3619\" \/>\n<h2 class=\"\" data-start=\"3621\" data-end=\"3658\"><strong data-start=\"3624\" data-end=\"3658\">Sicherheits- und Installationshinweise<\/strong><\/h2>\n<ol data-start=\"3660\" data-end=\"3997\">\n<li class=\"\" data-start=\"3660\" data-end=\"3726\">\n<p class=\"\" data-start=\"3663\" data-end=\"3726\">Halten <strong data-start=\"3668\" data-end=\"3686\">Auslass unten<\/strong> als der Einlass, um einen R\u00fcckfluss zu vermeiden.<\/p>\n<\/li>\n<li class=\"\" data-start=\"3727\" data-end=\"3806\">\n<p class=\"\" data-start=\"3730\" data-end=\"3806\">\u00dcberschreiten <strong data-start=\"3740\" data-end=\"3753\">nicht 15 m<\/strong> Schlauch oder <strong data-start=\"3766\" data-end=\"3783\">10 D\u00fcsen<\/strong> \u2013 kann niedrigen Druck erzeugen.<\/p>\n<\/li>\n<li class=\"\" data-start=\"3807\" data-end=\"3879\">\n<p class=\"\" data-start=\"3810\" data-end=\"3879\">Stellen Sie sicher, dass <strong data-start=\"3822\" data-end=\"3841\">alle Anschl\u00fcsse<\/strong> sind versiegelt, um ein Auslaufen zu verhindern.<\/p>\n<\/li>\n<li class=\"\" data-start=\"3880\" data-end=\"3928\">\n<p class=\"\" data-start=\"3883\" data-end=\"3928\">Laden Sie immer mit <strong data-start=\"3900\" data-end=\"3913\">5 V \/ 2 A<\/strong> USB-Adapter.<\/p>\n<\/li>\n<li class=\"\" data-start=\"3929\" data-end=\"3997\">\n<p class=\"\" data-start=\"3932\" data-end=\"3997\">Vermeiden Sie w\u00e4hrend der Installation starke Vibrationen oder wackelige Oberfl\u00e4chen.<\/p>\n<\/li>\n<\/ol>","protected":false},"excerpt":{"rendered":"<ul>\n<li class=\"\" data-start=\"116\" data-end=\"198\">\n<p class=\"\" data-start=\"118\" data-end=\"198\">\ud83d\udca6 <strong data-start=\"121\" data-end=\"151\">Automatische Tropfbew\u00e4sserung<\/strong> \u2013 Legen Sie einen Zeitplan fest oder starten Sie manuell in der App<\/p>\n<\/li>\n<li class=\"\" data-start=\"199\" data-end=\"277\">\n<p class=\"\" data-start=\"201\" data-end=\"277\">\ud83d\udcf1 <strong data-start=\"204\" data-end=\"225\">WLAN + Bluetooth<\/strong> \u2013 \u201eSmart Life\u201c-App, Push-Benachrichtigung bei niedrigem Akkustand<\/p>\n<\/li>\n<li class=\"\" data-start=\"278\" data-end=\"363\">\n<p class=\"\" data-start=\"280\" data-end=\"363\">\ud83d\udd0b <strong data-start=\"283\" data-end=\"308\">Eingebauter 18650 Akku<\/strong> \u2013 Aufladen \u00fcber USB-C, extrem niedriger Standby-Strom (135 \u00b5A)<\/p>\n<\/li>\n<li class=\"\" data-start=\"364\" data-end=\"435\">\n<p class=\"\" data-start=\"366\" data-end=\"435\">\ud83c\udf27\ufe0f <strong data-start=\"370\" data-end=\"384\">IP66 versiegelt<\/strong> \u2013 resistent gegen Regen und Staub, ideal f\u00fcr Terrassen und Balkone<\/p>\n<\/li>\n<li class=\"\" data-start=\"436\" data-end=\"514\">\n<p class=\"\" data-start=\"438\" data-end=\"514\">\ud83c\udf31 <strong data-start=\"441\" data-end=\"477\">Bis zu 10 Pflanzen \/ 15 m Schlauch<\/strong> \u2013 einstellbare Tropfd\u00fcsen inklusive<\/p>\n<\/li>\n<li class=\"\" data-start=\"515\" data-end=\"586\">\n<p class=\"\" data-start=\"517\" data-end=\"586\">\u2699\ufe0f <strong data-start=\"520\" data-end=\"543\">Einfache Selbstmontage<\/strong> \u2013 Filter, Schl\u00e4uche und Anschl\u00fcsse inklusive<\/p>\n<\/li>\n<\/ul>","protected":false},"featured_media":152370,"template":"","meta":{"_acf_changed":false},"product_brand":[],"product_cat":[4663,4765],"product_tag":[],"class_list":{"0":"post-152352","1":"product","2":"type-product","3":"status-publish","4":"has-post-thumbnail","6":"product_cat-smart-home","7":"product_cat-smart-tradgard","8":"pa_brands-stonehouse-smart","9":"tm-no-options","11":"first","12":"instock","13":"sale","14":"taxable","15":"shipping-taxable","16":"purchasable","17":"product-type-simple"},"acf":[],"_links":{"self":[{"href":"https:\/\/secureus.se\/de\/wp-json\/wp\/v2\/product\/152352","targetHints":{"allow":["GET"]}}],"collection":[{"href":"https:\/\/secureus.se\/de\/wp-json\/wp\/v2\/product"}],"about":[{"href":"https:\/\/secureus.se\/de\/wp-json\/wp\/v2\/types\/product"}],"wp:featuredmedia":[{"embeddable":true,"href":"https:\/\/secureus.se\/de\/wp-json\/wp\/v2\/media\/152370"}],"wp:attachment":[{"href":"https:\/\/secureus.se\/de\/wp-json\/wp\/v2\/media?parent=152352"}],"wp:term":[{"taxonomy":"product_brand","embeddable":true,"href":"https:\/\/secureus.se\/de\/wp-json\/wp\/v2\/product_brand?post=152352"},{"taxonomy":"product_cat","embeddable":true,"href":"https:\/\/secureus.se\/de\/wp-json\/wp\/v2\/product_cat?post=152352"},{"taxonomy":"product_tag","embeddable":true,"href":"https:\/\/secureus.se\/de\/wp-json\/wp\/v2\/product_tag?post=152352"}],"curies":[{"name":"wp","href":"https:\/\/api.w.org\/{rel}","templated":true}]}}