{"id":152407,"date":"2025-05-21T12:15:37","date_gmt":"2025-05-21T10:15:37","guid":{"rendered":"https:\/\/secureus.se\/?post_type=product&#038;p=152407"},"modified":"2026-04-30T17:36:05","modified_gmt":"2026-04-30T15:36:05","slug":"wifi-vaderstation-smart-och-appstyrd","status":"publish","type":"product","link":"https:\/\/secureus.se\/de\/wifi-vaderstation-smart-och-appstyrd\/","title":{"rendered":"WLAN-Wetterstation \u2013 Smart und App-gesteuert \u2013 Behalten Sie das Klima zu Hause &amp; \u00fcber Ihr Handy im Blick"},"content":{"rendered":"<p class=\"\" data-start=\"997\" data-end=\"1103\">Platzieren Sie die Haupteinheit im Innenbereich, platzieren Sie den Sensor drau\u00dfen auf dem Balkon oder im Gew\u00e4chshaus \u2013 der Rest erledigt sich automatisch:<\/p>\n<ol data-start=\"1105\" data-end=\"1630\">\n<li class=\"\" data-start=\"1105\" data-end=\"1169\">\n<p class=\"\" data-start=\"1108\" data-end=\"1169\"><strong data-start=\"1108\" data-end=\"1133\">Schlie\u00dfen Sie das Netzteil an<\/strong> (alternativ 3 \u00d7 AAA als Backup).<\/p>\n<\/li>\n<li class=\"\" data-start=\"1170\" data-end=\"1318\">\n<p class=\"\" data-start=\"1173\" data-end=\"1318\"><strong data-start=\"1173\" data-end=\"1199\">\u201eStonehouse Smart\u201c herunterladen<\/strong> (alternativ Tuya Smart \/ Smart Life) und koppeln Sie \u00fcber Bluetooth\/WLAN (2,4 GHz). Uhrzeit und Datum stellt das Ger\u00e4t selbst ein.<\/p>\n<\/li>\n<li class=\"\" data-start=\"1319\" data-end=\"1420\">\n<p class=\"\" data-start=\"1322\" data-end=\"1420\"><strong data-start=\"1322\" data-end=\"1341\">Montieren Sie den Sensor<\/strong>, bis zu 100 m entfernt. Wenn Sie mehr Zonen ben\u00f6tigen, f\u00fcgen Sie die Sensoren 2 und 3 in der App hinzu.<\/p>\n<\/li>\n<li class=\"\" data-start=\"1421\" data-end=\"1550\">\n<p class=\"\" data-start=\"1424\" data-end=\"1550\">Verfolgen Sie alles in Echtzeit: Temperatur- und Feuchtigkeitstrends, Luftdruck, UV-Index und stilvolle Wettersymbole f\u00fcr die n\u00e4chsten vier Tage.<\/p>\n<\/li>\n<li class=\"\" data-start=\"1551\" data-end=\"1630\">\n<p class=\"\" data-start=\"1554\" data-end=\"1630\">Satz <strong data-start=\"1560\" data-end=\"1576\">Max\/Min-Alarm<\/strong> oder planen Sie Bew\u00e4sserung\/Alarme \u00fcber Smart-Home-Routinen.<\/p>\n<\/li>\n<\/ol>\n<p class=\"\" data-start=\"1632\" data-end=\"1740\">Perfekt f\u00fcr Hobby-Gew\u00e4chsh\u00e4user, Sommerh\u00e4user oder einfach, um das Klima und das kommende Wetter genau im Auge zu behalten.<\/p>\n<hr class=\"\" data-start=\"1742\" data-end=\"1745\" \/>\n<h2 class=\"\" data-start=\"1747\" data-end=\"1766\"><strong data-start=\"1750\" data-end=\"1766\">Technische Daten<\/strong><\/h2>\n<div class=\"_tableContainer_16hzy_1\">\n<div class=\"_tableWrapper_16hzy_14 group flex w-fit flex-col-reverse\">\n<table class=\"w-fit min-w-(--thread-content-width)\" data-start=\"1768\" data-end=\"2787\">\n<thead data-start=\"1768\" data-end=\"1789\">\n<tr data-start=\"1768\" data-end=\"1789\">\n<th data-start=\"1768\" data-end=\"1780\" data-col-size=\"sm\">Parameter<\/th>\n<th data-start=\"1780\" data-end=\"1789\" data-col-size=\"md\">Wert<\/th>\n<\/tr>\n<\/thead>\n<tbody data-start=\"1812\" data-end=\"2787\">\n<tr data-start=\"1812\" data-end=\"1905\">\n<td data-start=\"1812\" data-end=\"1831\" data-col-size=\"sm\">Stromversorgung<\/td>\n<td data-col-size=\"md\" data-start=\"1831\" data-end=\"1905\">5 V \u2393 Netzteil \/ 3 \u00d7 AAA (Backup)<\/td>\n<\/tr>\n<tr data-start=\"1906\" data-end=\"1974\">\n<td data-start=\"1906\" data-end=\"1923\" data-col-size=\"sm\">Sensorbatterie<\/td>\n<td data-col-size=\"md\" data-start=\"1923\" data-end=\"1974\">2 \u00d7 AAA<\/td>\n<\/tr>\n<tr data-start=\"1975\" data-end=\"2063\">\n<td data-start=\"1975\" data-end=\"1984\" data-col-size=\"sm\">Wirkung<\/td>\n<td data-col-size=\"md\" data-start=\"1984\" data-end=\"2063\">Station 3 W max; Sensor 0,075 W max<\/td>\n<\/tr>\n<tr data-start=\"2064\" data-end=\"2155\">\n<td data-start=\"2064\" data-end=\"2082\" data-col-size=\"sm\">Temperatur im Inneren<\/td>\n<td data-start=\"2082\" data-end=\"2155\" data-col-size=\"md\">\u22129,9 \u2026 +50 \u00b0C (\u00b11 \u00b0C 0\u201340 \u00b0C)<\/td>\n<\/tr>\n<tr data-start=\"2156\" data-end=\"2237\">\n<td data-start=\"2156\" data-end=\"2173\" data-col-size=\"sm\">Au\u00dfentemperatur<\/td>\n<td data-start=\"2173\" data-end=\"2237\" data-col-size=\"md\">\u221240 \u2026 +60 \u00b0C (\u00b12 \u00b0C)<\/td>\n<\/tr>\n<tr data-start=\"2238\" data-end=\"2310\">\n<td data-start=\"2238\" data-end=\"2245\" data-col-size=\"sm\">Feuchtigkeit<\/td>\n<td data-start=\"2245\" data-end=\"2310\" data-col-size=\"md\">1 \u2026 99 % RH (\u00b15 % RH)<\/td>\n<\/tr>\n<tr data-start=\"2311\" data-end=\"2390\">\n<td data-start=\"2311\" data-end=\"2323\" data-col-size=\"sm\">Druck<\/td>\n<td data-col-size=\"md\" data-start=\"2323\" data-end=\"2390\">900 \u2026 1050 hPa (\u00b15 hPa)<\/td>\n<\/tr>\n<tr data-start=\"2391\" data-end=\"2467\">\n<td data-start=\"2391\" data-end=\"2410\" data-col-size=\"sm\">Alarmlautst\u00e4rke<\/td>\n<td data-col-size=\"md\" data-start=\"2410\" data-end=\"2467\">70 dB bei 10 cm<\/td>\n<\/tr>\n<tr data-start=\"2468\" data-end=\"2546\">\n<td data-start=\"2468\" data-end=\"2486\" data-col-size=\"sm\">Sensorbereich<\/td>\n<td data-col-size=\"md\" data-start=\"2486\" data-end=\"2546\">\u2264 100 m freie Sicht<\/td>\n<\/tr>\n<tr data-start=\"2547\" data-end=\"2626\">\n<td data-start=\"2547\" data-end=\"2564\" data-col-size=\"sm\">WLAN-Reichweite<\/td>\n<td data-col-size=\"md\" data-start=\"2564\" data-end=\"2626\">\u2264 25 m zum Router<\/td>\n<\/tr>\n<tr data-start=\"2627\" data-end=\"2685\">\n<td data-start=\"2627\" data-end=\"2646\" data-col-size=\"sm\">Abmessungen der Haupteinheit<\/td>\n<td data-col-size=\"md\" data-start=\"2646\" data-end=\"2685\"><em data-start=\"2648\" data-end=\"2652\">um<\/em> 190 \u00d7 98 \u00d7 40 mm (aus dem Handbuch)<\/td>\n<\/tr>\n<tr data-start=\"2686\" data-end=\"2787\">\n<td data-start=\"2686\" data-end=\"2707\" data-col-size=\"sm\">Temperatureinheiten<\/td>\n<td data-start=\"2707\" data-end=\"2787\" data-col-size=\"md\">\u00b0C \/ \u00b0F, Umschaltung per Taste oder App<\/td>\n<\/tr>\n<\/tbody>\n<\/table>\n<div class=\"sticky end-(--thread-content-margin) h-0 self-end select-none\">\n<div class=\"absolute end-0 flex items-end\"><\/div>\n<\/div>\n<\/div>\n<\/div>\n<hr class=\"\" data-start=\"2789\" data-end=\"2792\" \/>\n<h2 class=\"\" data-start=\"2794\" data-end=\"2822\"><strong data-start=\"2797\" data-end=\"2822\">Eigenschaften und Vorteile<\/strong><\/h2>\n<div class=\"_tableContainer_16hzy_1\">\n<div class=\"_tableWrapper_16hzy_14 group flex w-fit flex-col-reverse\">\n<table class=\"w-fit min-w-(--thread-content-width)\" data-start=\"2824\" data-end=\"3764\">\n<thead data-start=\"2824\" data-end=\"2845\">\n<tr data-start=\"2824\" data-end=\"2845\">\n<th data-start=\"2824\" data-end=\"2835\" data-col-size=\"sm\">Funktion<\/th>\n<th data-start=\"2835\" data-end=\"2845\" data-col-size=\"md\">Detail<\/th>\n<\/tr>\n<\/thead>\n<tbody data-start=\"2868\" data-end=\"3764\">\n<tr data-start=\"2868\" data-end=\"2986\">\n<td data-start=\"2868\" data-end=\"2882\" data-col-size=\"sm\"><strong data-start=\"2870\" data-end=\"2881\">Vorhersage<\/strong><\/td>\n<td data-col-size=\"md\" data-start=\"2882\" data-end=\"2986\">Symbole f\u00fcr Sonne, Wolken, Regen, Schnee mit blinkendem Regen\/Schneesturm<\/td>\n<\/tr>\n<tr data-start=\"2987\" data-end=\"3103\">\n<td data-start=\"2987\" data-end=\"3005\" data-col-size=\"sm\"><strong data-start=\"2989\" data-end=\"3004\">Sensorunterst\u00fctzung<\/strong><\/td>\n<td data-col-size=\"md\" data-start=\"3005\" data-end=\"3103\">3 Kan\u00e4le \u2013 manuell umschalten oder Sender scrollen lassen<\/td>\n<\/tr>\n<tr data-start=\"3104\" data-end=\"3215\">\n<td data-start=\"3104\" data-end=\"3124\" data-col-size=\"sm\"><strong data-start=\"3106\" data-end=\"3123\">Min\/Max-Speicher<\/strong><\/td>\n<td data-col-size=\"md\" data-start=\"3124\" data-end=\"3215\">Die heutige h\u00f6chste\/niedrigste Temperatur und relative Luftfeuchtigkeit wird um 00:00 zur\u00fcckgesetzt<\/td>\n<\/tr>\n<tr data-start=\"3216\" data-end=\"3321\">\n<td data-start=\"3216\" data-end=\"3233\" data-col-size=\"sm\"><strong data-start=\"3218\" data-end=\"3232\">Intelligenter Alarm<\/strong><\/td>\n<td data-col-size=\"md\" data-start=\"3233\" data-end=\"3321\">Individueller Wochenplan f\u00fcr 3 Alarme (A1\u2013A3)<\/td>\n<\/tr>\n<tr data-start=\"3322\" data-end=\"3441\">\n<td data-start=\"3322\" data-end=\"3345\" data-col-size=\"sm\"><strong data-start=\"3324\" data-end=\"3344\">Temperaturalarm<\/strong><\/td>\n<td data-col-size=\"md\" data-start=\"3345\" data-end=\"3441\">Ober-\/Untergrenze in der App einstellen \u2013 Symbol + Ton an der Station<\/td>\n<\/tr>\n<tr data-start=\"3442\" data-end=\"3562\">\n<td data-start=\"3442\" data-end=\"3463\" data-col-size=\"sm\"><strong data-start=\"3444\" data-end=\"3462\">Hintergrundbeleuchtung<\/strong><\/td>\n<td data-col-size=\"md\" data-start=\"3463\" data-end=\"3562\">Hoch \/ Mittel \/ Niedrig \/ Aus bei Netzadapter, 10 s bei Batteriebetrieb<\/td>\n<\/tr>\n<tr data-start=\"3563\" data-end=\"3657\">\n<td data-start=\"3563\" data-end=\"3576\" data-col-size=\"sm\"><strong data-start=\"3565\" data-end=\"3575\">Schlummern<\/strong><\/td>\n<td data-col-size=\"md\" data-start=\"3576\" data-end=\"3657\">5-Minuten-Schlummerfunktion beim Wecker<\/td>\n<\/tr>\n<tr data-start=\"3658\" data-end=\"3764\">\n<td data-start=\"3658\" data-end=\"3680\" data-col-size=\"sm\"><strong data-start=\"3660\" data-end=\"3679\">Niedriger Batteriestand<\/strong><\/td>\n<td data-col-size=\"md\" data-start=\"3680\" data-end=\"3764\">Batteriesymbol f\u00fcr Station und Sensor<\/td>\n<\/tr>\n<\/tbody>\n<\/table>\n<div class=\"sticky end-(--thread-content-margin) h-0 self-end select-none\">\n<div class=\"absolute end-0 flex items-end\"><\/div>\n<\/div>\n<\/div>\n<\/div>\n<hr class=\"\" data-start=\"3766\" data-end=\"3769\" \/>\n<h2 class=\"\" data-start=\"3771\" data-end=\"3796\"><strong data-start=\"3774\" data-end=\"3796\">Das Paket enth\u00e4lt<\/strong><\/h2>\n<ul data-start=\"3798\" data-end=\"3937\">\n<li class=\"\" data-start=\"3798\" data-end=\"3838\">\n<p class=\"\" data-start=\"3800\" data-end=\"3838\">1 \u00d7 WLAN-Wetterstation Hauptger\u00e4t \u2013 Kann auch mit 3 AAA-Batterien betrieben werden \u2013 nicht im Lieferumfang enthalten. Gilt als Backup)<\/p>\n<\/li>\n<li class=\"\" data-start=\"3839\" data-end=\"3878\">\n<p class=\"\" data-start=\"3841\" data-end=\"3878\">1 \u00d7 Temperatur- und Feuchtigkeitssensor (Stromversorgung durch 2 AAA-Batterien \u2013 nicht im Lieferumfang enthalten)<\/p>\n<\/li>\n<li class=\"\" data-start=\"3879\" data-end=\"3904\">\n<p class=\"\" data-start=\"3881\" data-end=\"3904\">1 \u00d7 Netzteil f\u00fcr Wetterstation, Hauptger\u00e4t.<\/p>\n<\/li>\n<li class=\"\" data-start=\"3905\" data-end=\"3937\">\n<p class=\"\" data-start=\"3907\" data-end=\"3937\">1 \u00d7 Benutzerhandbuch\/Handbuch (18 Sprachen): SE, EN, DE, FR, ES, IT, DA, CS, PL, HU, FI, NL, LT, RO, PT, JP, RU<\/p>\n<\/li>\n<\/ul>\n<p class=\"\" data-start=\"3939\" data-end=\"3988\"><em data-start=\"3939\" data-end=\"3988\">(zus\u00e4tzliche Sensoren separat erh\u00e4ltlich.)<\/em><\/p>","protected":false},"excerpt":{"rendered":"<ul data-start=\"101\" data-end=\"963\">\n<li class=\"\" data-start=\"101\" data-end=\"204\">\n<p class=\"\" data-start=\"103\" data-end=\"204\"><strong data-start=\"106\" data-end=\"133\">4-Tage-Vorhersage online<\/strong> \u2013 automatisch \u00fcber WLAN heruntergeladen<\/p>\n<\/li>\n<li class=\"\" data-start=\"205\" data-end=\"317\">\n<p class=\"\" data-start=\"207\" data-end=\"317\"><strong data-start=\"210\" data-end=\"236\">Stonehouse Smart \/ Tuya \/ Smart Life (iOS\/Android)<\/strong> \u2013 Alarme, Temperaturdiagramme und Push-Benachrichtigungen<\/p>\n<\/li>\n<li class=\"\" data-start=\"318\" data-end=\"436\">\n<p class=\"\" data-start=\"320\" data-end=\"436\"><strong data-start=\"324\" data-end=\"345\">Innen- + Au\u00dfenklima<\/strong> \u2013 Unterst\u00fctzung f\u00fcr <strong data-start=\"357\" data-end=\"380\">3 drahtlose Sensoren<\/strong> (1 \u00d7 enthalten)<\/p>\n<\/li>\n<li class=\"\" data-start=\"437\" data-end=\"523\">\n<p class=\"\" data-start=\"439\" data-end=\"523\"><strong data-start=\"442\" data-end=\"488\">Temperaturwarnung &amp; 3 separate Weckalarme<\/strong> \u2013 in der App oder auf dem Ger\u00e4t einstellen<\/p>\n<\/li>\n<li class=\"\" data-start=\"524\" data-end=\"619\">\n<p class=\"\" data-start=\"526\" data-end=\"619\"><strong data-start=\"529\" data-end=\"561\">Luftdruck, UV-Index &amp; Mondphase<\/strong> direkt auf dem Bildschirm<\/p>\n<\/li>\n<li class=\"\" data-start=\"620\" data-end=\"747\">\n<p class=\"\" data-start=\"622\" data-end=\"747\"><strong data-start=\"625\" data-end=\"657\">Netzteil + Batterie-Backup<\/strong> \u2013 WLAN aktiv mit Netzteil, 3 \u00d7 AAA als Backup f\u00fcr die Station.<\/p>\n<\/li>\n<li class=\"\" data-start=\"748\" data-end=\"863\">\n<p class=\"\" data-start=\"750\" data-end=\"863\"><strong data-start=\"753\" data-end=\"780\">3-stufige Hintergrundbeleuchtung<\/strong> oder 10 s automatische Beleuchtung im Batteriebetrieb<\/p>\n<\/li>\n<li class=\"\" data-start=\"864\" data-end=\"963\">\n<p class=\"\" data-start=\"866\" data-end=\"963\"><strong data-start=\"869\" data-end=\"893\">100 m Sensorreichweite<\/strong> (freie Sichtlinie) &amp; 25 m zum Router<\/p>\n<\/li>\n<\/ul>","protected":false},"featured_media":156034,"template":"","meta":{"_acf_changed":false},"product_brand":[],"product_cat":[4767],"product_tag":[],"class_list":{"0":"post-152407","1":"product","2":"type-product","3":"status-publish","4":"has-post-thumbnail","6":"product_cat-smart-klimat-vader","7":"pa_brands-stonehouse-smart","8":"tm-no-options","10":"first","11":"instock","12":"sale","13":"taxable","14":"shipping-taxable","15":"purchasable","16":"product-type-simple"},"acf":[],"_links":{"self":[{"href":"https:\/\/secureus.se\/de\/wp-json\/wp\/v2\/product\/152407","targetHints":{"allow":["GET"]}}],"collection":[{"href":"https:\/\/secureus.se\/de\/wp-json\/wp\/v2\/product"}],"about":[{"href":"https:\/\/secureus.se\/de\/wp-json\/wp\/v2\/types\/product"}],"wp:featuredmedia":[{"embeddable":true,"href":"https:\/\/secureus.se\/de\/wp-json\/wp\/v2\/media\/156034"}],"wp:attachment":[{"href":"https:\/\/secureus.se\/de\/wp-json\/wp\/v2\/media?parent=152407"}],"wp:term":[{"taxonomy":"product_brand","embeddable":true,"href":"https:\/\/secureus.se\/de\/wp-json\/wp\/v2\/product_brand?post=152407"},{"taxonomy":"product_cat","embeddable":true,"href":"https:\/\/secureus.se\/de\/wp-json\/wp\/v2\/product_cat?post=152407"},{"taxonomy":"product_tag","embeddable":true,"href":"https:\/\/secureus.se\/de\/wp-json\/wp\/v2\/product_tag?post=152407"}],"curies":[{"name":"wp","href":"https:\/\/api.w.org\/{rel}","templated":true}]}}