{"id":152591,"date":"2025-05-27T11:36:26","date_gmt":"2025-05-27T09:36:26","guid":{"rendered":"https:\/\/secureus.se\/?post_type=product&#038;p=152591"},"modified":"2026-04-23T12:37:56","modified_gmt":"2026-04-23T10:37:56","slug":"kortskrivare-fargo-dtc1250e-med-ethernet-dubbelsidig","status":"publish","type":"product","link":"https:\/\/secureus.se\/de\/kortskrivare-fargo-dtc1250e-med-ethernet-dubbelsidig\/","title":{"rendered":"Kartendrucker Fargo DTC1250e mit Ethernet (beidseitig)"},"content":{"rendered":"<p>Der Fargo DTC1250e ist einer der schnellsten Plastikkartendrucker auf dem Markt. Es kann in der gleichen Zeit doppelt so viele Karten produzieren wie andere f\u00fchrende Wettbewerber. Sein kompaktes Design eignet sich hervorragend f\u00fcr eine Vielzahl von B\u00fcroumgebungen und kann in die Zusammenarbeit mit anderen HID-Produkten integriert werden, wodurch ein maximaler Nutzen gew\u00e4hrleistet wird. Das grafische Display erm\u00f6glicht eine effiziente Bedienung und der Drucker kann mit einem integrierten iCLASS SE\u00ae-Encoder aufger\u00fcstet werden, wodurch sichere ID-Karten in einem nahtlosen Schritt m\u00f6glich werden.<\/p>\n<p>Druckt 6 Sek.\/Karte (K) oder 16 Sek.\/Karte (YMCKO)<\/p>\n<p>Druckt auf Standardkarten im CR80- oder CR79-Format, einschlie\u00dflich PVC, PET und selbstklebender R\u00fcckseite<\/p>\n<ul>\n<li>Einseitige und doppelseitige Modelle erh\u00e4ltlich<\/li>\n<li>Mifare-Kodierung verf\u00fcgbar<\/li>\n<li>3 Jahre Herstellergarantie auf Drucker und Druckkopf<\/li>\n<\/ul>\n<p><strong>Produktgewicht<\/strong>: 7,00 kg<\/p>","protected":false},"excerpt":{"rendered":"<p>Der Fargo DTC1250e ist einer der schnellsten Plastikkartendrucker auf dem Markt. Es kann in der gleichen Zeit doppelt so viele Karten produzieren wie andere f\u00fchrende Wettbewerber. Sein kompaktes Design ist ideal f\u00fcr<\/p>","protected":false},"featured_media":152586,"template":"","meta":{"_acf_changed":false},"product_brand":[],"product_cat":[3206],"product_tag":[4863],"class_list":{"0":"post-152591","1":"product","2":"type-product","3":"status-publish","4":"has-post-thumbnail","6":"product_cat-fargo","7":"product_tag-pf","8":"pa_brands-fargo","9":"tm-no-options","11":"first","12":"outofstock","13":"sale","14":"taxable","15":"shipping-taxable","16":"purchasable","17":"product-type-simple"},"acf":[],"_links":{"self":[{"href":"https:\/\/secureus.se\/de\/wp-json\/wp\/v2\/product\/152591","targetHints":{"allow":["GET"]}}],"collection":[{"href":"https:\/\/secureus.se\/de\/wp-json\/wp\/v2\/product"}],"about":[{"href":"https:\/\/secureus.se\/de\/wp-json\/wp\/v2\/types\/product"}],"wp:featuredmedia":[{"embeddable":true,"href":"https:\/\/secureus.se\/de\/wp-json\/wp\/v2\/media\/152586"}],"wp:attachment":[{"href":"https:\/\/secureus.se\/de\/wp-json\/wp\/v2\/media?parent=152591"}],"wp:term":[{"taxonomy":"product_brand","embeddable":true,"href":"https:\/\/secureus.se\/de\/wp-json\/wp\/v2\/product_brand?post=152591"},{"taxonomy":"product_cat","embeddable":true,"href":"https:\/\/secureus.se\/de\/wp-json\/wp\/v2\/product_cat?post=152591"},{"taxonomy":"product_tag","embeddable":true,"href":"https:\/\/secureus.se\/de\/wp-json\/wp\/v2\/product_tag?post=152591"}],"curies":[{"name":"wp","href":"https:\/\/api.w.org\/{rel}","templated":true}]}}