{"id":152769,"date":"2025-06-03T16:04:06","date_gmt":"2025-06-03T14:04:06","guid":{"rendered":"https:\/\/secureus.se\/?post_type=product&#038;p=152769"},"modified":"2026-04-24T13:21:57","modified_gmt":"2026-04-24T11:21:57","slug":"ajax-motioncam-outdoor-highmount-phod","status":"publish","type":"product","link":"https:\/\/secureus.se\/de\/ajax-motioncam-outdoor-highmount-phod\/","title":{"rendered":"Ajax MotionCam Outdoor HighMount (PhOD)"},"content":{"rendered":"<h1 data-start=\"369\" data-end=\"800\">Ajax MotionCam Outdoor HighMount (PhOD)<\/h1>\n<p data-start=\"369\" data-end=\"800\">Ajax MotionCam Outdoor HighMount (PhOD) ist ein fortschrittlicher drahtloser Bewegungsmelder f\u00fcr den Au\u00dfenbereich, der zwei PIR-Sensoren und einen Mikrowellensensor kombiniert, um Bewegungen ohne tote Winkel pr\u00e4zise zu erkennen.<\/p>\n<p data-start=\"369\" data-end=\"800\">Die eingebaute Kamera sendet Bilder im Alarmfall, bei ausgel\u00f6sten Rauchmeldern und auf Anfrage.<\/p>\n<p data-start=\"369\" data-end=\"800\">Die Kamera verf\u00fcgt \u00fcber eine IR-Beleuchtung, die nachts automatisch aktiviert wird, um auch bei Dunkelheit klare Bilder zu liefern.<\/p>\n<p data-start=\"802\" data-end=\"1115\">Der Melder verf\u00fcgt \u00fcber eine in drei Stufen einstellbare Empfindlichkeit und ist mit einem Temperatursensor zur Messung der Umgebungstemperatur ausgestattet.<\/p>\n<p data-start=\"802\" data-end=\"1115\">Es ist mit Hub 2, Hub 2 Plus, Hub Hybrid Fibra und ReX 2 kompatibel und kann in H\u00f6hen zwischen 2 und 4 Metern installiert werden, wodurch ein gro\u00dfer Abdeckungsbereich von bis zu 15 Metern erreicht wird.<\/p>\n<p data-start=\"1117\" data-end=\"1427\">Um Fehlalarme zu minimieren, werden fortschrittliche Algorithmen wie SmartDetect und LISA verwendet und eine Fresnel-Linse erm\u00f6glicht es, Personen von W\u00e4rme- oder Bewegungsger\u00e4uschen zu unterscheiden.<\/p>\n<p data-start=\"1117\" data-end=\"1427\">Die Installation ist dank der mitgelieferten Metallhalterung, die sich zum Anpassen des Betrachtungswinkels drehen l\u00e4sst, einfach und flexibel.<\/p>\n<p data-start=\"1429\" data-end=\"1561\">Der Detektor hat die Schutzart IP55 und funktioniert bei Temperaturen von -25 \u00b0C bis +60 \u00b0C, sodass er sich ideal f\u00fcr den Einsatz im Au\u00dfenbereich eignet.<\/p>","protected":false},"excerpt":{"rendered":"<p>Ajax MotionCam Outdoor HighMount (PhOD) ist ein drahtloser Bewegungsmelder f\u00fcr den Au\u00dfenbereich mit eingebauter Kamera, die im Alarm- und Bewegungsfall eine Fotoverifizierung liefert.<\/p>\n<p>Es kann in H\u00f6hen zwischen 2\u20134 Metern installiert werden und hat eine Erfassungsreichweite von bis zu 15 Metern.<\/p>","protected":false},"featured_media":152157,"template":"","meta":{"_acf_changed":false},"product_brand":[],"product_cat":[3156,3157],"product_tag":[4863],"class_list":{"0":"post-152769","1":"product","2":"type-product","3":"status-publish","4":"has-post-thumbnail","6":"product_cat-rorelse-och-kamera","7":"product_cat-utomhussakerhet","8":"product_tag-pf","9":"pa_brands-ajax-systems","10":"pa_farg-vit","11":"tm-no-options","13":"first","14":"onbackorder","15":"sale","16":"taxable","17":"shipping-taxable","18":"purchasable","19":"product-type-simple"},"acf":[],"_links":{"self":[{"href":"https:\/\/secureus.se\/de\/wp-json\/wp\/v2\/product\/152769","targetHints":{"allow":["GET"]}}],"collection":[{"href":"https:\/\/secureus.se\/de\/wp-json\/wp\/v2\/product"}],"about":[{"href":"https:\/\/secureus.se\/de\/wp-json\/wp\/v2\/types\/product"}],"wp:featuredmedia":[{"embeddable":true,"href":"https:\/\/secureus.se\/de\/wp-json\/wp\/v2\/media\/152157"}],"wp:attachment":[{"href":"https:\/\/secureus.se\/de\/wp-json\/wp\/v2\/media?parent=152769"}],"wp:term":[{"taxonomy":"product_brand","embeddable":true,"href":"https:\/\/secureus.se\/de\/wp-json\/wp\/v2\/product_brand?post=152769"},{"taxonomy":"product_cat","embeddable":true,"href":"https:\/\/secureus.se\/de\/wp-json\/wp\/v2\/product_cat?post=152769"},{"taxonomy":"product_tag","embeddable":true,"href":"https:\/\/secureus.se\/de\/wp-json\/wp\/v2\/product_tag?post=152769"}],"curies":[{"name":"wp","href":"https:\/\/api.w.org\/{rel}","templated":true}]}}