{"id":153583,"date":"2025-06-27T16:17:10","date_gmt":"2025-06-27T14:17:10","guid":{"rendered":"https:\/\/secureus.se\/?post_type=product&#038;p=153583"},"modified":"2026-03-31T13:29:49","modified_gmt":"2026-03-31T11:29:49","slug":"ajax-indoorcam-4mp-svart-wifi-kamera-for-inomhusbruk","status":"publish","type":"product","link":"https:\/\/secureus.se\/de\/ajax-indoorcam-4mp-svart-wifi-kamera-for-inomhusbruk\/","title":{"rendered":"Ajax IndoorCam 4MP Schwarz \u2013 WLAN-Kamera f\u00fcr den Innenbereich"},"content":{"rendered":"<p data-start=\"794\" data-end=\"1003\"><strong data-start=\"794\" data-end=\"812\">Ajax IndoorCam<\/strong> kombiniert fortschrittliche Sicherheit mit einfacher Installation. Die Kamera wird \u00fcber die Ajax-App per QR-Code verbunden und beginnt sofort mit dem Streaming - egal, ob Sie sie allein oder in Verbindung mit einem Ajax-Hub verwenden.<\/p>\n<p data-start=\"1008\" data-end=\"1369\">Der eingebaute <strong data-start=\"1021\" data-end=\"1034\">Die KI-Engine<\/strong> Und <strong data-start=\"1039\" data-end=\"1054\">Der PIR-Sensor<\/strong> minimiert Fehlalarme durch die Erkennung von Personen, Tieren und Fahrzeugen. Wenn die Kamera eine Person erkennt, sendet sie eine Push-Benachrichtigung; tippen Sie darauf und Sie sind in Sekundenschnelle im Live-Modus. Um die Aufnahmen nachtr\u00e4glich zu pr\u00fcfen und nach KI-Ereignissen zu filtern, verbinden Sie die Kamera mit <strong data-start=\"1325\" data-end=\"1337\">Ajax NVR<\/strong> oder <strong data-start=\"1344\" data-end=\"1366\">Ajax Cloud-Speicher<\/strong>.<\/p>\n<p data-start=\"1371\" data-end=\"1539\">Dank <strong data-start=\"1381\" data-end=\"1416\">Protokolle von Juwelier und Fl\u00fcgeln<\/strong> IndoorCam liefert weiterhin Ereignisse, Alarme und Standbilder \u00fcber Ihren Ajax-Hub, selbst wenn das Wi-Fi-Netzwerk nicht funktioniert.<\/p>\n<hr data-start=\"1541\" data-end=\"1544\" \/>\n<h2 data-start=\"1546\" data-end=\"1574\"><strong data-start=\"1549\" data-end=\"1574\">Eigenschaften und Vorteile<\/strong><\/h2>\n<div class=\"_tableContainer_16hzy_1\">\n<div class=\"_tableWrapper_16hzy_14 group flex w-fit flex-col-reverse\">\n<table class=\"w-fit min-w-(--thread-content-width)\" data-start=\"1576\" data-end=\"2442\">\n<thead data-start=\"1576\" data-end=\"1605\">\n<tr data-start=\"1576\" data-end=\"1605\">\n<th data-start=\"1576\" data-end=\"1591\" data-col-size=\"sm\"><strong data-start=\"1578\" data-end=\"1590\">Kategorie<\/strong><\/th>\n<th data-start=\"1591\" data-end=\"1605\" data-col-size=\"md\"><strong data-start=\"1593\" data-end=\"1603\">Detail<\/strong><\/th>\n<\/tr>\n<\/thead>\n<tbody data-start=\"1635\" data-end=\"2442\">\n<tr data-start=\"1635\" data-end=\"1693\">\n<td data-start=\"1635\" data-end=\"1647\" data-col-size=\"sm\"><strong data-start=\"1637\" data-end=\"1646\">Video<\/strong><\/td>\n<td data-col-size=\"md\" data-start=\"1647\" data-end=\"1693\">4 MP, 2560 \u00d7 1440 @ 25 fps, <strong data-start=\"1677\" data-end=\"1686\">H.264<\/strong>HDR<\/td>\n<\/tr>\n<tr data-start=\"1694\" data-end=\"1731\">\n<td data-start=\"1694\" data-end=\"1711\" data-col-size=\"sm\"><strong data-start=\"1696\" data-end=\"1710\">Betrachtungswinkel<\/strong><\/td>\n<td data-col-size=\"md\" data-start=\"1711\" data-end=\"1731\">110 \u00b0 H \/ 60 \u00b0 V<\/td>\n<\/tr>\n<tr data-start=\"1732\" data-end=\"1787\">\n<td data-start=\"1732\" data-end=\"1750\" data-col-size=\"sm\"><strong data-start=\"1734\" data-end=\"1749\">IR-Nachtmodus<\/strong><\/td>\n<td data-col-size=\"md\" data-start=\"1750\" data-end=\"1787\">Bis zu 8 m, automatisch Tag\/Nacht<\/td>\n<\/tr>\n<tr data-start=\"1788\" data-end=\"1862\">\n<td data-start=\"1788\" data-end=\"1804\" data-col-size=\"sm\"><strong data-start=\"1790\" data-end=\"1803\">KI-Analyse<\/strong><\/td>\n<td data-col-size=\"md\" data-start=\"1804\" data-end=\"1862\">Menschen\/Tiere\/Fahrzeuge - funktioniert auch ohne Lagerung<\/td>\n<\/tr>\n<tr data-start=\"1863\" data-end=\"1929\">\n<td data-start=\"1863\" data-end=\"1880\" data-col-size=\"sm\"><strong data-start=\"1865\" data-end=\"1879\">PIR-Sensor<\/strong><\/td>\n<td data-col-size=\"md\" data-start=\"1880\" data-end=\"1929\">4m Reichweite, Trigger-Aufnahme &amp; Push-Benachrichtigung<\/td>\n<\/tr>\n<tr data-start=\"1930\" data-end=\"1996\">\n<td data-start=\"1930\" data-end=\"1941\" data-col-size=\"sm\"><strong data-start=\"1932\" data-end=\"1940\">Klang<\/strong><\/td>\n<td data-col-size=\"md\" data-start=\"1941\" data-end=\"1996\">2-Wege (Mikrofon + 1,5 W Lautsprecher), Ger\u00e4usch- und Echounterdr\u00fcckung<\/td>\n<\/tr>\n<tr data-start=\"1997\" data-end=\"2105\">\n<td data-start=\"1997\" data-end=\"2017\" data-col-size=\"sm\"><strong data-start=\"1999\" data-end=\"2016\">Kommunikation<\/strong><\/td>\n<td data-col-size=\"md\" data-start=\"2017\" data-end=\"2105\">Wi-Fi 802.11 b\/g\/n 2,4 GHz (\u2264 3 Mbit\/s)<br \/>\nJuwelier \u2264 1 700 m<br \/>\nFl\u00fcgel f\u00fcr Fotos<\/td>\n<\/tr>\n<tr data-start=\"2106\" data-end=\"2176\">\n<td data-start=\"2106\" data-end=\"2121\" data-col-size=\"sm\"><strong data-start=\"2108\" data-end=\"2120\">Sicherheit<\/strong><\/td>\n<td data-col-size=\"md\" data-start=\"2121\" data-end=\"2176\">mTLS-Verschl\u00fcsselung, Secure Boot, NDAA-zugelassene Hardware<\/td>\n<\/tr>\n<tr data-start=\"2177\" data-end=\"2259\">\n<td data-start=\"2177\" data-end=\"2193\" data-col-size=\"sm\"><strong data-start=\"2179\" data-end=\"2192\">Szenarien<\/strong><\/td>\n<td data-col-size=\"md\" data-start=\"2193\" data-end=\"2259\">Starten Sie die Aufzeichnung im Falle eines Alarms, zeigen Sie der Alarmzentrale ein Live-Bild, usw.<\/td>\n<\/tr>\n<tr data-start=\"2260\" data-end=\"2321\">\n<td data-start=\"2260\" data-end=\"2272\" data-col-size=\"sm\"><strong data-start=\"2262\" data-end=\"2271\">Aktuell<\/strong><\/td>\n<td data-col-size=\"md\" data-start=\"2272\" data-end=\"2321\">12 V DC (Adapter mit 1,5 m Kabel im Lieferumfang), \u2264 10 W<\/td>\n<\/tr>\n<tr data-start=\"2322\" data-end=\"2369\">\n<td data-start=\"2322\" data-end=\"2334\" data-col-size=\"sm\"><strong data-start=\"2324\" data-end=\"2333\">Umfeld<\/strong><\/td>\n<td data-col-size=\"md\" data-start=\"2334\" data-end=\"2369\">0 ... +40 \u00b0C, \u2264 90 % RH, <strong data-start=\"2359\" data-end=\"2367\">IP20<\/strong><\/td>\n<\/tr>\n<tr data-start=\"2370\" data-end=\"2442\">\n<td data-start=\"2370\" data-end=\"2388\" data-col-size=\"sm\"><strong data-start=\"2372\" data-end=\"2387\">Abmessungen \/ Gewicht<\/strong><\/td>\n<td data-col-size=\"md\" data-start=\"2388\" data-end=\"2442\">Im Handbuch anzugeben (\u2248 75 \u00d7 75 \u00d7 110 mm), Gewicht ca. 200 g<\/td>\n<\/tr>\n<\/tbody>\n<\/table>\n<div class=\"sticky end-(--thread-content-margin) h-0 self-end select-none\">\n<div class=\"absolute end-0 flex items-end\"><\/div>\n<\/div>\n<\/div>\n<\/div>\n<hr data-start=\"2444\" data-end=\"2447\" \/>\n<h2 data-start=\"2449\" data-end=\"2480\"><strong data-start=\"2452\" data-end=\"2480\">Technische Spezifikationen<\/strong><\/h2>\n<div class=\"_tableContainer_16hzy_1\">\n<div class=\"_tableWrapper_16hzy_14 group flex w-fit flex-col-reverse\">\n<table class=\"w-fit min-w-(--thread-content-width)\" data-start=\"2482\" data-end=\"2922\">\n<thead data-start=\"2482\" data-end=\"2503\">\n<tr data-start=\"2482\" data-end=\"2503\">\n<th data-start=\"2482\" data-end=\"2494\" data-col-size=\"sm\">Parameter<\/th>\n<th data-start=\"2494\" data-end=\"2503\" data-col-size=\"md\">Wert<\/th>\n<\/tr>\n<\/thead>\n<tbody data-start=\"2526\" data-end=\"2922\">\n<tr data-start=\"2526\" data-end=\"2561\">\n<td data-start=\"2526\" data-end=\"2539\" data-col-size=\"sm\">Aufl\u00f6sung<\/td>\n<td data-col-size=\"md\" data-start=\"2539\" data-end=\"2561\">4 MP (2560 \u00d7 1440)<\/td>\n<\/tr>\n<tr data-start=\"2562\" data-end=\"2587\">\n<td data-start=\"2562\" data-end=\"2577\" data-col-size=\"sm\">Bildfrequenz<\/td>\n<td data-col-size=\"md\" data-start=\"2577\" data-end=\"2587\">25 fps<\/td>\n<\/tr>\n<tr data-start=\"2588\" data-end=\"2612\">\n<td data-start=\"2588\" data-end=\"2603\" data-col-size=\"sm\">Komprimierung<\/td>\n<td data-col-size=\"md\" data-start=\"2603\" data-end=\"2612\">H.264<\/td>\n<\/tr>\n<tr data-start=\"2613\" data-end=\"2639\">\n<td data-start=\"2613\" data-end=\"2619\" data-col-size=\"sm\">FOV<\/td>\n<td data-start=\"2619\" data-end=\"2639\" data-col-size=\"md\">110 \u00b0 H \/ 60 \u00b0 V<\/td>\n<\/tr>\n<tr data-start=\"2640\" data-end=\"2656\">\n<td data-start=\"2640\" data-end=\"2649\" data-col-size=\"sm\">IR-LED<\/td>\n<td data-col-size=\"md\" data-start=\"2649\" data-end=\"2656\">8 m<\/td>\n<\/tr>\n<tr data-start=\"2657\" data-end=\"2677\">\n<td data-start=\"2657\" data-end=\"2670\" data-col-size=\"sm\">PIR-Bereich<\/td>\n<td data-col-size=\"md\" data-start=\"2670\" data-end=\"2677\">4 m<\/td>\n<\/tr>\n<tr data-start=\"2678\" data-end=\"2741\">\n<td data-start=\"2678\" data-end=\"2693\" data-col-size=\"sm\">Ausl\u00f6ser-Typen<\/td>\n<td data-col-size=\"md\" data-start=\"2693\" data-end=\"2741\">Bewegung, AI-Objekte, Melderalarme, Szenarien<\/td>\n<\/tr>\n<tr data-start=\"2742\" data-end=\"2787\">\n<td data-start=\"2742\" data-end=\"2752\" data-col-size=\"sm\">Lagerung<\/td>\n<td data-start=\"2752\" data-end=\"2787\" data-col-size=\"md\">Ajax NVR (HDD) oder Ajax Cloud<\/td>\n<\/tr>\n<tr data-start=\"2788\" data-end=\"2820\">\n<td data-start=\"2788\" data-end=\"2806\" data-col-size=\"sm\">Wi-Fi-Geschwindigkeit<\/td>\n<td data-start=\"2806\" data-end=\"2820\" data-col-size=\"md\">\u2264 3 Mbit\/s<\/td>\n<\/tr>\n<tr data-start=\"2821\" data-end=\"2863\">\n<td data-start=\"2821\" data-end=\"2841\" data-col-size=\"sm\">Sortiment Juwelier<\/td>\n<td data-start=\"2841\" data-end=\"2863\" data-col-size=\"md\">\u2264 1 700 m freie Sicht<\/td>\n<\/tr>\n<tr data-start=\"2864\" data-end=\"2899\">\n<td data-start=\"2864\" data-end=\"2872\" data-col-size=\"sm\">Aktuell<\/td>\n<td data-start=\"2872\" data-end=\"2899\" data-col-size=\"md\">12 V DC (Adapter enthalten)<\/td>\n<\/tr>\n<tr data-start=\"2900\" data-end=\"2922\">\n<td data-start=\"2900\" data-end=\"2914\" data-col-size=\"sm\">Schutzklasse<\/td>\n<td data-start=\"2914\" data-end=\"2922\" data-col-size=\"md\">IP20<\/td>\n<\/tr>\n<\/tbody>\n<\/table>\n<div class=\"sticky end-(--thread-content-margin) h-0 self-end select-none\">\n<div class=\"absolute end-0 flex items-end\"><\/div>\n<\/div>\n<\/div>\n<\/div>\n<hr data-start=\"2924\" data-end=\"2927\" \/>\n<h2 data-start=\"2929\" data-end=\"2956\"><strong data-start=\"2932\" data-end=\"2956\">Backup-Kommunikation<\/strong><\/h2>\n<div class=\"_tableContainer_16hzy_1\">\n<div class=\"_tableWrapper_16hzy_14 group flex w-fit flex-col-reverse\">\n<table class=\"w-fit min-w-(--thread-content-width)\" data-start=\"2958\" data-end=\"3142\">\n<thead data-start=\"2958\" data-end=\"3011\">\n<tr data-start=\"2958\" data-end=\"3011\">\n<th data-start=\"2958\" data-end=\"2967\" data-col-size=\"sm\">Prim\u00e4re<\/th>\n<th data-start=\"2967\" data-end=\"2976\" data-col-size=\"sm\">Sicherung<\/th>\n<th data-start=\"2976\" data-end=\"3011\" data-col-size=\"sm\">Was wird bei einem Wi-Fi-Ausfall gesendet?<\/th>\n<\/tr>\n<\/thead>\n<tbody data-start=\"3066\" data-end=\"3142\">\n<tr data-start=\"3066\" data-end=\"3142\">\n<td data-start=\"3066\" data-end=\"3082\" data-col-size=\"sm\">Wi-Fi 2,4 GHz<\/td>\n<td data-start=\"3082\" data-end=\"3115\" data-col-size=\"sm\">Juwelier + Fl\u00fcgel \u00fcber Ajax-hubb<\/td>\n<td data-start=\"3115\" data-end=\"3142\" data-col-size=\"sm\">Warnungen, Ereignisse und Fotos<\/td>\n<\/tr>\n<\/tbody>\n<\/table>\n<div class=\"sticky end-(--thread-content-margin) h-0 self-end select-none\">\n<div class=\"absolute end-0 flex items-end\"><\/div>\n<\/div>\n<\/div>\n<\/div>\n<hr data-start=\"3144\" data-end=\"3147\" \/>\n<h2 data-start=\"3149\" data-end=\"3170\"><strong data-start=\"3152\" data-end=\"3170\">Kompatibilit\u00e4t<\/strong><\/h2>\n<p data-start=\"3172\" data-end=\"3269\">Hub 2 \/ Hub 2 (4G) \/ Hub 2 Plus \/ Hub BP \/ Hub Hybrid 4G \/ ReX 2 und alle <strong data-start=\"3247\" data-end=\"3259\">Ajax NVR<\/strong>-Modelle.<\/p>\n<p data-start=\"3172\" data-end=\"3269\"><strong>Enth\u00e4lt:<\/strong><br \/>\nKamera<br \/>\nAnhang<br \/>\nSteckertrafo mit 1,5 m Kabel<\/p>","protected":false},"excerpt":{"rendered":"<ul>\n<li data-start=\"100\" data-end=\"177\">\n<p data-start=\"102\" data-end=\"177\"><strong data-start=\"105\" data-end=\"131\">4 MP Video (2K) + HDR<\/strong> \u2013 scharfe Farben in hellen und dunklen Szenen<\/p>\n<\/li>\n<li data-start=\"178\" data-end=\"259\">\n<p data-start=\"180\" data-end=\"259\"><strong data-start=\"183\" data-end=\"207\">KI-Erkennung + PIR<\/strong> \u2013 unterscheidet Menschen, Tiere und Fahrzeuge (Reichweite 4 m)<\/p>\n<\/li>\n<li data-start=\"260\" data-end=\"336\">\n<p data-start=\"262\" data-end=\"336\"><strong data-start=\"265\" data-end=\"289\">Zweiseitige Kommunikation<\/strong> \u2013 eingebautes Mikrofon (G.722) &amp; 85 dB Lautsprecher<\/p>\n<\/li>\n<li data-start=\"337\" data-end=\"427\">\n<p data-start=\"339\" data-end=\"427\"><strong data-start=\"342\" data-end=\"383\">WLAN 2,4 GHz + Jeweller\/Wings-Backup<\/strong> \u2013 speichert Alarme und Bilder, wenn das WLAN ausf\u00e4llt<\/p>\n<\/li>\n<li data-start=\"428\" data-end=\"515\">\n<p data-start=\"430\" data-end=\"515\"><strong data-start=\"433\" data-end=\"453\">Flexible Lagerung<\/strong> \u2013 lokal auf <strong data-start=\"466\" data-end=\"478\">Ajax NVR<\/strong> oder in <strong data-start=\"487\" data-end=\"501\">Ajax Cloud<\/strong> (demn\u00e4chst verf\u00fcgbar)<\/p>\n<\/li>\n<li data-start=\"516\" data-end=\"590\">\n<p data-start=\"518\" data-end=\"590\"><strong data-start=\"521\" data-end=\"559\">NDAA-konform und verschl\u00fcsselt (mTLS)<\/strong> \u2013 keine verbotenen Bestandteile<\/p>\n<\/li>\n<li data-start=\"591\" data-end=\"684\">\n<p data-start=\"593\" data-end=\"684\"><strong data-start=\"596\" data-end=\"625\">Szenarien und Hub-Steuerung<\/strong> \u2013 st\u00e4ndige Aufzeichnung oder nur bei aktiviertem Alarm<\/p>\n<\/li>\n<li data-start=\"685\" data-end=\"760\">\n<p data-start=\"687\" data-end=\"760\">\ud83d\udd0c <strong data-start=\"690\" data-end=\"724\">12 V DC-Adapter (im Lieferumfang enthalten) + IP20<\/strong> \u2013 perfekt f\u00fcr Zuhause, B\u00fcro &amp; Gesch\u00e4ft<\/p>\n<\/li>\n<\/ul>","protected":false},"featured_media":155505,"template":"","meta":{"_acf_changed":false},"product_brand":[],"product_cat":[4011,3156],"product_tag":[4863],"class_list":{"0":"post-153583","1":"product","2":"type-product","3":"status-publish","4":"has-post-thumbnail","6":"product_cat-ajax-kameror","7":"product_cat-rorelse-och-kamera","8":"product_tag-pf","9":"pa_brands-ajax-systems","10":"pa_farg-svart","11":"tm-no-options","13":"first","14":"instock","15":"sale","16":"taxable","17":"shipping-taxable","18":"purchasable","19":"product-type-simple"},"acf":[],"_links":{"self":[{"href":"https:\/\/secureus.se\/de\/wp-json\/wp\/v2\/product\/153583","targetHints":{"allow":["GET"]}}],"collection":[{"href":"https:\/\/secureus.se\/de\/wp-json\/wp\/v2\/product"}],"about":[{"href":"https:\/\/secureus.se\/de\/wp-json\/wp\/v2\/types\/product"}],"wp:featuredmedia":[{"embeddable":true,"href":"https:\/\/secureus.se\/de\/wp-json\/wp\/v2\/media\/155505"}],"wp:attachment":[{"href":"https:\/\/secureus.se\/de\/wp-json\/wp\/v2\/media?parent=153583"}],"wp:term":[{"taxonomy":"product_brand","embeddable":true,"href":"https:\/\/secureus.se\/de\/wp-json\/wp\/v2\/product_brand?post=153583"},{"taxonomy":"product_cat","embeddable":true,"href":"https:\/\/secureus.se\/de\/wp-json\/wp\/v2\/product_cat?post=153583"},{"taxonomy":"product_tag","embeddable":true,"href":"https:\/\/secureus.se\/de\/wp-json\/wp\/v2\/product_tag?post=153583"}],"curies":[{"name":"wp","href":"https:\/\/api.w.org\/{rel}","templated":true}]}}