{"id":153998,"date":"2023-11-23T09:56:32","date_gmt":"2023-11-23T08:56:32","guid":{"rendered":"https:\/\/secureus.se\/kombidetektor-ir-mv-dt8012f4\/"},"modified":"2026-04-08T16:40:06","modified_gmt":"2026-04-08T14:40:06","slug":"kombidetektor-ir-mv-dt8012f4","status":"publish","type":"product","link":"https:\/\/secureus.se\/de\/kombidetektor-ir-mv-dt8012f4\/","title":{"rendered":"Honeywell COMBINED IR\/MV DETECTOR DT8012F4 - Alarmklasse 2"},"content":{"rendered":"<h1>Honeywell Kombidetektor IR\/MV DT8012F4<\/h1>\n<p data-start=\"324\" data-end=\"1290\">Der Honeywell COMBI DETECTOR IR\/MV DT8012F4 ist ein hochwertiger Detektor, der PIR- (Spiegel-) und Mikrowellentechnologie kombiniert, um zuverl\u00e4ssigen Schutz in kommerziellen Umgebungen zu bieten, in denen ein System der Klasse 2 erforderlich sein kann.<\/p>\n<p data-start=\"324\" data-end=\"1290\">Es bietet eine verbesserte Immunit\u00e4t gegen Fehlalarme durch patentierte L\u00f6sungen, einschlie\u00dflich der DualCore\u2122-Signalverarbeitung, und eignet sich daher ideal f\u00fcr Bereiche, die mit Standardprodukten schwer zu sch\u00fctzen sind.<br data-start=\"750\" data-end=\"753\" \/>Dieser Detektor ist dank einer Steckverbindung zwischen Sockel und Detektork\u00f6rper einfach zu installieren, was Installationszeit und -aufwand reduziert.<\/p>\n<p data-start=\"324\" data-end=\"1290\">Der DT8012F4 verf\u00fcgt \u00fcber eine Reichweite von 12 x 17 m und nutzt die X-Band-Mikrowellentechnologie bei 10,525 GHz, um eine optimale Leistung zum Schutz Ihres Bereichs zu gew\u00e4hrleisten.<br data-start=\"1057\" data-end=\"1060\" \/>Dar\u00fcber hinaus verf\u00fcgt es \u00fcber eine Wei\u00dflichtimmunit\u00e4t von 6.500 Lux und eine Haustierimmunit\u00e4t von 45 kg, wodurch es sich f\u00fcr Umgebungen mit Haustieren eignet.<\/p>\n<p data-start=\"324\" data-end=\"1290\">Der Detektor verf\u00fcgt au\u00dferdem \u00fcber Zulassungen gem\u00e4\u00df EN50131-2-4 Grad 2 Klasse II f\u00fcr eine sichere Installation.<\/p>\n<p data-start=\"1292\" data-end=\"1322\"><strong data-start=\"1292\" data-end=\"1320\">Funktionen und Vorteile:<\/strong><\/p>\n<ul data-start=\"1323\" data-end=\"1617\">\n<li data-start=\"1323\" data-end=\"1375\">\n<p data-start=\"1325\" data-end=\"1375\">Kombination aus PIR- und Mikrowellensensor f\u00fcr hohe Sicherheit<\/p>\n<\/li>\n<li data-start=\"1376\" data-end=\"1444\">\n<p data-start=\"1378\" data-end=\"1444\">Verbesserte Immunit\u00e4t gegen Fehlalarme durch DualCore\u2122-Signalverarbeitung<\/p>\n<\/li>\n<li data-start=\"1445\" data-end=\"1488\">\n<p data-start=\"1447\" data-end=\"1488\">Einfache Installation dank Steckfunktion<\/p>\n<\/li>\n<li data-start=\"1489\" data-end=\"1519\">\n<p data-start=\"1491\" data-end=\"1519\">Immunit\u00e4t von Haustieren mit einem Gewicht von 45 kg<\/p>\n<\/li>\n<li data-start=\"1520\" data-end=\"1551\">\n<p data-start=\"1522\" data-end=\"1551\">Optimaler Bereich: 12 x 17 m<\/p>\n<\/li>\n<li data-start=\"1552\" data-end=\"1617\">\n<p data-start=\"1554\" data-end=\"1617\">Unempfindlichkeit gegen\u00fcber wei\u00dfem Licht bis 6.500 Lux f\u00fcr hohe Leistung in hellen Umgebungen<\/p>\n<\/li>\n<\/ul>\n<p data-start=\"1619\" data-end=\"1650\"><strong data-start=\"1619\" data-end=\"1648\">Technische Spezifikationen:<\/strong><\/p>\n<ul data-start=\"1651\" data-end=\"2238\">\n<li data-start=\"1651\" data-end=\"1689\">\n<p data-start=\"1653\" data-end=\"1689\">Erfassungstyp: PIR + Mikrowelle<\/p>\n<\/li>\n<li data-start=\"1690\" data-end=\"1713\">\n<p data-start=\"1692\" data-end=\"1713\">Erfassungszonen: 36<\/p>\n<\/li>\n<li data-start=\"1714\" data-end=\"1737\">\n<p data-start=\"1716\" data-end=\"1737\">Reichweite: 12 x 17 m<\/p>\n<\/li>\n<li data-start=\"1738\" data-end=\"1771\">\n<p data-start=\"1740\" data-end=\"1771\">Mikrowellenfrequenz: 10,525 GHz<\/p>\n<\/li>\n<li data-start=\"1772\" data-end=\"1833\">\n<p data-start=\"1774\" data-end=\"1833\">St\u00f6rfestigkeit gegen Funkst\u00f6rungen: 20 V\/m (10\u20131000 MHz), 15 V\/m (1000\u20132700 MHz)<\/p>\n<\/li>\n<li data-start=\"1834\" data-end=\"1866\">\n<p data-start=\"1836\" data-end=\"1866\">Stromversorgung: 9 \u2013 15 V Gleichstrom<\/p>\n<\/li>\n<li data-start=\"1867\" data-end=\"1912\">\n<p data-start=\"1869\" data-end=\"1912\">Stromverbrauch: 14 mA (maximal bei 12 V DC)<\/p>\n<\/li>\n<li data-start=\"1913\" data-end=\"1948\">\n<p data-start=\"1915\" data-end=\"1948\">Montageh\u00f6he: 2,3 m (optimal)<\/p>\n<\/li>\n<li data-start=\"1949\" data-end=\"1978\">\n<p data-start=\"1951\" data-end=\"1978\">Alarmrelais: 30 mA bei 25 V DC<\/p>\n<\/li>\n<li data-start=\"1979\" data-end=\"2008\">\n<p data-start=\"1981\" data-end=\"2008\">Sabotagekontakt: 30 mA bei 25 V DC<\/p>\n<\/li>\n<li data-start=\"2009\" data-end=\"2037\">\n<p data-start=\"2011\" data-end=\"2037\">Immunit\u00e4t f\u00fcr Haustiere: 45 kg<\/p>\n<\/li>\n<li data-start=\"2038\" data-end=\"2069\">\n<p data-start=\"2040\" data-end=\"2069\">Wei\u00dflichtunempfindlichkeit: 6.500 Lux<\/p>\n<\/li>\n<li data-start=\"2070\" data-end=\"2106\">\n<p data-start=\"2072\" data-end=\"2106\">Betriebstemperatur: -10 bis +55 \u00b0C<\/p>\n<\/li>\n<li data-start=\"2107\" data-end=\"2134\">\n<p data-start=\"2109\" data-end=\"2134\">Abmessungen: 98 x 57 x 43,5 mm<\/p>\n<\/li>\n<li data-start=\"2135\" data-end=\"2150\">\n<p data-start=\"2137\" data-end=\"2150\">Gewicht: 135 g<\/p>\n<\/li>\n<li data-start=\"2151\" data-end=\"2238\">\n<p data-start=\"2153\" data-end=\"2238\">Zulassungen: EN50131-2-4 Grad 2 Klasse II, INCERT, IMQ, SBSC, FG, F&amp;P, NCP, GOST-R<\/p>\n<\/li>\n<\/ul>","protected":false},"excerpt":{"rendered":"<p>Kombinationsmelder mit PIR- und Mikrowellentechnologie, ideal f\u00fcr gewerbliche Umgebungen.<\/p>\n<p>12 x 17 m Reichweite, verbesserte Fehlalarmsicherheit und einfache Installation.<\/p>","protected":false},"featured_media":138676,"template":"","meta":{"_acf_changed":false},"product_brand":[],"product_cat":[1324,1325],"product_tag":[2146,2465],"class_list":{"0":"post-153998","1":"product","2":"type-product","3":"status-publish","4":"has-post-thumbnail","6":"product_cat-outlet","7":"product_cat-larmgivare-skalskydd","8":"product_tag-rorelsedetektor-kombidetektorer","9":"product_tag-sbsc-larmklass2","10":"product_shipping_class-postnord-varubrev","11":"pa_brands-honeywell","12":"tm-no-options","14":"first","15":"instock","16":"sale","17":"taxable","18":"shipping-taxable","19":"purchasable","20":"product-type-simple"},"acf":[],"_links":{"self":[{"href":"https:\/\/secureus.se\/de\/wp-json\/wp\/v2\/product\/153998","targetHints":{"allow":["GET"]}}],"collection":[{"href":"https:\/\/secureus.se\/de\/wp-json\/wp\/v2\/product"}],"about":[{"href":"https:\/\/secureus.se\/de\/wp-json\/wp\/v2\/types\/product"}],"wp:featuredmedia":[{"embeddable":true,"href":"https:\/\/secureus.se\/de\/wp-json\/wp\/v2\/media\/138676"}],"wp:attachment":[{"href":"https:\/\/secureus.se\/de\/wp-json\/wp\/v2\/media?parent=153998"}],"wp:term":[{"taxonomy":"product_brand","embeddable":true,"href":"https:\/\/secureus.se\/de\/wp-json\/wp\/v2\/product_brand?post=153998"},{"taxonomy":"product_cat","embeddable":true,"href":"https:\/\/secureus.se\/de\/wp-json\/wp\/v2\/product_cat?post=153998"},{"taxonomy":"product_tag","embeddable":true,"href":"https:\/\/secureus.se\/de\/wp-json\/wp\/v2\/product_tag?post=153998"}],"curies":[{"name":"wp","href":"https:\/\/api.w.org\/{rel}","templated":true}]}}