{"id":154203,"date":"2024-03-15T09:44:29","date_gmt":"2024-03-15T08:44:29","guid":{"rendered":"https:\/\/secureus.se\/cylinderring-16mm-rokoko-nickel-3\/"},"modified":"2026-04-23T12:14:08","modified_gmt":"2026-04-23T10:14:08","slug":"cylinderring-16mm-rokoko-nickel","status":"publish","type":"product","link":"https:\/\/secureus.se\/de\/cylinderring-16mm-rokoko-nickel\/","title":{"rendered":"Zylinderring 16mm Rokoko Nickel"},"content":{"rendered":"<p><b>Beschreibung:\u00a0<br \/><\/b><br \/>\nASSA ABLOY Zylinderring f\u00fcr ovalen Rokokozylinder (innen). Erh\u00e4ltlich in verschiedenen Gr\u00f6\u00dfen. Die H\u00f6he der Zylinderringe und die L\u00e4nge der Schraube werden durch die Dicke der T\u00fcr und die Position des Schlossgeh\u00e4uses bestimmt. Ovale Zylinderringe von ASSA ABLOY sind im Zylinderzubeh\u00f6r 2256 und 18256 enthalten.\u00a0\u00a0<\/p>\n<div><\/div>\n<div><b>Eigenschaften:\u00a0<\/b><\/div>\n<div>\n<ul>\n<li>Zur Montage zusammen mit ovalem Rokoko-Zylinder<\/li>\n<li>Erh\u00e4ltlich in den Gr\u00f6\u00dfen: 6, 8, 11, 13, 16, 18, 21 und 24 mm\u00a0<\/li>\n<li>Material: Messing<\/li>\n<\/ul>\n<\/div>","protected":false},"excerpt":{"rendered":"<p>Beschreibung: ASSA ABLOY Zylinderring f\u00fcr ovalen Rokokozylinder (innen). Erh\u00e4ltlich in verschiedenen Gr\u00f6\u00dfen. Die H\u00f6he der Zylinderringe und die L\u00e4nge der Schraube werden durch die Dicke der T\u00fcr und die Position des Schlossgeh\u00e4uses bestimmt. ASSA<\/p>","protected":false},"featured_media":138032,"template":"","meta":{"_acf_changed":false},"product_brand":[],"product_cat":[3254],"product_tag":[],"class_list":{"0":"post-154203","1":"product","2":"type-product","3":"status-publish","4":"has-post-thumbnail","6":"product_cat-cylinderringar","7":"product_shipping_class-postnord-varubrev","8":"pa_brands-abloy","9":"tm-no-options","11":"first","12":"instock","13":"taxable","14":"shipping-taxable","15":"purchasable","16":"product-type-simple"},"acf":[],"_links":{"self":[{"href":"https:\/\/secureus.se\/de\/wp-json\/wp\/v2\/product\/154203","targetHints":{"allow":["GET"]}}],"collection":[{"href":"https:\/\/secureus.se\/de\/wp-json\/wp\/v2\/product"}],"about":[{"href":"https:\/\/secureus.se\/de\/wp-json\/wp\/v2\/types\/product"}],"wp:featuredmedia":[{"embeddable":true,"href":"https:\/\/secureus.se\/de\/wp-json\/wp\/v2\/media\/138032"}],"wp:attachment":[{"href":"https:\/\/secureus.se\/de\/wp-json\/wp\/v2\/media?parent=154203"}],"wp:term":[{"taxonomy":"product_brand","embeddable":true,"href":"https:\/\/secureus.se\/de\/wp-json\/wp\/v2\/product_brand?post=154203"},{"taxonomy":"product_cat","embeddable":true,"href":"https:\/\/secureus.se\/de\/wp-json\/wp\/v2\/product_cat?post=154203"},{"taxonomy":"product_tag","embeddable":true,"href":"https:\/\/secureus.se\/de\/wp-json\/wp\/v2\/product_tag?post=154203"}],"curies":[{"name":"wp","href":"https:\/\/api.w.org\/{rel}","templated":true}]}}