{"id":155407,"date":"2023-09-26T13:10:37","date_gmt":"2023-09-26T11:10:37","guid":{"rendered":"https:\/\/secureus.se\/elslutbleck-step-60-rattvand-24v-kolvkontakt-5m-kabel\/"},"modified":"2026-04-23T12:31:10","modified_gmt":"2026-04-23T10:31:10","slug":"elslutbleck-step-60-rattvand-24v-kolvkontakt-5m-kabel","status":"publish","type":"product","link":"https:\/\/secureus.se\/de\/elslutbleck-step-60-rattvand-24v-kolvkontakt-5m-kabel\/","title":{"rendered":"Elektrischer T\u00fcr\u00f6ffner STEP 60, rechtsseitig, 24 V, Kolbenkontakt, 5 m Kabel"},"content":{"rendered":"<div><\/div>\n<div>\n<h1>Elektrischer T\u00fcr\u00f6ffner STEP 60, rechtsseitig, 24 V, Kolbenkontakt, 5 m Kabel<\/h1>\n<div>STEP 60 Silent verf\u00fcgt \u00fcber einzigartige \u00d6ffnungs- und Schlie\u00dfeigenschaften, die einen reibungslosen und leisen Betrieb gew\u00e4hrleisten.<\/div>\n<div>Dank seiner robusten Konstruktion eignet sich STEP 60 Silent hervorragend f\u00fcr T\u00fcren, die hohen Frequenzen ausgesetzt sind oder bei denen eine Ger\u00e4uschreduzierung gew\u00fcnscht ist.<\/div>\n<div>Geeignet f\u00fcr Einzel- oder Doppelriegelverriegelungen. Feuerbest\u00e4ndig bis E\/EI120. STEP 60 Silent geh\u00f6rt zur Silent-Serie von STEP.<\/div>\n<div>Die Produkte dieser Serie zeichnen sich durch eine robuste Konstruktion und die patentierte STEP-Silent-Technologie aus, die einen reibungslosen, nahezu ger\u00e4uschlosen Betrieb sowie eine hohe Eindringfestigkeit und Bruchfestigkeit gew\u00e4hrleistet.<\/div>\n<div>W\u00e4hlen Sie STEP Silent, wenn Sie den L\u00e4rm reduzieren oder die Sicherheit erh\u00f6hen m\u00f6chten.<\/div>\n<div><\/div>\n<div><b>Eigenschaften:\u00a0<\/b><\/div>\n<div>\n<ul>\n<li>Rechtsdrehende Funktion (im stromlosen Zustand gesperrt)<\/li>\n<li>Zertifiziert f\u00fcr Feuerwiderstand bis Klasse F (E\/EI 120) gem\u00e4\u00df SS-EN 14846:2008.<\/li>\n<li>Mikroschalter einpolig wechselnd, max. 30 V DC, 1 A.<\/li>\n<li>Eingebauter Kolbenkontakt, der anzeigt, ob die T\u00fcr geschlossen\/offen und verriegelt\/entriegelt ist<\/li>\n<li>Schlie\u00dfkontakt zum Anschluss an Zutrittssystem, Alarmanlage etc.<\/li>\n<li>Bruchfestigkeit 16 kN (ca. 1600 kg).<\/li>\n<li>Garantiert das \u00d6ffnen trotz eines Banddrucks von 1 kN (ca. 100 kg) im Hoch- und R\u00fcckw\u00e4rtsbetrieb.<\/li>\n<li>Schutzdiode ist eingebaut.<\/li>\n<li>Schlagfest.<\/li>\n<li>5 Meter langes, halogenfreies Kabel im Lieferumfang enthalten.<\/li>\n<\/ul>\n<div><\/div>\n<p><b>Technische Daten:<\/b><\/p>\n<\/div>\n<div>\n<ul>\n<li>12V DC + 15 % \u2013 10 %. Max. 500 mA, 242 mA entsperrt.<\/li>\n<li>24 V DC + 15 % \u2013 10 %. Max. 250 mA, 121 mA entsperrt.<\/li>\n<li>Haltbarkeit: Klasse X gem\u00e4\u00df SS-EN 14846.<\/li>\n<li>Korrosion: Grad M gem\u00e4\u00df SS-EN 14846.<\/li>\n<li>Sicherheit: Klasse 3 gem\u00e4\u00df SS-EN 14846.<\/li>\n<li>Sicherheit bei elektrischer Manipulation: Grad 3 (korrekt ausgerichtet) Grad 1 (umgekehrt) gem\u00e4\u00df SS-EN 14846.<\/li>\n<\/ul>\n<\/div>\n<\/div>","protected":false},"excerpt":{"rendered":"<p>STEP 60 Silent verf\u00fcgt \u00fcber einzigartige \u00d6ffnungs- und Schlie\u00dfeigenschaften, die einen reibungslosen und leisen Betrieb gew\u00e4hrleisten.<\/p>","protected":false},"featured_media":155668,"template":"","meta":{"_acf_changed":false},"product_brand":[],"product_cat":[3355],"product_tag":[4423],"class_list":{"0":"post-155407","1":"product","2":"type-product","3":"status-publish","4":"has-post-thumbnail","6":"product_cat-elslutbleck","7":"product_tag-rg-step","8":"product_shipping_class-tunga-paket","9":"pa_brands-step","10":"tm-no-options","12":"first","13":"instock","14":"sale","15":"taxable","16":"shipping-taxable","17":"purchasable","18":"product-type-simple"},"acf":[],"_links":{"self":[{"href":"https:\/\/secureus.se\/de\/wp-json\/wp\/v2\/product\/155407","targetHints":{"allow":["GET"]}}],"collection":[{"href":"https:\/\/secureus.se\/de\/wp-json\/wp\/v2\/product"}],"about":[{"href":"https:\/\/secureus.se\/de\/wp-json\/wp\/v2\/types\/product"}],"wp:featuredmedia":[{"embeddable":true,"href":"https:\/\/secureus.se\/de\/wp-json\/wp\/v2\/media\/155668"}],"wp:attachment":[{"href":"https:\/\/secureus.se\/de\/wp-json\/wp\/v2\/media?parent=155407"}],"wp:term":[{"taxonomy":"product_brand","embeddable":true,"href":"https:\/\/secureus.se\/de\/wp-json\/wp\/v2\/product_brand?post=155407"},{"taxonomy":"product_cat","embeddable":true,"href":"https:\/\/secureus.se\/de\/wp-json\/wp\/v2\/product_cat?post=155407"},{"taxonomy":"product_tag","embeddable":true,"href":"https:\/\/secureus.se\/de\/wp-json\/wp\/v2\/product_tag?post=155407"}],"curies":[{"name":"wp","href":"https:\/\/api.w.org\/{rel}","templated":true}]}}