{"id":155452,"date":"2025-08-25T13:21:20","date_gmt":"2025-08-25T11:21:20","guid":{"rendered":"https:\/\/secureus.se\/?post_type=product&#038;p=155452"},"modified":"2026-03-30T12:28:36","modified_gmt":"2026-03-30T10:28:36","slug":"ajax-keypad-touchscreen-manoverpanel-vit-inbyggd-rfid-lasare","status":"publish","type":"product","link":"https:\/\/secureus.se\/de\/ajax-keypad-touchscreen-manoverpanel-vit-inbyggd-rfid-lasare\/","title":{"rendered":"Ajax KeyPad Touchscreen-Bedienfeld - Wei\u00df - Integrierter RFID-Leser"},"content":{"rendered":"<h3>Das Ajax KeyPad TouchScreen Control Panel White ist ein intuitives und leistungsstarkes Bedienfeld, das Ihnen die vollst\u00e4ndige Kontrolle \u00fcber Ihr Ajax-Alarmsystem erm\u00f6glicht.<\/h3>\n<p>Ausgestattet mit einem 5-Zoll-IPS-Touchscreen und integriertem RFID-Leseger\u00e4t bietet es sowohl Benutzerfreundlichkeit als auch Sicherheit in einem kompakten Design.<\/p>\n<p>Das wei\u00dfe Modell passt perfekt in moderne H\u00e4user und Unternehmen und bietet Benutzern eine benutzerfreundliche Oberfl\u00e4che zur \u00dcberwachung und Steuerung der Sicherheit.<\/p>\n<p><strong>Fortschrittliche Technologie f\u00fcr einfachen Zugriff und Sicherheit<\/strong><br \/>\nMit dem Ajax KeyPad TouchScreen k\u00f6nnen Sie dank der Unterst\u00fctzung mehrerer Authentifizierungsmethoden auf sichere und einfache Weise mit Ihrem Alarmsystem interagieren: Verwenden Sie Code, RFID-Sicherheitskarten oder Schl\u00fcsselanh\u00e4nger (Pass and Tag) oder ein Smartphone \u00fcber Bluetooth Low Energie (BLE).<\/p>\n<p>Durch den integrierten RFID-Leser l\u00e4sst sich das System noch einfacher aktivieren und deaktivieren, wodurch das Risiko eines unbefugten Zugriffs minimiert wird.<\/p>\n<p><strong>Funktionen, die das Benutzererlebnis verbessern<\/strong><br \/>\nDer 5-Zoll-Bildschirm mit hoher Aufl\u00f6sung und automatischer Helligkeitsanpassung erleichtert die Nutzung sowohl bei Tag als auch bei Nacht.<\/p>\n<p>Mit einer benutzerfreundlichen Oberfl\u00e4che k\u00f6nnen Sie sich schnell einen \u00dcberblick \u00fcber den Systemstatus, Zoneninformationen und die Scharfschaltung verschaffen.<\/p>\n<p>Alle Alarm-, St\u00f6rungs- und T\u00fcr\u00f6ffnungsmeldungen werden \u00fcbersichtlich auf dem Bildschirm angezeigt, so dass Sie den Systemstatus in Echtzeit leicht verfolgen k\u00f6nnen.<\/p>\n<p><strong>Sichere und flexible Kommunikation<\/strong><br \/>\nDer Ajax KeyPad TouchScreen nutzt die Funkprotokolle Jeweler und Wings f\u00fcr zuverl\u00e4ssige Kommunikation und verf\u00fcgt \u00fcber eine Funkreichweite von bis zu 1.700 Metern.<\/p>\n<p>Dies macht die Installation einfach und flexibel und gew\u00e4hrleistet gleichzeitig eine sichere Kommunikation zwischen dem Panel und dem Ajax-Hub.<\/p>\n<p>Es ist auch m\u00f6glich, das Panel so zu konfigurieren, dass es akustische Benachrichtigungen bei T\u00fcr\u00f6ffnungen, Verz\u00f6gerungen und bei Ausl\u00f6sung eines Alarms abspielt.<\/p>\n<p><strong>Lange Batterielebensdauer und geringer Wartungsbedarf<\/strong><br \/>\nMit vorinstallierten Batterien bietet der Ajax KeyPad TouchScreen eine Betriebsdauer von bis zu 1,5 Jahren, ohne dass ein Austausch erforderlich ist.<\/p>\n<p>Bei niedrigem Batteriestand erh\u00e4lt der Nutzer \u00fcber die Ajax-App eine Benachrichtigung, sodass die Batterien rechtzeitig ausgetauscht werden k\u00f6nnen, bevor sie leer sind.<\/p>\n<p><strong>Sicherheitsfunktionen und einfache Installation<\/strong><br \/>\nDas KeyPad TouchScreen ist mit einer Paniktaste f\u00fcr Notf\u00e4lle und einem Sabotagealarm ausgestattet, der warnt, wenn jemand versucht, das Panel von der Wand zu entfernen.<\/p>\n<p>Das Bedienfeld wird nach mehreren falschen Codeeingaben gesperrt, um ein Erraten des Codes zu verhindern, und alle Daten werden zum Schutz vor unbefugtem Zugriff verschl\u00fcsselt.<\/p>\n<p>Die Installation und Kopplung erfolgt schnell \u00fcber den QR-Code in der Ajax-App und das System kann einfach konfiguriert werden, ohne dass fortgeschrittene technische Kenntnisse erforderlich sind.<\/p>\n<p><strong>Technische Spezifikationen<\/strong>:<\/p>\n<ul>\n<li><strong>Bildschirm<\/strong>: 5-Zoll-IPS-Touchscreen mit einer Aufl\u00f6sung von 480 \u00d7 854 Pixeln<\/li>\n<li><strong>Verbindung<\/strong>: Drahtlos (Jeweler- und Wings-Protokolle)<\/li>\n<li><strong>Akkulaufzeit<\/strong>: Bis zu 1,5 Jahre mit vorinstallierten Batterien<\/li>\n<li><strong>Funkreichweite<\/strong>: Bis zu 1.700 Meter<\/li>\n<li><strong>Kommunikationsmethoden<\/strong>: RFID-Tags, Code, Smartphone \u00fcber BLE<\/li>\n<li><strong>Sicherheitsfunktionen<\/strong>: Paniktaste, Sabotagealarm, Schutz vor Code-Erraten<\/li>\n<li><strong>Authentifizierung<\/strong>: Smartphone, Sicherheitskarte und Schl\u00fcsselanh\u00e4nger (Pass und Tag), Code<\/li>\n<li><strong>Tonbenachrichtigungen<\/strong>: Automatische akustische R\u00fcckmeldung bei Alarmen, T\u00fcr\u00f6ffnungen und Verz\u00f6gerungen<\/li>\n<li><strong>Kompatibilit\u00e4t<\/strong>: Hub 2 (2G), Hub 2 (4G), Hub 2 Plus, Hub Hybrid (2G), Hub Hybrid (4G), ReX 2<\/li>\n<li><strong>Temperaturbereich<\/strong>: 0\u00b0C bis +50\u00b0C<\/li>\n<li><strong>IP-Klasse<\/strong>: IP20<\/li>\n<\/ul>\n<p><strong>Das Paket enth\u00e4lt<\/strong>:<\/p>\n<ul>\n<li>1 x Ajax KeyPad TouchScreen-Bedienfeld wei\u00df<\/li>\n<li>Montagesatz<\/li>\n<li>Kurzanleitung<\/li>\n<\/ul>\n<p>Das Ajax KeyPad TouchScreen ist mehr als nur ein Bedienfeld \u2013 es ist eine zuverl\u00e4ssige, sichere und benutzerfreundliche L\u00f6sung zur Steuerung Ihres Ajax-Alarmsystems.<\/p>\n<p>Mit fortschrittlicher Technologie, flexibler Installation, langer Akkulaufzeit und sicherer Kommunikation ist es das perfekte Ger\u00e4t zum Schutz Ihres Zuhauses oder Unternehmens.<\/p>\n<p><iframe src=\"https:\/\/www.youtube.com\/embed\/VN6aPF8a3Gc\" width=\"600\" height=\"338\" frameborder=\"0\" allowfullscreen=\"allowfullscreen\"><\/iframe><\/p>\n<h3 style=\"text-align: center\"><strong>Smartphone<\/strong><\/h3>\n<p style=\"text-align: center\">Der KeyPad-Touchscreen bietet verschiedene M\u00f6glichkeiten zur Benutzeridentifizierung, darunter die Mobiltelefon- und BLE-Technologie (Bluetooth Low Energy), die die Verwendung von Smartphones als Ersatz f\u00fcr Karten oder Schl\u00fcsselanh\u00e4nger erm\u00f6glicht. Das Ger\u00e4t unterst\u00fctzt Android- und iOS-Smartphones mit BLE 4.2 und h\u00f6her.<\/p>\n<h3 style=\"text-align: center\"><strong>Zugangskarte und RFID-Tag\/Schl\u00fcsselanh\u00e4nger<\/strong><\/h3>\n<p>Zus\u00e4tzlich zu Mobiltelefon und BLE k\u00f6nnen Benutzer auch Tags und P\u00e4sse verwenden, um den Alarm zu steuern. Administratoren haben die M\u00f6glichkeit, Rechte f\u00fcr jeden einzelnen Pass oder Tag einfach zuzuweisen oder zu entfernen.<\/p>\n<h3 style=\"text-align: center\"><strong>Code<\/strong><\/h3>\n<p style=\"text-align: center\">KeyPad TouchScreen unterst\u00fctzt verschiedene Arten von Codes, darunter allgemeine Tastaturcodes (einer pro Tastatur), pers\u00f6nliche Codes (individuell f\u00fcr jeden Benutzer) und tempor\u00e4re Codes f\u00fcr eine nicht registrierte Person.<\/p>","protected":false},"excerpt":{"rendered":"<p>Das Ajax KeyPad TouchScreen ist ein fortschrittliches Bedienfeld mit einem 5-Zoll-IPS-Touchscreen und integriertem RFID-Leseger\u00e4t, mit dem Sie Ihr Ajax-Sicherheitssystem einfach steuern und \u00fcberwachen k\u00f6nnen.<\/p>\n<p>Es bietet sicheren Zugriff per Code, Mobiltelefon oder Tags und kann sowohl f\u00fcr Privat- als auch f\u00fcr Gesch\u00e4ftszwecke konfiguriert werden.<\/p>","protected":false},"featured_media":155454,"template":"","meta":{"_acf_changed":false},"product_brand":[],"product_cat":[3164],"product_tag":[3127,4863],"class_list":{"0":"post-155452","1":"product","2":"type-product","3":"status-publish","4":"has-post-thumbnail","6":"product_cat-larmstyrning","7":"product_tag-kontrollprodukt","8":"product_tag-pf","9":"product_shipping_class-tunga-paket","10":"pa_brands-ajax-systems","11":"pa_farg-svart","12":"tm-no-options","14":"first","15":"instock","16":"sale","17":"featured","18":"taxable","19":"shipping-taxable","20":"purchasable","21":"product-type-simple"},"acf":[],"_links":{"self":[{"href":"https:\/\/secureus.se\/de\/wp-json\/wp\/v2\/product\/155452","targetHints":{"allow":["GET"]}}],"collection":[{"href":"https:\/\/secureus.se\/de\/wp-json\/wp\/v2\/product"}],"about":[{"href":"https:\/\/secureus.se\/de\/wp-json\/wp\/v2\/types\/product"}],"wp:featuredmedia":[{"embeddable":true,"href":"https:\/\/secureus.se\/de\/wp-json\/wp\/v2\/media\/155454"}],"wp:attachment":[{"href":"https:\/\/secureus.se\/de\/wp-json\/wp\/v2\/media?parent=155452"}],"wp:term":[{"taxonomy":"product_brand","embeddable":true,"href":"https:\/\/secureus.se\/de\/wp-json\/wp\/v2\/product_brand?post=155452"},{"taxonomy":"product_cat","embeddable":true,"href":"https:\/\/secureus.se\/de\/wp-json\/wp\/v2\/product_cat?post=155452"},{"taxonomy":"product_tag","embeddable":true,"href":"https:\/\/secureus.se\/de\/wp-json\/wp\/v2\/product_tag?post=155452"}],"curies":[{"name":"wp","href":"https:\/\/api.w.org\/{rel}","templated":true}]}}