{"id":155524,"date":"2025-08-26T09:18:40","date_gmt":"2025-08-26T07:18:40","guid":{"rendered":"https:\/\/secureus.se\/uppstallningsarm-cl-rf-on-off-silver\/"},"modified":"2026-03-31T12:47:01","modified_gmt":"2026-03-31T10:47:01","slug":"uppstallningsarm-cl-rf-on-off-silver","status":"publish","type":"product","link":"https:\/\/secureus.se\/de\/uppstallningsarm-cl-rf-on-off-silver\/","title":{"rendered":"Aufstellarm CL-RF On\/Off Silber"},"content":{"rendered":"<div>Stativarm der Dormakabas CL-RF ON\/OFF-Serie. Passend f\u00fcr T\u00fcrschlie\u00dfergeh\u00e4use TS83 und TS73. F\u00fcr Innen- und Au\u00dfent\u00fcren. Nicht f\u00fcr den Einsatz an Feuerschutzt\u00fcren geeignet.<\/div>\n<div><\/div>\n<div><b>Eigenschaften:\u00a0<\/b><\/div>\n<div>\n<ul>\n<li>Armsystem mit ein- und ausschaltbarer mechanischer Verriegelungseinrichtung.<\/li>\n<li>Die Umstellung erfolgt manuell \u00fcber einen Knopf am Hauptarm.<\/li>\n<li>F\u00fcr linke und rechte T\u00fcren geeignet.<\/li>\n<li>Kann an einem T\u00fcrblatt oder Rahmen montiert werden.<\/li>\n<li>Passend f\u00fcr T\u00fcrschlie\u00dfer TS 73 und TS 83.<\/li>\n<li>Die Umstellung erfolgt manuell \u00fcber einen Knopf am Hauptarm.<\/li>\n<li>F\u00fcr Rahmentiefe max. 45mm, mit ausgefahrenem Verbindungsarm max. 65 mm.<\/li>\n<li>Die Schlagkraft ist mit dem Hebel einstellbar.<\/li>\n<li>Kann in jedem beliebigen Winkel bis maximal 150\u00b0 aufgestellt werden.<\/li>\n<\/ul>\n<\/div>","protected":false},"excerpt":{"rendered":"<p>Armsystem mit mechanischer Ratschenverstellung, die ein- und ausgeschaltet werden kann. Geeignet f\u00fcr die T\u00fcrschlie\u00dfergeh\u00e4use TS83 und TS73.<\/p>","protected":false},"featured_media":155521,"template":"","meta":{"_acf_changed":false},"product_brand":[],"product_cat":[4805],"product_tag":[4863],"class_list":{"0":"post-155524","1":"product","2":"type-product","3":"status-publish","4":"has-post-thumbnail","6":"product_cat-dorrstangararmar","7":"product_tag-pf","8":"pa_brands-dormakaba","9":"tm-no-options","11":"first","12":"instock","13":"sale","14":"taxable","15":"shipping-taxable","16":"purchasable","17":"product-type-simple"},"acf":[],"_links":{"self":[{"href":"https:\/\/secureus.se\/de\/wp-json\/wp\/v2\/product\/155524","targetHints":{"allow":["GET"]}}],"collection":[{"href":"https:\/\/secureus.se\/de\/wp-json\/wp\/v2\/product"}],"about":[{"href":"https:\/\/secureus.se\/de\/wp-json\/wp\/v2\/types\/product"}],"wp:featuredmedia":[{"embeddable":true,"href":"https:\/\/secureus.se\/de\/wp-json\/wp\/v2\/media\/155521"}],"wp:attachment":[{"href":"https:\/\/secureus.se\/de\/wp-json\/wp\/v2\/media?parent=155524"}],"wp:term":[{"taxonomy":"product_brand","embeddable":true,"href":"https:\/\/secureus.se\/de\/wp-json\/wp\/v2\/product_brand?post=155524"},{"taxonomy":"product_cat","embeddable":true,"href":"https:\/\/secureus.se\/de\/wp-json\/wp\/v2\/product_cat?post=155524"},{"taxonomy":"product_tag","embeddable":true,"href":"https:\/\/secureus.se\/de\/wp-json\/wp\/v2\/product_tag?post=155524"}],"curies":[{"name":"wp","href":"https:\/\/api.w.org\/{rel}","templated":true}]}}