{"id":155664,"date":"2025-08-29T12:38:24","date_gmt":"2025-08-29T10:38:24","guid":{"rendered":"https:\/\/secureus.se\/ateco-rokdetektor-optisk-sm-rd-2\/"},"modified":"2025-09-15T13:45:33","modified_gmt":"2025-09-15T11:45:33","slug":"ateco-rokdetektor-optisk-sm-rd-2","status":"publish","type":"product","link":"https:\/\/secureus.se\/de\/ateco-rokdetektor-optisk-sm-rd-2\/","title":{"rendered":"Ateco SM-RD OPTISCHES RAUCHMESSGER\u00c4T"},"content":{"rendered":"<p>Optischer Rauchmelder f\u00fcr konventionelle Systeme. Zugelassen nach EN 54-7. Geeignet f\u00fcr R\u00e4ume mit einer maximalen Deckenh\u00f6he von 20 m. \u00dcberwachungsbereich: 100 m\u00b2. Anzeige im Alarmfall \u00fcber Lichtleiter. Geeignet als Zusatzrauchmelder f\u00fcr das T\u00fcrschlie\u00dfsystem BDC-1A. Technische Daten: Versorgungsspannung: 9 V DC. Stromaufnahme: 50 \u00b5A. Schutzart: IP30. Abmessungen (H x D): 42 x 102 mm. Farbe: Wei\u00df.<\/p>","protected":false},"excerpt":{"rendered":"<p>Optisk r\u00f6kdetektor f\u00f6r konventionella system. Godk\u00e4nd enligt EN54-7. Anv\u00e4nds i utrymmen med maximal takh\u00f6jd 20 m. \u00d6vervakad yta 100 kvm. Indikering via ljusledare i larml\u00e4ge. Passar som kompletterande r\u00f6kdetektor till<\/p>","protected":false},"featured_media":155662,"template":"","meta":{"_acf_changed":false},"product_brand":[],"product_cat":[3373],"product_tag":[],"class_list":{"0":"post-155664","1":"product","2":"type-product","3":"status-publish","4":"has-post-thumbnail","6":"product_cat-rokdetektorer","7":"pa_brands-ateco","8":"tm-no-options","10":"first","11":"instock","12":"sale","13":"taxable","14":"shipping-taxable","15":"purchasable","16":"product-type-simple"},"acf":[],"_links":{"self":[{"href":"https:\/\/secureus.se\/de\/wp-json\/wp\/v2\/product\/155664","targetHints":{"allow":["GET"]}}],"collection":[{"href":"https:\/\/secureus.se\/de\/wp-json\/wp\/v2\/product"}],"about":[{"href":"https:\/\/secureus.se\/de\/wp-json\/wp\/v2\/types\/product"}],"wp:featuredmedia":[{"embeddable":true,"href":"https:\/\/secureus.se\/de\/wp-json\/wp\/v2\/media\/155662"}],"wp:attachment":[{"href":"https:\/\/secureus.se\/de\/wp-json\/wp\/v2\/media?parent=155664"}],"wp:term":[{"taxonomy":"product_brand","embeddable":true,"href":"https:\/\/secureus.se\/de\/wp-json\/wp\/v2\/product_brand?post=155664"},{"taxonomy":"product_cat","embeddable":true,"href":"https:\/\/secureus.se\/de\/wp-json\/wp\/v2\/product_cat?post=155664"},{"taxonomy":"product_tag","embeddable":true,"href":"https:\/\/secureus.se\/de\/wp-json\/wp\/v2\/product_tag?post=155664"}],"curies":[{"name":"wp","href":"https:\/\/api.w.org\/{rel}","templated":true}]}}