{"id":155666,"date":"2025-08-29T12:38:26","date_gmt":"2025-08-29T10:38:26","guid":{"rendered":"https:\/\/secureus.se\/ateco-detektorsockel-sm-s24\/"},"modified":"2026-04-08T16:26:04","modified_gmt":"2026-04-08T14:26:04","slug":"ateco-detektorsockel-sm-s24","status":"publish","type":"product","link":"https:\/\/secureus.se\/de\/ateco-detektorsockel-sm-s24\/","title":{"rendered":"Ateco-Detektor-Sockel SM-S24"},"content":{"rendered":"","protected":false},"excerpt":{"rendered":"<p>Sockel f\u00fcr optische Rauchmelder konventionell und f\u00fcr W\u00e4rmemelder der Serie SM.<\/p>","protected":false},"featured_media":155665,"template":"","meta":{"_acf_changed":false},"product_brand":[],"product_cat":[3373],"product_tag":[],"class_list":{"0":"post-155666","1":"product","2":"type-product","3":"status-publish","4":"has-post-thumbnail","6":"product_cat-rokdetektorer","7":"product_shipping_class-postnord-varubrev","8":"pa_brands-ateco","9":"tm-no-options","11":"first","12":"instock","13":"sale","14":"taxable","15":"shipping-taxable","16":"purchasable","17":"product-type-simple"},"acf":[],"_links":{"self":[{"href":"https:\/\/secureus.se\/de\/wp-json\/wp\/v2\/product\/155666","targetHints":{"allow":["GET"]}}],"collection":[{"href":"https:\/\/secureus.se\/de\/wp-json\/wp\/v2\/product"}],"about":[{"href":"https:\/\/secureus.se\/de\/wp-json\/wp\/v2\/types\/product"}],"wp:featuredmedia":[{"embeddable":true,"href":"https:\/\/secureus.se\/de\/wp-json\/wp\/v2\/media\/155665"}],"wp:attachment":[{"href":"https:\/\/secureus.se\/de\/wp-json\/wp\/v2\/media?parent=155666"}],"wp:term":[{"taxonomy":"product_brand","embeddable":true,"href":"https:\/\/secureus.se\/de\/wp-json\/wp\/v2\/product_brand?post=155666"},{"taxonomy":"product_cat","embeddable":true,"href":"https:\/\/secureus.se\/de\/wp-json\/wp\/v2\/product_cat?post=155666"},{"taxonomy":"product_tag","embeddable":true,"href":"https:\/\/secureus.se\/de\/wp-json\/wp\/v2\/product_tag?post=155666"}],"curies":[{"name":"wp","href":"https:\/\/api.w.org\/{rel}","templated":true}]}}